{"id":12432,"date":"2025-09-17T13:44:27","date_gmt":"2025-09-17T11:44:27","guid":{"rendered":"https:\/\/boreait.com\/hu\/?post_type=product&#038;p=12432"},"modified":"2025-09-17T13:46:02","modified_gmt":"2025-09-17T11:46:02","slug":"125-huvelykes-laptop-lcd-kepernyo-lp125wf4-spb1-hb125wx1-201-b125xtn02-0-dell-latitude-e7240-e7250-e5240-e5250-30-tus-edp","status":"publish","type":"product","link":"https:\/\/boreait.com\/hu\/termek\/125-huvelykes-laptop-lcd-kepernyo-lp125wf4-spb1-hb125wx1-201-b125xtn02-0-dell-latitude-e7240-e7250-e5240-e5250-30-tus-edp\/","title":{"rendered":"12,5 h\u00fcvelykes laptop LCD k\u00e9perny\u0151 LP125WF4 SPB1 HB125WX1-201 B125XTN02.0 Dell Latitude E7240 E7250 E5240 E5250 30 t\u0171s eDP"},"content":{"rendered":"<p data-start=\"604\" data-end=\"945\">Friss\u00edtse laptopja kijelz\u0151j\u00e9t ezzel a pr\u00e9mium kateg\u00f3ri\u00e1s <strong data-start=\"650\" data-end=\"677\">12,5&#8243; HD laptop LCD k\u00e9perny\u0151vel<\/strong>, amelyet sz\u00e1mos Dell Latitude modell megb\u00edzhat\u00f3 helyettes\u00edt\u00e9s\u00e9re terveztek. Ez a k\u00e9perny\u0151 kompatibilis a k\u00f6vetkez\u0151 cikksz\u00e1mokkal: <strong data-start=\"7925\"6, data-end=\"7925\"6 data HB125WX1-201, HB125WX1-100 \u00e9s B125XTN02.0<\/strong>, \u00edgy t\u00f6k\u00e9letesen illeszkedik a Dell Latitude <strong data-start=\"900\" data-end=\"934\">E7240, E7250, E5240 \u00e9s E5250 laptopokhoz.<\/strong><\/p>\n<p data-start=\"947\" data-end=\"968\">\u2705 <strong data-start=\"949\" data-end=\"966\">F\u0151bb jellemz\u0151k:<\/strong><\/p>\n<ul data-start=\"969\" data-end=\"1238\">\n<li data-start=\"969\" data-end=\"1001\">\n<p data-start=\"971\" data-end=\"1001\">K\u00e9perny\u0151m\u00e9ret: <strong data-start=\"984\" data-end=\"999\">12,5 h\u00fcvelyk \/ HD\u00a0<\/strong><\/p>\n<\/li>\n<li data-start=\"1002\" data-end=\"1069\">\n<p data-start=\"1004\" data-end=\"1069\">Kompatibilis modellek: <strong data-start=\"1023\" data-end=\"1067\">Dell Latitude E7240, E7250, E5240, E5250<\/strong><\/p>\n<\/li>\n<li data-start=\"1070\" data-end=\"1148\">\n<p data-start=\"1072\" data-end=\"1148\">Alkatr\u00e9szsz\u00e1mok: <strong data-start=\"1086\" data-end=\"1146\">LP125WF4 (SPB1), HB125WX1-201, HB125WX1-100, B125X0\/p><\/p>\n<\/li>\n<li data-start=\"1149\" data-end=\"1178\">\n<p data-start=\"1151\" data-end=\"1178\">Csatlakoz\u00f3: <strong data-start=\"1162\" data-end=\"1176\">30 t\u0171s eDP<\/strong><\/p>\n<\/li>\n<li data-start=\"1179\" data-end=\"1207\">\n<p data-start=\"1181\" data-end=\"1207\">\u00c1llapot: <strong>Haszn\u00e1lt (100%-ban m\u0171k\u00f6dik, n\u00e9zd meg a k\u00e9peket)<\/strong><\/p>\n<\/li>\n<li data-start=\"1208\" data-end=\"1238\">\n<p data-start=\"1210\" data-end=\"1238\">Kateg\u00f3ria: <strong data-start=\"1220\" data-end=\"1236\">Laptop alkatr\u00e9szek<\/strong><\/p>\n<\/li>\n<\/ul>\n<p data-start=\"1240\" data-end=\"1363\">Ez a k\u00e9perny\u0151 kiv\u00e1l\u00f3 f\u00e9nyer\u0151t, \u00e9les l\u00e1tv\u00e1nyt \u00e9s z\u00f6kken\u0151mentes teljes\u00edtm\u00e9nyt k\u00edn\u00e1l, \u00edgy a laptop \u00fagy m\u0171k\u00f6dik, mint \u00fajkor\u00e1ban.<\/p>\n<p data-start=\"1365\" data-end=\"1387\">\ud83d\udce6 <strong data-start=\"1368\" data-end=\"1385\">Amit kapsz:<\/strong><\/p>\n<ul data-start=\"1388\" data-end=\"1520\">\n<li data-start=\"1388\" data-end=\"1432\">\n<p data-start=\"1390\" data-end=\"1432\">1 x eredeti 12,5&#8243;-es LCD cserek\u00e9perny\u0151<\/p>\n<\/li>\n<li data-start=\"1433\" data-end=\"1520\">\n<p data-start=\"1435\" data-end=\"1520\">Val\u00f3di fot\u00f3k jelennek meg a list\u00e1ban \u2013 a k\u00e9pen l\u00e1that\u00f3 pontos r\u00e9szt kapja meg.<\/p>\n<\/li>\n<\/ul>\n<p data-start=\"1522\" data-end=\"1649\">\ud83d\udca1 <strong data-start=\"1525\" data-end=\"1534\">Megjegyz\u00e9s:<\/strong> A telep\u00edt\u00e9si utas\u00edt\u00e1sokat nem tartalmazza, de ha tov\u00e1bbi \u00fatmutat\u00e1sra van sz\u00fcks\u00e9ge, seg\u00edts\u00e9g\u00e9rt k\u00fcldj\u00f6n \u00fczenetet.<\/p>\n<p data-start=\"1651\" data-end=\"1814\">Ak\u00e1r a r\u00e9gi k\u00e9perny\u0151 megrepedt, ak\u00e1r hom\u00e1lyos, ak\u00e1r megjelen\u00edt\u00e9si probl\u00e9m\u00e1kat mutat, ez a kiv\u00e1l\u00f3 min\u0151s\u00e9g\u0171 <strong data-start=\"1737\" data-end=\"1752\">laptop alkatr\u00e9sz<\/strong> ide\u00e1lis megold\u00e1s eszk\u00f6ze teljes\u00edtm\u00e9ny\u00e9nek vissza\u00e1ll\u00edt\u00e1s\u00e1ra.<\/p>\n","protected":false},"excerpt":{"rendered":"<p>Kiv\u00e1l\u00f3 min\u0151s\u00e9g\u0171, 12,5 h\u00fcvelykes csere laptop LCD-k\u00e9perny\u0151, amely kompatibilis a Dell Latitude E7240, E7250, E5240 \u00e9s E5250 szabv\u00e1nyokkal. 30 t\u0171s eDP csatlakoz\u00f3val rendelkezik az \u00e9les megjelen\u00edt\u00e9s \u00e9rdek\u00e9ben.<\/p>\n","protected":false},"featured_media":12494,"template":"","meta":[],"product_brand":[],"product_cat":[67,21],"product_tag":[],"class_list":{"0":"post-12432","1":"product","2":"type-product","3":"status-publish","4":"has-post-thumbnail","6":"product_cat-12-5","7":"product_cat-laptop-screens-lcd-panels","9":"first","10":"instock","11":"taxable","12":"shipping-taxable","13":"purchasable","14":"product-type-simple"},"_links":{"self":[{"href":"https:\/\/boreait.com\/hu\/wp-json\/wp\/v2\/product\/12432","targetHints":{"allow":["GET"]}}],"collection":[{"href":"https:\/\/boreait.com\/hu\/wp-json\/wp\/v2\/product"}],"about":[{"href":"https:\/\/boreait.com\/hu\/wp-json\/wp\/v2\/types\/product"}],"wp:featuredmedia":[{"embeddable":true,"href":"https:\/\/boreait.com\/hu\/wp-json\/wp\/v2\/media\/12494"}],"wp:attachment":[{"href":"https:\/\/boreait.com\/hu\/wp-json\/wp\/v2\/media?parent=12432"}],"wp:term":[{"taxonomy":"product_brand","embeddable":true,"href":"https:\/\/boreait.com\/hu\/wp-json\/wp\/v2\/product_brand?post=12432"},{"taxonomy":"product_cat","embeddable":true,"href":"https:\/\/boreait.com\/hu\/wp-json\/wp\/v2\/product_cat?post=12432"},{"taxonomy":"product_tag","embeddable":true,"href":"https:\/\/boreait.com\/hu\/wp-json\/wp\/v2\/product_tag?post=12432"}],"curies":[{"name":"wp","href":"https:\/\/api.w.org\/{rel}","templated":true}]}}