{"id":12431,"date":"2025-09-17T13:44:27","date_gmt":"2025-09-17T11:44:27","guid":{"rendered":"https:\/\/boreait.com\/hu\/?post_type=product&#038;p=12431"},"modified":"2026-02-09T13:04:54","modified_gmt":"2026-02-09T12:04:54","slug":"hp-intel-8260ngw-ketsavos-vezetek-nelkuli-ac-wifi-bluetooth-4-0-kartya-806721-001-laptop-alkatreszek","status":"publish","type":"product","link":"https:\/\/boreait.com\/hu\/termek\/hp-intel-8260ngw-ketsavos-vezetek-nelkuli-ac-wifi-bluetooth-4-0-kartya-806721-001-laptop-alkatreszek\/","title":{"rendered":"HP Intel 8260NGW k\u00e9ts\u00e1vos vezet\u00e9k n\u00e9lk\u00fcli AC WiFi Bluetooth 4.0 k\u00e1rtya 806721-001 laptop alkatr\u00e9szek"},"content":{"rendered":"<p data-start=\"634\" data-end=\"926\">Ez a <strong data-start=\"639\" data-end=\"715\">HP Intel Dual Band Wireless-AC Bluetooth 4.0 k\u00e1rtya (8260NGW \/ 806721-001)<\/strong> egy eredeti cserealkatr\u00e9sz, amelyet a laptopok csatlakoztathat\u00f3s\u00e1g\u00e1nak helyre\u00e1ll\u00edt\u00e1s\u00e1ra vagy friss\u00edt\u00e9s\u00e9re terveztek. Megb\u00edzhat\u00f3, nagy sebess\u00e9g\u0171 Wi-Fi- \u00e9s Bluetooth-teljes\u00edtm\u00e9nyt k\u00edn\u00e1lva z\u00f6kken\u0151mentes b\u00f6ng\u00e9sz\u00e9st, streamel\u00e9st \u00e9s eszk\u00f6zp\u00e1ros\u00edt\u00e1st biztos\u00edt.<\/p>\n<p data-start=\"928\" data-end=\"947\"><strong data-start=\"928\" data-end=\"945\">F\u0151bb jellemz\u0151k:<\/strong><\/p>\n<ul data-start=\"948\" data-end=\"1199\">\n<li data-start=\"948\" data-end=\"994\">\n<p data-start=\"950\" data-end=\"994\">Modell: Intel Dual Band Wireless-AC 8260NGW<\/p>\n<\/li>\n<li data-start=\"995\" data-end=\"1025\">\n<p data-start=\"997\" data-end=\"1025\">HP cikksz\u00e1m: 806721-001<\/p>\n<\/li>\n<li data-start=\"1026\" data-end=\"1092\">\n<p data-start=\"1028\" data-end=\"1092\">K\u00e9ts\u00e1vos WiFi: 2,4 GHz \u00e9s 5 GHz a gyorsabb, stabil kapcsolatok\u00e9rt<\/p>\n<\/li>\n<li data-start=\"1093\" data-end=\"1146\">\n<p data-start=\"1095\" data-end=\"1146\">Bluetooth 4.0 t\u00e1mogat\u00e1s a z\u00f6kken\u0151mentes eszk\u00f6zp\u00e1ros\u00edt\u00e1shoz<\/p>\n<\/li>\n<li data-start=\"1147\" data-end=\"1199\">\n<p data-start=\"1149\" data-end=\"1199\">Kompakt M.2-es m\u00e9ret, HP laptopokhoz tervezve<\/p>\n<\/li>\n<\/ul>\n<p data-start=\"1201\" data-end=\"1228\"><strong data-start=\"1201\" data-end=\"1226\">Mi\u00e9rt v\u00e1lassza ezt a r\u00e9szt?<\/strong><\/p>\n<ul data-start=\"1229\" data-end=\"1402\">\n<li data-start=\"1229\" data-end=\"1260\">\n<p data-start=\"1231\" data-end=\"1260\">100%-ban eredeti HP laptop alkatr\u00e9sz<\/p>\n<\/li>\n<li data-start=\"1261\" data-end=\"1309\">\n<p data-start=\"1263\" data-end=\"1309\">Val\u00f3di fot\u00f3k arr\u00f3l a r\u00e9szr\u0151l, amelyet pontosan kapsz<\/p>\n<\/li>\n<li data-start=\"1310\" data-end=\"1343\">\n<p data-start=\"1312\" data-end=\"1343\">Tesztelve, \u00e9s garant\u00e1ltan m\u0171k\u00f6dik<\/p>\n<\/li>\n<li data-start=\"1344\" data-end=\"1402\">\n<p data-start=\"1346\" data-end=\"1402\">Ide\u00e1lis csere a hib\u00e1s vagy hi\u00e1nyz\u00f3 vezet\u00e9k n\u00e9lk\u00fcli k\u00e1rty\u00e1khoz<\/p>\n<\/li>\n<\/ul>\n<p data-start=\"1404\" data-end=\"1575\">Ez a k\u00e1rtya a HP laptopok sz\u00e9les sk\u00e1l\u00e1j\u00e1val kompatibilis, \u00e9s t\u00f6k\u00e9letes a teljes vezet\u00e9k n\u00e9lk\u00fcli funkcionalit\u00e1s helyre\u00e1ll\u00edt\u00e1s\u00e1hoz. K\u00e9rj\u00fck, v\u00e1s\u00e1rl\u00e1s el\u0151tt ellen\u0151rizze az eszk\u00f6z kompatibilit\u00e1s\u00e1t.<\/p>\n<p data-start=\"1577\" data-end=\"1671\">Ha seg\u00edts\u00e9gre van sz\u00fcks\u00e9ge a laptop megfelel\u0151 alkatr\u00e9szeinek kiv\u00e1laszt\u00e1s\u00e1hoz, vagy k\u00e9rd\u00e9sei vannak, \u00edrjon nek\u00fcnk \u00fczenetet.<\/p>\n","protected":false},"excerpt":{"rendered":"<p>Friss\u00edtse HP laptopj\u00e1t az Intel Dual Band Wireless-AC 8260NGW k\u00e1rty\u00e1val (806721-001). \u00c9lvezze a gyors WiFi sebess\u00e9get, a stabil kapcsolatot \u00e9s a be\u00e9p\u00edtett Bluetooth 4.0-t a z\u00f6kken\u0151mentes teljes\u00edtm\u00e9ny \u00e9rdek\u00e9ben.<\/p>\n","protected":false},"featured_media":12493,"template":"","meta":[],"product_brand":[],"product_cat":[27],"product_tag":[25],"class_list":{"0":"post-12431","1":"product","2":"type-product","3":"status-publish","4":"has-post-thumbnail","6":"product_cat-motherboards-board-parts","7":"product_tag-hp","9":"first","10":"instock","11":"taxable","12":"shipping-taxable","13":"purchasable","14":"product-type-simple"},"_links":{"self":[{"href":"https:\/\/boreait.com\/hu\/wp-json\/wp\/v2\/product\/12431","targetHints":{"allow":["GET"]}}],"collection":[{"href":"https:\/\/boreait.com\/hu\/wp-json\/wp\/v2\/product"}],"about":[{"href":"https:\/\/boreait.com\/hu\/wp-json\/wp\/v2\/types\/product"}],"wp:featuredmedia":[{"embeddable":true,"href":"https:\/\/boreait.com\/hu\/wp-json\/wp\/v2\/media\/12493"}],"wp:attachment":[{"href":"https:\/\/boreait.com\/hu\/wp-json\/wp\/v2\/media?parent=12431"}],"wp:term":[{"taxonomy":"product_brand","embeddable":true,"href":"https:\/\/boreait.com\/hu\/wp-json\/wp\/v2\/product_brand?post=12431"},{"taxonomy":"product_cat","embeddable":true,"href":"https:\/\/boreait.com\/hu\/wp-json\/wp\/v2\/product_cat?post=12431"},{"taxonomy":"product_tag","embeddable":true,"href":"https:\/\/boreait.com\/hu\/wp-json\/wp\/v2\/product_tag?post=12431"}],"curies":[{"name":"wp","href":"https:\/\/api.w.org\/{rel}","templated":true}]}}