{"id":12430,"date":"2025-09-17T13:44:27","date_gmt":"2025-09-17T11:44:27","guid":{"rendered":"https:\/\/boreait.com\/hu\/?post_type=product&#038;p=12430"},"modified":"2025-09-17T13:45:55","modified_gmt":"2025-09-17T11:45:55","slug":"hp-elitebook-820-g3-csuklotamasz-erintopad-nelkul-821692-001-125-hasznalt-laptop-alkatreszek","status":"publish","type":"product","link":"https:\/\/boreait.com\/hu\/termek\/hp-elitebook-820-g3-csuklotamasz-erintopad-nelkul-821692-001-125-hasznalt-laptop-alkatreszek\/","title":{"rendered":"HP EliteBook 820 G3 csukl\u00f3t\u00e1masz \u00e9rint\u0151pad n\u00e9lk\u00fcl 821692-001 12,5&#8243; Haszn\u00e1lt laptop alkatr\u00e9szek"},"content":{"rendered":"<p>Ez egy eredeti HP EliteBook 820 G3 csukl\u00f3t\u00e1masz-szerelv\u00e9ny, cikksz\u00e1ma 821692-001 \u00e9s 6070B0886101. A 12,5 h\u00fcvelykes EliteBook 820 G3-hoz tervezett cserealkatr\u00e9sz egy eredeti HP laptop alkatr\u00e9sz, \u00edgy t\u00f6k\u00e9letes v\u00e1laszt\u00e1s eszk\u00f6ze funkcionalit\u00e1s\u00e1nak \u00e9s professzion\u00e1lis megjelen\u00e9s\u00e9nek helyre\u00e1ll\u00edt\u00e1s\u00e1hoz.<\/p>\n<p>\u2705 **\u00c1llapot:** Haszn\u00e1lt, tesztelt \u00e9s teljesen m\u0171k\u00f6d\u0151k\u00e9pes.<\/p>\n<p>\u2705 **Kompatibilit\u00e1s:** HP EliteBook 820 G3 (12,5&#8243;).<\/p>\n<p>\u2705 **Alkatr\u00e9szsz\u00e1mok:** 821692-001, 6070B0886101.<\/p>\n<p>\u2705 **Tartalmazza:** Csukl\u00f3t\u00e1masz h\u00e1z<\/p>\n<p>Ak\u00e1r a jelenlegi csukl\u00f3t\u00e1masz megrepedt, ak\u00e1r elhaszn\u00e1l\u00f3dott, vagy m\u00e1r nem reag\u00e1l, ez az alkatr\u00e9sz megb\u00edzhat\u00f3 csere. Ez egy hiteles HP alkatr\u00e9sz, nem egy harmadik f\u00e9lt\u0151l sz\u00e1rmaz\u00f3 m\u00e1solat, amely biztos\u00edtja a megfelel\u0151 illeszked\u00e9st \u00e9s tart\u00f3ss\u00e1got.<\/p>\n<p>\ud83d\udcf8 **A megjelen\u00edtett fot\u00f3k val\u00f3s k\u00e9pek a kapott \u00e1rur\u00f3l.**<\/p>\n<p>\u2139\ufe0f **Megjegyz\u00e9s:** A telep\u00edt\u00e9si utas\u00edt\u00e1sokat nem tartalmazza. Ha seg\u00edts\u00e9gre van sz\u00fcks\u00e9ge a kompatibilit\u00e1s azonos\u00edt\u00e1s\u00e1hoz, vagy b\u00e1rmilyen k\u00e9rd\u00e9se van, \u00edrjon nek\u00fcnk \u00fczenetet.<\/p>\n<p>Friss\u00edtse \u00e9s jav\u00edtsa EliteBook-j\u00e1t a Siggmo min\u0151s\u00e9gi laptop-alkatr\u00e9szeivel \u2013 biztons\u00e1gosan sz\u00e1ll\u00edtjuk Eur\u00f3pa-szerte \u00e9s vil\u00e1gszerte.<\/p>\n","protected":false},"excerpt":{"rendered":"<p>Eredeti HP EliteBook 820 G3 12,5&#8243;-es csukl\u00f3t\u00e1masz (cikksz\u00e1m: 821692-001 \/ 6070B0886101). Ez a haszn\u00e1lt eredeti alkatr\u00e9sz tesztelt, j\u00f3 \u00e1llapotban van, ide\u00e1lis a laptop s\u00e9r\u00fclt vagy elhaszn\u00e1l\u00f3dott csukl\u00f3t\u00e1masz\u00e1nak cser\u00e9j\u00e9hez.<\/p>\n","protected":false},"featured_media":12491,"template":"","meta":[],"product_brand":[],"product_cat":[16],"product_tag":[],"class_list":{"0":"post-12430","1":"product","2":"type-product","3":"status-publish","4":"has-post-thumbnail","6":"product_cat-laptop-housing","8":"first","9":"instock","10":"taxable","11":"shipping-taxable","12":"purchasable","13":"product-type-simple"},"_links":{"self":[{"href":"https:\/\/boreait.com\/hu\/wp-json\/wp\/v2\/product\/12430","targetHints":{"allow":["GET"]}}],"collection":[{"href":"https:\/\/boreait.com\/hu\/wp-json\/wp\/v2\/product"}],"about":[{"href":"https:\/\/boreait.com\/hu\/wp-json\/wp\/v2\/types\/product"}],"wp:featuredmedia":[{"embeddable":true,"href":"https:\/\/boreait.com\/hu\/wp-json\/wp\/v2\/media\/12491"}],"wp:attachment":[{"href":"https:\/\/boreait.com\/hu\/wp-json\/wp\/v2\/media?parent=12430"}],"wp:term":[{"taxonomy":"product_brand","embeddable":true,"href":"https:\/\/boreait.com\/hu\/wp-json\/wp\/v2\/product_brand?post=12430"},{"taxonomy":"product_cat","embeddable":true,"href":"https:\/\/boreait.com\/hu\/wp-json\/wp\/v2\/product_cat?post=12430"},{"taxonomy":"product_tag","embeddable":true,"href":"https:\/\/boreait.com\/hu\/wp-json\/wp\/v2\/product_tag?post=12430"}],"curies":[{"name":"wp","href":"https:\/\/api.w.org\/{rel}","templated":true}]}}