{"id":12429,"date":"2025-09-17T13:44:27","date_gmt":"2025-09-17T11:44:27","guid":{"rendered":"https:\/\/boreait.com\/hu\/?post_type=product&#038;p=12429"},"modified":"2025-09-17T13:45:51","modified_gmt":"2025-09-17T11:45:51","slug":"hp-elitebook-820-g3-also-borito-l4q17av-eredeti-laptop-alkatreszek-hasznalt","status":"publish","type":"product","link":"https:\/\/boreait.com\/hu\/termek\/hp-elitebook-820-g3-also-borito-l4q17av-eredeti-laptop-alkatreszek-hasznalt\/","title":{"rendered":"HP EliteBook 820 G3 als\u00f3 bor\u00edt\u00f3 L4Q17AV | Eredeti laptop alkatr\u00e9szek \u2013 haszn\u00e1lt"},"content":{"rendered":"<p data-start=\"556\" data-end=\"747\">Ez egy <strong data-start=\"566\" data-end=\"632\">eredeti HP EliteBook 820 G3 als\u00f3 bor\u00edt\u00f3 (cikksz\u00e1m: L4Q17AV)<\/strong>. Ez egy <strong data-start=\"642\" data-end=\"664\">haszn\u00e1lt eredeti alkatr\u00e9sz<\/strong>, j\u00f3 \u00e1llapot\u00fa, gondosan tesztelt\u00e9k \u00e9s ellen\u0151rizt\u00e9k a megb\u00edzhat\u00f3s\u00e1g \u00e9rdek\u00e9ben.<\/p>\n<p data-start=\"749\" data-end=\"913\">Ha a jelenlegi als\u00f3 burkolat megrepedt, t\u00f6r\u00f6tt vagy hi\u00e1nyzik, ez a csere k\u00f6lts\u00e9ghat\u00e9kony m\u00f3dja a laptop v\u00e9delm\u00e9nek, h\u0171t\u00e9s\u00e9nek \u00e9s stabilit\u00e1s\u00e1nak vissza\u00e1ll\u00edt\u00e1s\u00e1nak.<\/p>\n<p data-start=\"915\" data-end=\"939\">\u2705 <strong data-start=\"917\" data-end=\"937\">Term\u00e9k r\u00e9szletei:<\/strong><\/p>\n<ul data-start=\"940\" data-end=\"1217\">\n<li data-start=\"940\" data-end=\"984\">\n<p data-start=\"942\" data-end=\"984\">Modell kompatibilit\u00e1s: HP EliteBook 820 G3<\/p>\n<\/li>\n<li data-start=\"985\" data-end=\"1009\">\n<p data-start=\"987\" data-end=\"1009\">Alkatr\u00e9szsz\u00e1m: L4Q17AV<\/p>\n<\/li>\n<li data-start=\"1010\" data-end=\"1047\">\n<p data-start=\"1012\" data-end=\"1047\">\u00c1llapot: Haszn\u00e1lt, eredeti HP alkatr\u00e9sz<\/p>\n<\/li>\n<li data-start=\"1048\" data-end=\"1145\">\n<p data-start=\"1050\" data-end=\"1145\">Funkci\u00f3: v\u00e9di a bels\u0151 alkatr\u00e9szeket, biztos\u00edtja a szell\u0151z\u00e9st \u00e9s meg\u0151rzi a laptop tart\u00f3ss\u00e1g\u00e1t<\/p>\n<\/li>\n<li data-start=\"1146\" data-end=\"1217\">\n<p data-start=\"1148\" data-end=\"1217\">A megjelen\u00edtett fot\u00f3k <strong data-start=\"1165\" data-end=\"1215\">val\u00f3di k\u00e9pek a pontos alkatr\u00e9szr\u0151l<\/strong><\/p>\n<\/li>\n<\/ul>\n<p data-start=\"1219\" data-end=\"1358\">\ud83d\udca1 K\u00e9rj\u00fck, vegye figyelembe: ez az adatlap nem tartalmazza a telep\u00edt\u00e9si utas\u00edt\u00e1sokat. Ha seg\u00edts\u00e9gre van sz\u00fcks\u00e9ge, b\u00e1tran \u00edrjon nek\u00fcnk \u00fatmutat\u00e1s\u00e9rt.<\/p>\n<p data-start=\"1360\" data-end=\"1515\">Ez a csere als\u00f3 bor\u00edt\u00f3 kiv\u00e1l\u00f3 v\u00e1laszt\u00e1s mindazok sz\u00e1m\u00e1ra, akik szeretn\u00e9nek EliteBook 820 G3-at j\u00f3 \u00e1llapotban tartani <strong data-start=\"1486\" data-end=\"1512\">azonos laptop-alkatr\u00e9szekkel<\/strong>.<\/p>\n","protected":false},"excerpt":{"rendered":"<p>Eredeti HP EliteBook 820 G3 als\u00f3 bor\u00edt\u00f3 (cikksz\u00e1m L4Q17AV), haszn\u00e1lt, de teljesen m\u0171k\u00f6d\u0151k\u00e9pes. Ide\u00e1lis laptop cserealkatr\u00e9sz az eszk\u00f6z v\u00e9delm\u00e9nek \u00e9s stabilit\u00e1s\u00e1nak helyre\u00e1ll\u00edt\u00e1s\u00e1hoz.<\/p>\n","protected":false},"featured_media":12489,"template":"","meta":[],"product_brand":[],"product_cat":[16],"product_tag":[],"class_list":{"0":"post-12429","1":"product","2":"type-product","3":"status-publish","4":"has-post-thumbnail","6":"product_cat-laptop-housing","8":"first","9":"instock","10":"taxable","11":"shipping-taxable","12":"purchasable","13":"product-type-simple"},"_links":{"self":[{"href":"https:\/\/boreait.com\/hu\/wp-json\/wp\/v2\/product\/12429","targetHints":{"allow":["GET"]}}],"collection":[{"href":"https:\/\/boreait.com\/hu\/wp-json\/wp\/v2\/product"}],"about":[{"href":"https:\/\/boreait.com\/hu\/wp-json\/wp\/v2\/types\/product"}],"wp:featuredmedia":[{"embeddable":true,"href":"https:\/\/boreait.com\/hu\/wp-json\/wp\/v2\/media\/12489"}],"wp:attachment":[{"href":"https:\/\/boreait.com\/hu\/wp-json\/wp\/v2\/media?parent=12429"}],"wp:term":[{"taxonomy":"product_brand","embeddable":true,"href":"https:\/\/boreait.com\/hu\/wp-json\/wp\/v2\/product_brand?post=12429"},{"taxonomy":"product_cat","embeddable":true,"href":"https:\/\/boreait.com\/hu\/wp-json\/wp\/v2\/product_cat?post=12429"},{"taxonomy":"product_tag","embeddable":true,"href":"https:\/\/boreait.com\/hu\/wp-json\/wp\/v2\/product_tag?post=12429"}],"curies":[{"name":"wp","href":"https:\/\/api.w.org\/{rel}","templated":true}]}}