{"id":12415,"date":"2025-09-17T13:44:05","date_gmt":"2025-09-17T11:44:05","guid":{"rendered":"https:\/\/boreait.com\/hu\/?post_type=product&#038;p=12415"},"modified":"2025-09-17T13:45:30","modified_gmt":"2025-09-17T11:45:30","slug":"acer-aspire-huadd0zaalc012-huadd0zaalc001-huadd0zaalc011-flex-kabel-laptop-alkatreszek","status":"publish","type":"product","link":"https:\/\/boreait.com\/hu\/termek\/acer-aspire-huadd0zaalc012-huadd0zaalc001-huadd0zaalc011-flex-kabel-laptop-alkatreszek\/","title":{"rendered":"Acer Aspire HUADD0ZAALC012 HUADD0ZAALC001 HUADD0ZAALC011 Flex k\u00e1bel laptop alkatr\u00e9szek"},"content":{"rendered":"<p data-start=\"570\" data-end=\"920\">Megb\u00edzhat\u00f3 csere-<strong data-start=\"605\" data-end=\"647\">flex k\u00e1belt keres Acer Aspire laptopj\u00e1hoz<\/strong>?<br data-start=\"648\" data-end=\"651\" \/>Ez a kiv\u00e1l\u00f3 min\u0151s\u00e9g\u0171 k\u00e1bel kompatibilis a k\u00f6vetkez\u0151 alkatr\u00e9szsz\u00e1mokkal: <strong data-start=\"2\"2\"2\" data-end=\"776\">HUADD0ZAALC012, HUADD0ZAALC001 \u00e9s HUADD0ZAALC011<\/strong>. \u00dagy tervezt\u00e9k, hogy vissza\u00e1ll\u00edtsa a z\u00f6kken\u0151mentes \u00e9s stabil kapcsolatot a laptop alaplapja \u00e9s a kijelz\u0151 k\u00f6z\u00f6tt, biztos\u00edtva a megfelel\u0151 k\u00e9perny\u0151funkci\u00f3kat.<\/p>\n<p data-start=\"922\" data-end=\"943\">\ud83d\udcbb <strong data-start=\"925\" data-end=\"941\">F\u0151bb r\u00e9szletek:<\/strong><\/p>\n<ul data-start=\"944\" data-end=\"1235\">\n<li data-start=\"944\" data-end=\"1035\">\n<p data-start=\"946\" data-end=\"1035\">Kompatibilis a HUADD0ZAALC012, HUADD0ZAALC001, HUADD0ZAALC011 t\u00edpus\u00fa Acer Aspire modellekkel<\/p>\n<\/li>\n<li data-start=\"1036\" data-end=\"1094\">\n<p data-start=\"1038\" data-end=\"1094\">Eredeti csere <strong data-start=\"1058\" data-end=\"1073\">laptop alkatr\u00e9sz<\/strong> min\u0151s\u00e9gi tesztel\u00e9se<\/p>\n<\/li>\n<li data-start=\"1095\" data-end=\"1174\">\n<p data-start=\"1097\" data-end=\"1174\">Elengedhetetlen a s\u00e9r\u00fclt vagy hib\u00e1s hajl\u00e9kony k\u00e1belek \u00e1ltal okozott megjelen\u00edt\u00e9si probl\u00e9m\u00e1k megold\u00e1s\u00e1hoz<\/p>\n<\/li>\n<li data-start=\"1175\" data-end=\"1235\">\n<p data-start=\"1177\" data-end=\"1235\">Ide\u00e1lis professzion\u00e1lis jav\u00edt\u00e1sokhoz vagy bark\u00e1csolt laptop karbantart\u00e1shoz<\/p>\n<\/li>\n<\/ul>\n<p data-start=\"1237\" data-end=\"1505\">\ud83d\udd0e <strong data-start=\"1240\" data-end=\"1265\">Mi\u00e9rt v\u00e1lassza ezt az alkatr\u00e9szt?<\/strong><br data-start=\"1265\" data-end=\"1268\" \/>A flexibilis k\u00e1belek gyakran elhaszn\u00e1l\u00f3dnak a k\u00e9perny\u0151 gyakori kiny\u00edl\u00e1s\u00e1hoz \u00e9s bez\u00e1r\u00e1s\u00e1hoz, a k\u00e9ptorzul\u00e1shoz, a k\u00e9ptorzul\u00e1shoz, a k\u00e9ptorzul\u00e1shoz vezet. Ha a hib\u00e1s k\u00e1belt erre az eredeti Acer Aspire alkatr\u00e9szre cser\u00e9li, akkor \u00fajra \u00e9letre keltheti laptopj\u00e1t.<\/p>\n<p data-start=\"1507\" data-end=\"1622\">\ud83d\udcf8 <strong data-start=\"1510\" data-end=\"1519\">Megjegyz\u00e9s:<\/strong> Az ezen a list\u00e1n szerepl\u0151 fot\u00f3k val\u00f3s k\u00e9pek arr\u00f3l, hogy pontosan melyik alkatr\u00e9szt kapja meg. Nem haszn\u00e1lunk stock k\u00e9peket.<\/p>\n<p data-start=\"1624\" data-end=\"1790\">\ud83d\udee0\ufe0f <strong data-start=\"1628\" data-end=\"1645\">Telep\u00edt\u00e9s:<\/strong> Ez az adatlap nem tartalmaz cser\u00e9re vonatkoz\u00f3 utas\u00edt\u00e1sokat, de ha \u00fatmutat\u00e1sra van sz\u00fcks\u00e9ge, k\u00fcldj\u00f6n nek\u00fcnk \u00fczenetet, \u00e9s \u00f6r\u00f6mmel seg\u00edt\u00fcnk.<\/p>\n<p data-start=\"1792\" data-end=\"1914\">Ez a flexibilis k\u00e1bel megb\u00edzhat\u00f3 v\u00e1laszt\u00e1s mindenkinek, akinek min\u0151s\u00e9gi <strong data-start=\"1861\" data-end=\"1877\">laptop alkatr\u00e9szekre<\/strong> van sz\u00fcks\u00e9ge, \u00e9s vil\u00e1gszerte sz\u00e1ll\u00edthat\u00f3.<\/p>\n","protected":false},"excerpt":{"rendered":"<p>Eredeti Acer Aspire flex k\u00e1bel (HUADD0ZAALC012 \/ HUADD0ZAALC001 \/ HUADD0ZAALC011). Megb\u00edzhat\u00f3 cserealkatr\u00e9sz a laptop megfelel\u0151 kijelz\u0151kapcsolat\u00e1nak helyre\u00e1ll\u00edt\u00e1s\u00e1hoz.<\/p>\n","protected":false},"featured_media":12474,"template":"","meta":[],"product_brand":[],"product_cat":[20],"product_tag":[29],"class_list":{"0":"post-12415","1":"product","2":"type-product","3":"status-publish","4":"has-post-thumbnail","6":"product_cat-cables","7":"product_tag-acer","9":"first","10":"instock","11":"taxable","12":"shipping-taxable","13":"purchasable","14":"product-type-simple"},"_links":{"self":[{"href":"https:\/\/boreait.com\/hu\/wp-json\/wp\/v2\/product\/12415","targetHints":{"allow":["GET"]}}],"collection":[{"href":"https:\/\/boreait.com\/hu\/wp-json\/wp\/v2\/product"}],"about":[{"href":"https:\/\/boreait.com\/hu\/wp-json\/wp\/v2\/types\/product"}],"wp:featuredmedia":[{"embeddable":true,"href":"https:\/\/boreait.com\/hu\/wp-json\/wp\/v2\/media\/12474"}],"wp:attachment":[{"href":"https:\/\/boreait.com\/hu\/wp-json\/wp\/v2\/media?parent=12415"}],"wp:term":[{"taxonomy":"product_brand","embeddable":true,"href":"https:\/\/boreait.com\/hu\/wp-json\/wp\/v2\/product_brand?post=12415"},{"taxonomy":"product_cat","embeddable":true,"href":"https:\/\/boreait.com\/hu\/wp-json\/wp\/v2\/product_cat?post=12415"},{"taxonomy":"product_tag","embeddable":true,"href":"https:\/\/boreait.com\/hu\/wp-json\/wp\/v2\/product_tag?post=12415"}],"curies":[{"name":"wp","href":"https:\/\/api.w.org\/{rel}","templated":true}]}}