{"id":12411,"date":"2025-09-17T13:44:04","date_gmt":"2025-09-17T11:44:04","guid":{"rendered":"https:\/\/boreait.com\/hu\/?post_type=product&#038;p=12411"},"modified":"2025-09-17T13:45:18","modified_gmt":"2025-09-17T11:45:18","slug":"microsoft-surface-pro-4-1724-hangszoropar-x933421-004","status":"publish","type":"product","link":"https:\/\/boreait.com\/hu\/termek\/microsoft-surface-pro-4-1724-hangszoropar-x933421-004\/","title":{"rendered":"Microsoft Surface Pro 4 1724 hangsz\u00f3r\u00f3p\u00e1r | X933421-004"},"content":{"rendered":"<p data-start=\"559\" data-end=\"862\">Friss\u00edtse vagy jav\u00edtsa meg Microsoft Surface Pro 4-et (1724-es modell) ezzel az <strong data-start=\"629\" data-end=\"654\">eredeti hangsz\u00f3r\u00f3p\u00e1rral<\/strong>, amelyet kifejezetten a t\u00f6k\u00e9letes illeszked\u00e9s \u00e9s a tiszta hangz\u00e1s \u00e9rdek\u00e9ben terveztek. Ezek a hangsz\u00f3r\u00f3k eredeti, eredeti Surface Pro 4-b\u0151l sz\u00e1rmaz\u00f3 laptop alkatr\u00e9szek, biztos\u00edtva a megb\u00edzhat\u00f3s\u00e1got \u00e9s az eszk\u00f6zzel val\u00f3 kompatibilit\u00e1st.<\/p>\n<p data-start=\"864\" data-end=\"1050\">Ak\u00e1r torz hangot adnak ki, ak\u00e1r halk a hanger\u0151, ak\u00e1r teljesen le\u00e1lltak a Surface Pro 4 hangsz\u00f3r\u00f3i, ez a cserek\u00e9szlet visszaadja az \u00d6n \u00e1ltal elv\u00e1rt \u00e9les hang\u00e9lm\u00e9nyt.<\/p>\n<h3 data-start=\"1052\" data-end=\"1069\">F\u0151bb jellemz\u0151k:<\/h3>\n<ul data-start=\"1070\" data-end=\"1367\">\n<li data-start=\"1070\" data-end=\"1126\">\n<p data-start=\"1072\" data-end=\"1126\"><strong data-start=\"1072\" data-end=\"1093\">Kompatibilis modell:<\/strong> Microsoft Surface Pro 4 (1724)<\/p>\n<\/li>\n<li data-start=\"1127\" data-end=\"1193\">\n<p data-start=\"1129\" data-end=\"1193\"><strong data-start=\"1129\" data-end=\"1143\">\u00c1llapot:<\/strong> Eredeti, teljesen tesztelt \u00e9s m\u0171k\u00f6d\u0151 laptop alkatr\u00e9szek<\/p>\n<\/li>\n<li data-start=\"1194\" data-end=\"1242\">\n<p data-start=\"1196\" data-end=\"1242\"><strong data-start=\"1196\" data-end=\"1209\">Tartalmazza:<\/strong> Bal \u00e9s jobb hangsz\u00f3r\u00f3 (p\u00e1r)<\/p>\n<\/li>\n<li data-start=\"1243\" data-end=\"1303\">\n<p data-start=\"1245\" data-end=\"1303\"><strong data-start=\"1245\" data-end=\"1258\">Funkci\u00f3:<\/strong> Vissza\u00e1ll\u00edtja az eredeti hangtisztas\u00e1got \u00e9s hanger\u0151t<\/p>\n<\/li>\n<li data-start=\"1304\" data-end=\"1367\">\n<p data-start=\"1306\" data-end=\"1367\"><strong data-start=\"1306\" data-end=\"1317\">Fot\u00f3k:<\/strong> Val\u00f3di k\u00e9pek a pontos alkatr\u00e9szekr\u0151l, amelyeket kapni fog<\/p>\n<\/li>\n<\/ul>\n<p data-start=\"1369\" data-end=\"1520\">\ud83d\udca1 <strong data-start=\"1372\" data-end=\"1381\">Megjegyz\u00e9s:<\/strong> A telep\u00edt\u00e9si utas\u00edt\u00e1sokat nem tartalmazza. Ha seg\u00edts\u00e9gre van sz\u00fcks\u00e9ge a cser\u00e9vel kapcsolatban, b\u00e1tran \u00edrjon nek\u00fcnk, \u00e9s sz\u00edvesen seg\u00edt\u00fcnk.<\/p>\n","protected":false},"excerpt":{"rendered":"<p>Eredeti Microsoft Surface Pro 4 (1724-es modell) hangsz\u00f3r\u00f3k, t\u00f6k\u00e9letes cserealkatr\u00e9szek a laptop sz\u00e1m\u00e1ra a tiszta hangmin\u0151s\u00e9g helyre\u00e1ll\u00edt\u00e1s\u00e1hoz. Val\u00f3di term\u00e9kfot\u00f3k mell\u00e9kelve.<\/p>\n","protected":false},"featured_media":12469,"template":"","meta":[],"product_brand":[],"product_cat":[18],"product_tag":[94],"class_list":{"0":"post-12411","1":"product","2":"type-product","3":"status-publish","4":"has-post-thumbnail","6":"product_cat-laptop-speakers","7":"product_tag-microsoft","9":"first","10":"instock","11":"taxable","12":"shipping-taxable","13":"purchasable","14":"product-type-simple"},"_links":{"self":[{"href":"https:\/\/boreait.com\/hu\/wp-json\/wp\/v2\/product\/12411","targetHints":{"allow":["GET"]}}],"collection":[{"href":"https:\/\/boreait.com\/hu\/wp-json\/wp\/v2\/product"}],"about":[{"href":"https:\/\/boreait.com\/hu\/wp-json\/wp\/v2\/types\/product"}],"wp:featuredmedia":[{"embeddable":true,"href":"https:\/\/boreait.com\/hu\/wp-json\/wp\/v2\/media\/12469"}],"wp:attachment":[{"href":"https:\/\/boreait.com\/hu\/wp-json\/wp\/v2\/media?parent=12411"}],"wp:term":[{"taxonomy":"product_brand","embeddable":true,"href":"https:\/\/boreait.com\/hu\/wp-json\/wp\/v2\/product_brand?post=12411"},{"taxonomy":"product_cat","embeddable":true,"href":"https:\/\/boreait.com\/hu\/wp-json\/wp\/v2\/product_cat?post=12411"},{"taxonomy":"product_tag","embeddable":true,"href":"https:\/\/boreait.com\/hu\/wp-json\/wp\/v2\/product_tag?post=12411"}],"curies":[{"name":"wp","href":"https:\/\/api.w.org\/{rel}","templated":true}]}}