{"id":12410,"date":"2025-09-17T13:44:04","date_gmt":"2025-09-17T11:44:04","guid":{"rendered":"https:\/\/boreait.com\/hu\/?post_type=product&#038;p=12410"},"modified":"2025-09-17T13:45:15","modified_gmt":"2025-09-17T11:45:15","slug":"microsoft-surface-pro-4-1724-laptop-alkatreszeinek-elso-es-hatso-kamera-csereje","status":"publish","type":"product","link":"https:\/\/boreait.com\/hu\/termek\/microsoft-surface-pro-4-1724-laptop-alkatreszeinek-elso-es-hatso-kamera-csereje\/","title":{"rendered":"Microsoft Surface Pro 4 1724 laptop alkatr\u00e9szeinek els\u0151 \u00e9s h\u00e1ts\u00f3 kamera cser\u00e9je"},"content":{"rendered":"<p data-start=\"657\" data-end=\"950\">Friss\u00edtse vagy jav\u00edtsa Microsoft Surface Pro 4 k\u00e9sz\u00fcl\u00e9k\u00e9t ezzel az eredeti kamerak\u00e9szlettel, amelyet kifejezetten az <strong data-start=\"760\" data-end=\"774\">1724-es modellhez<\/strong> terveztek. Ez a csomag tartalmazza az <strong data-start=\"807\" data-end=\"839\">el\u00fcls\u0151 kamer\u00e1t \u00e9s a h\u00e1ts\u00f3 kamer\u00e1t<\/strong> is, \u00edgy t\u00f6k\u00e9letes megold\u00e1st jelent, ha az eszk\u00f6z kamer\u00e1i megs\u00e9r\u00fclnek, hib\u00e1sak vagy nem \u00fagy m\u0171k\u00f6dnek, ahogy kellene.<\/p>\n<p data-start=\"952\" data-end=\"1162\">Ezek <strong data-start=\"962\" data-end=\"997\">eredeti Microsoft laptop alkatr\u00e9szek<\/strong>, amelyeket gondosan teszteltek a teljes funkcionalit\u00e1s biztos\u00edt\u00e1sa \u00e9rdek\u00e9ben. Az ezen a list\u00e1n szerepl\u0151 fot\u00f3k val\u00f3di k\u00e9pek a t\u00e9nylegesen megkapott term\u00e9kekr\u0151l \u2013 sem stock k\u00e9pek, sem meglepet\u00e9sek.<\/p>\n<p data-start=\"1164\" data-end=\"1352\">\u2714 Kompatibilis a k\u00f6vetkez\u0151kkel: Microsoft Surface Pro 4 (1724)<br data-start=\"1213\" data-end=\"1216\" \/>\u2714 Tartalma: els\u0151 \u00e9s h\u00e1ts\u00f3 kameramodulok<br data-start=\"1257\", teszt0\" \/>: Eredeti, &#8222;1257&#8221; teszt0&#8243; \/> teljesen m\u0171k\u00f6d\u0151k\u00e9pes<br data-start=\"1311\" data-end=\"1314\" \/>\u2714 Ide\u00e1lis: Csere vagy jav\u00edt\u00e1s<\/p>\n<p data-start=\"1354\" data-end=\"1527\">K\u00e9rj\u00fck, vegye figyelembe: ez a lista nem tartalmazza a telep\u00edt\u00e9si utas\u00edt\u00e1sokat l\u00e9p\u00e9sr\u0151l l\u00e9p\u00e9sre. Ha seg\u00edts\u00e9gre van sz\u00fcks\u00e9ge a csere sor\u00e1n, nyugodtan \u00edrjon nek\u00fcnk, \u00e9s \u00fatmutat\u00e1st adunk.<\/p>\n<p data-start=\"1529\" data-end=\"1644\">Kezdje \u00fajra \u00e9letre Surface Pro 4 k\u00e9sz\u00fcl\u00e9k\u00e9t tiszta videoh\u00edv\u00e1sokkal \u00e9s \u00e9les f\u00e9nyk\u00e9pekkel, amelyekkel ezekkel az autentikus laptop-alkatr\u00e9szekkel rendelkezik.<\/p>\n","protected":false},"excerpt":{"rendered":"<p>Csere els\u0151 \u00e9s h\u00e1ts\u00f3 kamerak\u00e9szlet a Microsoft Surface Pro 4-hez (1724-es modell). 100%-ban eredeti laptop alkatr\u00e9szek, tesztelve \u00e9s beszerel\u00e9sre k\u00e9szen. A val\u00f3di f\u00e9nyk\u00e9pek pontosan megmutatj\u00e1k, mit kapsz.<\/p>\n","protected":false},"featured_media":12468,"template":"","meta":[],"product_brand":[],"product_cat":[23],"product_tag":[94],"class_list":{"0":"post-12410","1":"product","2":"type-product","3":"status-publish","4":"has-post-thumbnail","6":"product_cat-laptop-camera","7":"product_tag-microsoft","9":"first","10":"instock","11":"taxable","12":"shipping-taxable","13":"purchasable","14":"product-type-simple"},"_links":{"self":[{"href":"https:\/\/boreait.com\/hu\/wp-json\/wp\/v2\/product\/12410","targetHints":{"allow":["GET"]}}],"collection":[{"href":"https:\/\/boreait.com\/hu\/wp-json\/wp\/v2\/product"}],"about":[{"href":"https:\/\/boreait.com\/hu\/wp-json\/wp\/v2\/types\/product"}],"wp:featuredmedia":[{"embeddable":true,"href":"https:\/\/boreait.com\/hu\/wp-json\/wp\/v2\/media\/12468"}],"wp:attachment":[{"href":"https:\/\/boreait.com\/hu\/wp-json\/wp\/v2\/media?parent=12410"}],"wp:term":[{"taxonomy":"product_brand","embeddable":true,"href":"https:\/\/boreait.com\/hu\/wp-json\/wp\/v2\/product_brand?post=12410"},{"taxonomy":"product_cat","embeddable":true,"href":"https:\/\/boreait.com\/hu\/wp-json\/wp\/v2\/product_cat?post=12410"},{"taxonomy":"product_tag","embeddable":true,"href":"https:\/\/boreait.com\/hu\/wp-json\/wp\/v2\/product_tag?post=12410"}],"curies":[{"name":"wp","href":"https:\/\/api.w.org\/{rel}","templated":true}]}}