{"id":12397,"date":"2025-09-17T13:43:40","date_gmt":"2025-09-17T11:43:40","guid":{"rendered":"https:\/\/boreait.com\/hu\/?post_type=product&#038;p=12397"},"modified":"2025-09-17T13:45:10","modified_gmt":"2025-09-17T11:45:10","slug":"microsoft-surface-pro-4-hutoborda-hutoventillator-1322-00vn0qs-nidec-laptop-alkatreszek","status":"publish","type":"product","link":"https:\/\/boreait.com\/hu\/termek\/microsoft-surface-pro-4-hutoborda-hutoventillator-1322-00vn0qs-nidec-laptop-alkatreszek\/","title":{"rendered":"Microsoft Surface Pro 4 h\u0171t\u0151borda h\u0171t\u0151ventill\u00e1tor 1322-00VN0QS Nidec \u2013 Laptop alkatr\u00e9szek"},"content":{"rendered":"<p data-start=\"574\" data-end=\"841\">Tartsa h\u0171v\u00f6sen \u00e9s csendesen a Microsoft Surface Pro 4-et ezzel az eredeti <strong data-start=\"649\" data-end=\"675\">h\u0171t\u0151borda ventil\u00e1tor szerelv\u00e9nnyel<\/strong>. A pontoss\u00e1gra \u00e9s tart\u00f3ss\u00e1gra tervezett cserealkatr\u00e9sz seg\u00edt helyre\u00e1ll\u00edtani a megfelel\u0151 l\u00e9g\u00e1raml\u00e1st, \u00e9s megakad\u00e1lyozza a t\u00falmeleged\u00e9si probl\u00e9m\u00e1kat, amelyek lelass\u00edthatj\u00e1k vagy k\u00e1ros\u00edthatj\u00e1k az eszk\u00f6zt.<\/p>\n<p data-start=\"843\" data-end=\"1078\">\u2705 <strong data-start=\"845\" data-end=\"866\">Kompatibilis modell:<\/strong> Microsoft Surface Pro 4<br data-start=\"890\" data-end=\"893\" \/>\u2705 <strong data-start=\"895\"<\/strong>data-end 1322-00VN0QS<br data-start=\"924\" data-end=\"927\" \/>\u2705 <strong data-start=\"929\" data-end=\"954\">M\u00e1rka\/Gy\u00e1rt\u00f3:<\/strong> Nidec<br data-start=\"960\" data-end=\"963\" \/>\u2705=&#8221;9 data-end=&#8221;963&#8243; \/>\u2705=&#8221;6 data-s&#8221; data-end=&#8221;974&#8243;>T\u00edpus:<\/strong> H\u0171t\u0151borda + h\u0171t\u0151ventil\u00e1tor szerelv\u00e9ny<br data-start=\"1007\" data-end=\"1010\" \/>\u2705 <strong data-start=\"1012\" data-end=\"1026\">\u00c1llapot:<\/strong> Laptop alkatr\u00e9sz, tesztelt \u00e9s j\u00f3 \u00e1llapot\u00fa<\/p>\n<p data-start=\"1080\" data-end=\"1307\">Ez az \u00f6ssze\u00e1ll\u00edt\u00e1s elengedhetetlen, ha a Surface Pro 4 t\u00falmeleged\u00e9st, h\u0151szab\u00e1lyoz\u00e1st vagy hangos ventil\u00e1torzajt tapasztal. A hib\u00e1s h\u0171t\u0151rendszer cser\u00e9je biztos\u00edtja a t\u00e1blag\u00e9p megb\u00edzhat\u00f3 teljes\u00edtm\u00e9ny\u00e9t \u00e9s hosszabb \u00e9lettartam\u00e1t.<\/p>\n<p data-start=\"1309\" data-end=\"1334\">\ud83d\udd39 <strong data-start=\"1312\" data-end=\"1332\">Mi\u00e9rt v\u00e1s\u00e1roljon t\u0151l\u00fcnk?<\/strong><\/p>\n<ul data-start=\"1335\" data-end=\"1583\">\n<li data-start=\"1335\" data-end=\"1433\">\n<p data-start=\"1337\" data-end=\"1433\">100%-ban hiteles <strong data-start=\"1352\" data-end=\"1368\">laptop alkatr\u00e9szek<\/strong> val\u00f3di term\u00e9kfot\u00f3kkal (pontosan azt kapod, amit l\u00e1tsz)<\/p>\n<\/li>\n<li data-start=\"1434\" data-end=\"1475\">\n<p data-start=\"1436\" data-end=\"1475\">Biztons\u00e1gos sz\u00e1ll\u00edt\u00e1s vil\u00e1gszerte<\/p>\n<\/li>\n<li data-start=\"1476\" data-end=\"1583\">\n<p data-start=\"1478\" data-end=\"1583\">Kiv\u00e1l\u00f3 t\u00e1mogat\u00e1s \u2013 ha tov\u00e1bbi seg\u00edts\u00e9gre van sz\u00fcks\u00e9ge a kompatibilit\u00e1ssal vagy a telep\u00edt\u00e9ssel kapcsolatban, b\u00e1rmikor \u00edrhat nek\u00fcnk \u00fczenetet<\/p>\n<\/li>\n<\/ul>\n<blockquote data-start=\"1585\" data-end=\"1766\">\n<p data-start=\"1587\" data-end=\"1766\">\u26a0\ufe0f K\u00e9rj\u00fck, vegye figyelembe: ez az adatlap nem tartalmazza a telep\u00edt\u00e9si \u00fatmutat\u00f3t, l\u00e9p\u00e9sr\u0151l l\u00e9p\u00e9sre. Ha nem biztos a hardvercser\u00e9ben, javasoljuk a szakszer\u0171 telep\u00edt\u00e9st.<\/p>\n<\/blockquote>\n","protected":false},"excerpt":{"rendered":"<p>Megb\u00edzhat\u00f3 csere<strong data-start=\"377\" data-end=\"403\">h\u0171t\u0151borda-ventil\u00e1tor szerelv\u00e9ny<\/strong> a Microsoft Surface Pro 4-hez (1322-00VN0QS, Nidec modell). Ide\u00e1lis megold\u00e1s a t\u00falmeleged\u00e9s vagy a zajos h\u0171t\u00e9si probl\u00e9m\u00e1k megold\u00e1s\u00e1ra.<\/p>\n","protected":false},"featured_media":12458,"template":"","meta":[],"product_brand":[],"product_cat":[33],"product_tag":[],"class_list":{"0":"post-12397","1":"product","2":"type-product","3":"status-publish","4":"has-post-thumbnail","6":"product_cat-cpu-fans-heatsinks","8":"first","9":"instock","10":"taxable","11":"shipping-taxable","12":"purchasable","13":"product-type-simple"},"_links":{"self":[{"href":"https:\/\/boreait.com\/hu\/wp-json\/wp\/v2\/product\/12397","targetHints":{"allow":["GET"]}}],"collection":[{"href":"https:\/\/boreait.com\/hu\/wp-json\/wp\/v2\/product"}],"about":[{"href":"https:\/\/boreait.com\/hu\/wp-json\/wp\/v2\/types\/product"}],"wp:featuredmedia":[{"embeddable":true,"href":"https:\/\/boreait.com\/hu\/wp-json\/wp\/v2\/media\/12458"}],"wp:attachment":[{"href":"https:\/\/boreait.com\/hu\/wp-json\/wp\/v2\/media?parent=12397"}],"wp:term":[{"taxonomy":"product_brand","embeddable":true,"href":"https:\/\/boreait.com\/hu\/wp-json\/wp\/v2\/product_brand?post=12397"},{"taxonomy":"product_cat","embeddable":true,"href":"https:\/\/boreait.com\/hu\/wp-json\/wp\/v2\/product_cat?post=12397"},{"taxonomy":"product_tag","embeddable":true,"href":"https:\/\/boreait.com\/hu\/wp-json\/wp\/v2\/product_tag?post=12397"}],"curies":[{"name":"wp","href":"https:\/\/api.w.org\/{rel}","templated":true}]}}