{"id":12392,"date":"2025-09-17T13:43:39","date_gmt":"2025-09-17T11:43:39","guid":{"rendered":"https:\/\/boreait.com\/hu\/?post_type=product&#038;p=12392"},"modified":"2025-09-17T13:44:57","modified_gmt":"2025-09-17T11:44:57","slug":"dell-latitude-7480-7490-dc-tapcsatlakozo-kabellel-8gjm9-08gjm9-laptop-alkatreszek","status":"publish","type":"product","link":"https:\/\/boreait.com\/hu\/termek\/dell-latitude-7480-7490-dc-tapcsatlakozo-kabellel-8gjm9-08gjm9-laptop-alkatreszek\/","title":{"rendered":"Dell Latitude 7480 7490 DC t\u00e1pcsatlakoz\u00f3 k\u00e1bellel 8GJM9 08GJM9 laptop alkatr\u00e9szek"},"content":{"rendered":"<p data-start=\"698\" data-end=\"934\">Friss\u00edtse vagy jav\u00edtsa Dell Latitude k\u00e9sz\u00fcl\u00e9k\u00e9t ezzel az <strong data-start=\"745\" data-end=\"787\">eredeti DC t\u00e1p bemeneti csatlakoz\u00f3val k\u00e1bellel<\/strong>. Ez az alapvet\u0151 <strong data-start=\"804\" data-end=\"819\">laptop alkatr\u00e9sz<\/strong> stabil t\u00e1pell\u00e1t\u00e1st biztos\u00edt, lehet\u0151v\u00e9 t\u00e9ve az eszk\u00f6z hat\u00e9kony t\u00f6lt\u00e9s\u00e9t \u00e9s megb\u00edzhat\u00f3 teljes\u00edtm\u00e9ny\u00e9nek fenntart\u00e1s\u00e1t.<\/p>\n<p data-start=\"936\" data-end=\"1185\">\u2714 <strong data-start=\"938\" data-end=\"960\">Kompatibilis modellek:<\/strong> Dell Latitude 7480, Dell Latitude 7490<br data-start=\"999\" data-end=\"1002\" \/>-0&#8243; adatok \/>\u2714 <strong data-start=\"1114\" data-end=\"1125\">Fot\u00f3k:<\/strong> Val\u00f3di term\u00e9kfot\u00f3k \u2013 pontosan azt kapod, amit l\u00e1tsz<\/p>\n<p data-start=\"1187\" data-end=\"1430\">Ez az egyen\u00e1ram\u00fa t\u00e1pcsatlakoz\u00f3 ide\u00e1lis a laza vagy s\u00e9r\u00fclt port okozta t\u00f6lt\u00e9si probl\u00e9m\u00e1k megold\u00e1s\u00e1ra. Ak\u00e1r professzion\u00e1lis technikus, ak\u00e1r saj\u00e1t laptopjav\u00edt\u00e1ssal foglalkozik, ez a csere biztos\u00edtja a hossz\u00fa t\u00e1v\u00fa teljes\u00edtm\u00e9nyt \u00e9s a biztons\u00e1gos kapcsolatot.<\/p>\n<p data-start=\"1432\" data-end=\"1543\">\ud83d\udca1 <strong data-start=\"1435\" data-end=\"1444\">Megjegyz\u00e9s:<\/strong> A telep\u00edt\u00e9si utas\u00edt\u00e1sokat nem tartalmazza, de ha seg\u00edts\u00e9gre van sz\u00fcks\u00e9ge, forduljon hozz\u00e1nk bizalommal.<\/p>\n<p data-start=\"1545\" data-end=\"1707\">A <strong data-start=\"1548\" data-end=\"1562\">siggmo<\/strong>n\u00e1l <strong data-start=\"1581\" data-end=\"1597\">laptop-alkatr\u00e9szekre<\/strong> szakosodunk vil\u00e1gszerte v\u00e1s\u00e1rl\u00f3k sz\u00e1m\u00e1ra. C\u00e9lunk, hogy kiv\u00e1l\u00f3 min\u0151s\u00e9g\u0171 alkatr\u00e9szeket biztos\u00edtsunk, hogy laptopja \u00fajra \u00fagy m\u0171k\u00f6dj\u00f6n, mint az \u00faj.<\/p>\n","protected":false},"excerpt":{"rendered":"<p>Megb\u00edzhat\u00f3 DC t\u00e1p bemeneti csatlakoz\u00f3 k\u00e1bellel Dell Latitude 7480 \u00e9s 7490 k\u00e9sz\u00fcl\u00e9kekhez. Eredeti csere laptop alkatr\u00e9sz 8GJM9 \/ 08GJM9 cikksz\u00e1mmal. A f\u00e9nyk\u00e9pek pontosan azt a term\u00e9ket mutatj\u00e1k, amelyet kapsz.<\/p>\n","protected":false},"featured_media":12453,"template":"","meta":[],"product_brand":[],"product_cat":[27],"product_tag":[17],"class_list":{"0":"post-12392","1":"product","2":"type-product","3":"status-publish","4":"has-post-thumbnail","6":"product_cat-motherboards-board-parts","7":"product_tag-dell","9":"first","10":"instock","11":"taxable","12":"shipping-taxable","13":"purchasable","14":"product-type-simple"},"_links":{"self":[{"href":"https:\/\/boreait.com\/hu\/wp-json\/wp\/v2\/product\/12392","targetHints":{"allow":["GET"]}}],"collection":[{"href":"https:\/\/boreait.com\/hu\/wp-json\/wp\/v2\/product"}],"about":[{"href":"https:\/\/boreait.com\/hu\/wp-json\/wp\/v2\/types\/product"}],"wp:featuredmedia":[{"embeddable":true,"href":"https:\/\/boreait.com\/hu\/wp-json\/wp\/v2\/media\/12453"}],"wp:attachment":[{"href":"https:\/\/boreait.com\/hu\/wp-json\/wp\/v2\/media?parent=12392"}],"wp:term":[{"taxonomy":"product_brand","embeddable":true,"href":"https:\/\/boreait.com\/hu\/wp-json\/wp\/v2\/product_brand?post=12392"},{"taxonomy":"product_cat","embeddable":true,"href":"https:\/\/boreait.com\/hu\/wp-json\/wp\/v2\/product_cat?post=12392"},{"taxonomy":"product_tag","embeddable":true,"href":"https:\/\/boreait.com\/hu\/wp-json\/wp\/v2\/product_tag?post=12392"}],"curies":[{"name":"wp","href":"https:\/\/api.w.org\/{rel}","templated":true}]}}