{"id":12391,"date":"2025-09-17T13:43:39","date_gmt":"2025-09-17T11:43:39","guid":{"rendered":"https:\/\/boreait.com\/hu\/?post_type=product&#038;p=12391"},"modified":"2026-02-09T13:03:40","modified_gmt":"2026-02-09T12:03:40","slug":"dell-8265ngw-wifi-bluetooth-4-2-kartya-802-11ac-867mbps-laptop-alkatreszek-8f3y8","status":"publish","type":"product","link":"https:\/\/boreait.com\/hu\/termek\/dell-8265ngw-wifi-bluetooth-4-2-kartya-802-11ac-867mbps-laptop-alkatreszek-8f3y8\/","title":{"rendered":"Dell 8265NGW WiFi Bluetooth 4.2 k\u00e1rtya 802.11ac 867Mbps Laptop alkatr\u00e9szek 8F3Y8"},"content":{"rendered":"<p data-start=\"590\" data-end=\"883\">A <strong data-start=\"594\" data-end=\"662\">Dell 8265NGW WiFi+Bluetooth k\u00e1rtya (cikksz\u00e1mok: 8F3Y8 \/ 08F3Y8)<\/strong> egy val\u00f3di csere olyan laptopokhoz, amelyek gyors \u00e9s stabil vezet\u00e9k n\u00e9lk\u00fcli teljes\u00edtm\u00e9nyt ig\u00e9nyelnek. A Siggmo min\u0151s\u00e9gi <strong data-start=\"780\" data-end=\"796\">laptop alkatr\u00e9szek<\/strong> gy\u0171jtem\u00e9ny\u00e9nek r\u00e9szek\u00e9nt ez a k\u00e1rtya kiv\u00e1l\u00f3 kompatibilit\u00e1st \u00e9s hat\u00e9konys\u00e1got biztos\u00edt.<\/p>\n<p data-start=\"885\" data-end=\"904\"><strong data-start=\"885\" data-end=\"902\">F\u0151bb jellemz\u0151k:<\/strong><\/p>\n<ul data-start=\"905\" data-end=\"1220\">\n<li data-start=\"905\" data-end=\"928\">\n<p data-start=\"907\" data-end=\"928\">Modell: Dell 8265NGW<\/p>\n<\/li>\n<li data-start=\"929\" data-end=\"986\">\n<p data-start=\"931\" data-end=\"986\">Vezet\u00e9k n\u00e9lk\u00fcli szabv\u00e1ny: k\u00e9ts\u00e1vos 802.11ac (2,4 GHz \u00e9s 5 GHz)<\/p>\n<\/li>\n<li data-start=\"987\" data-end=\"1060\">\n<p data-start=\"989\" data-end=\"1060\">Sebess\u00e9g: Ak\u00e1r 867 Mbps a z\u00f6kken\u0151mentes b\u00f6ng\u00e9sz\u00e9s, streamel\u00e9s \u00e9s online munka \u00e9rdek\u00e9ben<\/p>\n<\/li>\n<li data-start=\"1061\" data-end=\"1156\">\n<p data-start=\"1063\" data-end=\"1156\">Bluetooth: 4.2-es verzi\u00f3 az eg\u00e9rrel, billenty\u0171zettel, fejhallgat\u00f3val \u00e9s egy\u00e9b eszk\u00f6z\u00f6kkel val\u00f3 egyszer\u0171 p\u00e1ros\u00edt\u00e1shoz<\/p>\n<\/li>\n<li data-start=\"1157\" data-end=\"1194\">\n<p data-start=\"1159\" data-end=\"1194\">Dell cikksz\u00e1mok: 8F3Y8 \/ 08F3Y8<\/p>\n<\/li>\n<li data-start=\"1195\" data-end=\"1220\">\n<p data-start=\"1197\" data-end=\"1220\">Alakt\u00e9nyez\u0151: M.2 2230<\/p>\n<\/li>\n<\/ul>\n<p data-start=\"1222\" data-end=\"1249\"><strong data-start=\"1222\" data-end=\"1247\">Mi\u00e9rt v\u00e1lassza ezt a k\u00e1rty\u00e1t?<\/strong><\/p>\n<ul data-start=\"1250\" data-end=\"1522\">\n<li data-start=\"1250\" data-end=\"1305\">\n<p data-start=\"1252\" data-end=\"1305\">Eredeti Dell cserealkatr\u00e9sz \u2013 tesztelt \u00e9s megb\u00edzhat\u00f3<\/p>\n<\/li>\n<li data-start=\"1306\" data-end=\"1384\">\n<p data-start=\"1308\" data-end=\"1384\">Ide\u00e1lis a vezet\u00e9k n\u00e9lk\u00fcli k\u00e9pess\u00e9g helyre\u00e1ll\u00edt\u00e1s\u00e1hoz vagy friss\u00edt\u00e9s\u00e9hez kompatibilis laptopokban<\/p>\n<\/li>\n<li data-start=\"1385\" data-end=\"1459\">\n<p data-start=\"1387\" data-end=\"1459\">T\u00e1mogatja a modern WiFi \u00e9s Bluetooth szabv\u00e1nyokat a z\u00f6kken\u0151mentes kapcsolat \u00e9rdek\u00e9ben<\/p>\n<\/li>\n<li data-start=\"1460\" data-end=\"1522\">\n<p data-start=\"1462\" data-end=\"1522\">Kompakt M.2 kialak\u00edt\u00e1s a hat\u00e9kony illeszked\u00e9s \u00e9s az egyszer\u0171 telep\u00edt\u00e9s \u00e9rdek\u00e9ben<\/p>\n<\/li>\n<\/ul>\n<p data-start=\"1524\" data-end=\"1542\"><strong data-start=\"1524\" data-end=\"1540\">K\u00e9rj\u00fck, vegye figyelembe:<\/strong><\/p>\n<ul data-start=\"1543\" data-end=\"1724\">\n<li data-start=\"1543\" data-end=\"1644\">\n<p data-start=\"1545\" data-end=\"1644\">A telep\u00edt\u00e9si utas\u00edt\u00e1sokat nem tartalmazza, de ha \u00fatmutat\u00e1sra van sz\u00fcks\u00e9ge, b\u00e1rmikor kapcsolatba l\u00e9phet vel\u00fcnk.<\/p>\n<\/li>\n<li data-start=\"1645\" data-end=\"1724\">\n<p data-start=\"1647\" data-end=\"1724\">Minden term\u00e9kk\u00e9p <strong data-start=\"1670\" data-end=\"1685\">val\u00f3di fot\u00f3<\/strong> arr\u00f3l, hogy pontosan mely alkatr\u00e9szeket kap.<\/p>\n<\/li>\n<\/ul>\n<p data-start=\"1726\" data-end=\"1947\">A Siggmon\u00e1l kiv\u00e1l\u00f3 min\u0151s\u00e9g\u0171 <strong data-start=\"1767\" data-end=\"1783\">laptop alkatr\u00e9szekre<\/strong> specializ\u00e1l\u00f3dtunk Eur\u00f3pa \u00e9s vil\u00e1gszerte. Ak\u00e1r hib\u00e1s k\u00e1rty\u00e1t cser\u00e9l, ak\u00e1r vezet\u00e9k n\u00e9lk\u00fcli teljes\u00edtm\u00e9ny\u00e9t jav\u00edtja, a Dell 8265NGW megb\u00edzhat\u00f3 megold\u00e1s.<\/p>\n","protected":false},"excerpt":{"rendered":"<p>B\u0151v\u00edtse laptopja csatlakoztathat\u00f3s\u00e1g\u00e1t a Dell 8265NGW vezet\u00e9k n\u00e9lk\u00fcli k\u00e1rty\u00e1val. T\u00e1mogatja a k\u00e9ts\u00e1vos WiFi 802.11ac 867 Mbps-ig terjed\u0151 sebess\u00e9g\u00e9t \u00e9s a Bluetooth 4.2-t, megb\u00edzhat\u00f3 teljes\u00edtm\u00e9nyt ny\u00fajtva a z\u00f6kken\u0151mentes b\u00f6ng\u00e9sz\u00e9s, streamel\u00e9s \u00e9s eszk\u00f6zp\u00e1ros\u00edt\u00e1s \u00e9rdek\u00e9ben.<\/p>\n","protected":false},"featured_media":12452,"template":"","meta":[],"product_brand":[],"product_cat":[27],"product_tag":[17],"class_list":{"0":"post-12391","1":"product","2":"type-product","3":"status-publish","4":"has-post-thumbnail","6":"product_cat-motherboards-board-parts","7":"product_tag-dell","9":"first","10":"instock","11":"taxable","12":"shipping-taxable","13":"purchasable","14":"product-type-simple"},"_links":{"self":[{"href":"https:\/\/boreait.com\/hu\/wp-json\/wp\/v2\/product\/12391","targetHints":{"allow":["GET"]}}],"collection":[{"href":"https:\/\/boreait.com\/hu\/wp-json\/wp\/v2\/product"}],"about":[{"href":"https:\/\/boreait.com\/hu\/wp-json\/wp\/v2\/types\/product"}],"wp:featuredmedia":[{"embeddable":true,"href":"https:\/\/boreait.com\/hu\/wp-json\/wp\/v2\/media\/12452"}],"wp:attachment":[{"href":"https:\/\/boreait.com\/hu\/wp-json\/wp\/v2\/media?parent=12391"}],"wp:term":[{"taxonomy":"product_brand","embeddable":true,"href":"https:\/\/boreait.com\/hu\/wp-json\/wp\/v2\/product_brand?post=12391"},{"taxonomy":"product_cat","embeddable":true,"href":"https:\/\/boreait.com\/hu\/wp-json\/wp\/v2\/product_cat?post=12391"},{"taxonomy":"product_tag","embeddable":true,"href":"https:\/\/boreait.com\/hu\/wp-json\/wp\/v2\/product_tag?post=12391"}],"curies":[{"name":"wp","href":"https:\/\/api.w.org\/{rel}","templated":true}]}}