{"id":12390,"date":"2025-09-17T13:43:39","date_gmt":"2025-09-17T11:43:39","guid":{"rendered":"https:\/\/boreait.com\/hu\/?post_type=product&#038;p=12390"},"modified":"2025-09-17T13:44:47","modified_gmt":"2025-09-17T11:44:47","slug":"laptop-alkatreszek-also-d-fedel-tok-a-dell-latitude-e7490-7490-hez-p-n-0jct3r","status":"publish","type":"product","link":"https:\/\/boreait.com\/hu\/termek\/laptop-alkatreszek-also-d-fedel-tok-a-dell-latitude-e7490-7490-hez-p-n-0jct3r\/","title":{"rendered":"Laptop alkatr\u00e9szek als\u00f3 D fed\u00e9l tok a Dell Latitude E7490 7490-hez \u2013 P\/N 0JCT3R"},"content":{"rendered":"<p data-start=\"684\" data-end=\"1009\">Friss\u00edtse \u00e9s v\u00e9dje meg eszk\u00f6z\u00e9t ezzel a <strong data-start=\"726\" data-end=\"803\">Dell Latitude E7490 \/ 7490 als\u00f3 D burkolattal (cikksz\u00e1m: 0JCT3R)<\/strong>. Ezt az eredeti <strong data-start=\"830\" data-end=\"845\">laptop-alkatr\u00e9szt<\/strong> \u00fagy tervezt\u00e9k, hogy megfeleljen Latitude 7490 k\u00e9sz\u00fcl\u00e9k\u00e9nek eredeti specifik\u00e1ci\u00f3inak, \u00e9s ugyanolyan tart\u00f3ss\u00e1got, stabilit\u00e1st \u00e9s tiszta fel\u00fcletet biztos\u00edt, mint a gy\u00e1rilag beszerelt burkolat.<\/p>\n<p data-start=\"1011\" data-end=\"1308\">Ak\u00e1r megrepedt, ak\u00e1r megkarcol\u00f3dott, ak\u00e1r hi\u00e1nyoznak az alkatr\u00e9szek, ez a csere megb\u00edzhat\u00f3 megold\u00e1st k\u00edn\u00e1l laptopja megjelen\u00e9s\u00e9nek \u00e9s funkcionalit\u00e1s\u00e1nak vissza\u00e1ll\u00edt\u00e1s\u00e1ra. A pontos kiv\u00e1g\u00e1sok \u00e9s a robusztus fel\u00e9p\u00edt\u00e9s megfelel\u0151 szell\u0151z\u00e9st, a bels\u0151 alkatr\u00e9szek v\u00e9delm\u00e9t \u00e9s a z\u00f6kken\u0151mentes illeszked\u00e9st biztos\u00edtj\u00e1k.<\/p>\n<p data-start=\"1310\" data-end=\"1511\">\u2705 <strong data-start=\"1312\" data-end=\"1333\">Kompatibilis modell:<\/strong> Dell Latitude E7490\/7490 sorozat<br data-start=\"1367\" data-end=\"1370\" \/>-7&#8243;s data-end=&#8221;1388&#8243;>Alkatr\u00e9szsz\u00e1m:<\/strong> 0JCT3R<br data-start=\"1395\" data-end=\"1398\" \/>\u2705 <strong data-start=\"1400\" data-end=\"1414\">\u00c1llapot:<\/strong> K\u00edm\u00e9letesen haszn\u00e1lt\/tesztelve (val\u00f3di fot\u00f3k biztos\u00edtottak)<br data-start=\"1395\" data-end=\"1398\" \/>14> data-start=&#8221;1463&#8243; data-end=&#8221;1476&#8243;>Kateg\u00f3ria:<\/strong> Eredeti laptop cserealkatr\u00e9szek<\/p>\n<p data-start=\"1513\" data-end=\"1641\">\u26a0\ufe0f K\u00e9rj\u00fck, vegye figyelembe: a telep\u00edt\u00e9si k\u00e9zik\u00f6nyveket vagy utas\u00edt\u00e1sokat nem tartalmazza. Ha seg\u00edts\u00e9gre van sz\u00fcks\u00e9ge, b\u00e1tran \u00edrjon nek\u00fcnk \u00fatmutat\u00e1s\u00e9rt.<\/p>\n<p data-start=\"1643\" data-end=\"1712\">\ud83d\udcf8 <strong data-start=\"1646\" data-end=\"1710\">A megjelen\u00edtett fot\u00f3k a kapott alkatr\u00e9sz t\u00e9nyleges k\u00e9pei.<\/strong><\/p>\n","protected":false},"excerpt":{"rendered":"<p>Cser\u00e9lje ki a s\u00e9r\u00fclt vagy elhaszn\u00e1l\u00f3dott alapot erre az eredeti <strong data-start=\"462\" data-end=\"523\">Dell Latitude E7490 Bottom Base D bor\u00edt\u00f3tokkal (P\/N 0JCT3R)<\/strong>. Kiv\u00e1l\u00f3 min\u0151s\u00e9g\u0171 laptop alkatr\u00e9sz a t\u00f6k\u00e9letes illeszked\u00e9s \u00e9s a tart\u00f3ss\u00e1g \u00e9rdek\u00e9ben.<\/p>\n","protected":false},"featured_media":12443,"template":"","meta":[],"product_brand":[],"product_cat":[16],"product_tag":[17],"class_list":{"0":"post-12390","1":"product","2":"type-product","3":"status-publish","4":"has-post-thumbnail","6":"product_cat-laptop-housing","7":"product_tag-dell","9":"first","10":"instock","11":"taxable","12":"shipping-taxable","13":"purchasable","14":"product-type-simple"},"_links":{"self":[{"href":"https:\/\/boreait.com\/hu\/wp-json\/wp\/v2\/product\/12390","targetHints":{"allow":["GET"]}}],"collection":[{"href":"https:\/\/boreait.com\/hu\/wp-json\/wp\/v2\/product"}],"about":[{"href":"https:\/\/boreait.com\/hu\/wp-json\/wp\/v2\/types\/product"}],"wp:featuredmedia":[{"embeddable":true,"href":"https:\/\/boreait.com\/hu\/wp-json\/wp\/v2\/media\/12443"}],"wp:attachment":[{"href":"https:\/\/boreait.com\/hu\/wp-json\/wp\/v2\/media?parent=12390"}],"wp:term":[{"taxonomy":"product_brand","embeddable":true,"href":"https:\/\/boreait.com\/hu\/wp-json\/wp\/v2\/product_brand?post=12390"},{"taxonomy":"product_cat","embeddable":true,"href":"https:\/\/boreait.com\/hu\/wp-json\/wp\/v2\/product_cat?post=12390"},{"taxonomy":"product_tag","embeddable":true,"href":"https:\/\/boreait.com\/hu\/wp-json\/wp\/v2\/product_tag?post=12390"}],"curies":[{"name":"wp","href":"https:\/\/api.w.org\/{rel}","templated":true}]}}