{"id":12388,"date":"2025-09-17T13:43:39","date_gmt":"2025-09-17T11:43:39","guid":{"rendered":"https:\/\/boreait.com\/hu\/?post_type=product&#038;p=12388"},"modified":"2025-09-17T13:44:41","modified_gmt":"2025-09-17T11:44:41","slug":"dell-latitude-e5480-e5490-5480-5491-07y2tf-laptop-hangszorok-eredeti-laptop-cserealkatreszek-hasznalt","status":"publish","type":"product","link":"https:\/\/boreait.com\/hu\/termek\/dell-latitude-e5480-e5490-5480-5491-07y2tf-laptop-hangszorok-eredeti-laptop-cserealkatreszek-hasznalt\/","title":{"rendered":"Dell Latitude E5480 E5490 5480 5491 07Y2TF laptop hangsz\u00f3r\u00f3k \u2013 eredeti laptop cserealkatr\u00e9szek HASZN\u00c1LT"},"content":{"rendered":"<p data-start=\"508\" data-end=\"701\">Friss\u00edtse vagy \u00e1ll\u00edtsa vissza hangj\u00e1t ezekkel az <strong data-start=\"549\" data-end=\"596\">eredeti Dell Latitude E5480 E5490 5480 5491 07Y2TF laptop hangsz\u00f3r\u00f3kkal<\/strong>. Ezt az eredeti <strong data-start=\"618\" data-end=\"639\">haszn\u00e1lt laptop-alkatr\u00e9szek<\/strong> k\u00e9szletet gondosan tesztelt\u00e9k a teljes m\u0171k\u00f6d\u00e9s \u00e9rdek\u00e9ben.<\/p>\n<ul data-start=\"703\" data-end=\"916\">\n<li data-start=\"703\" data-end=\"751\">\n<p data-start=\"705\" data-end=\"751\"><strong data-start=\"705\" data-end=\"722\">Kompatibilit\u00e1s<\/strong>: Dell Latitude E5480 E5490 5480 5491 07Y2TF sorozat<\/p>\n<\/li>\n<li data-start=\"752\" data-end=\"815\">\n<p data-start=\"754\" data-end=\"815\"><strong data-start=\"754\" data-end=\"767\">\u00c1llapot<\/strong>: Haszn\u00e1lt, teljesen tesztelt \u00e9s garant\u00e1ltan m\u0171k\u00f6d\u0151k\u00e9pes<\/p>\n<\/li>\n<li data-start=\"816\" data-end=\"873\">\n<p data-start=\"818\" data-end=\"873\"><strong data-start=\"818\" data-end=\"826\">T\u00edpus<\/strong>: Bal \u00e9s jobb bels\u0151 hangsz\u00f3r\u00f3 laptopokhoz<\/p>\n<\/li>\n<li data-start=\"874\" data-end=\"916\">\n<p data-start=\"876\" data-end=\"916\"><strong data-start=\"876\" data-end=\"888\">Kateg\u00f3ria<\/strong>: Csere laptop alkatr\u00e9szek<\/p>\n<\/li>\n<\/ul>\n<p data-start=\"918\" data-end=\"1126\">Ezek a laptop hangsz\u00f3r\u00f3i t\u00f6k\u00e9letesek, ha a jelenlegi hangsz\u00f3r\u00f3i torzak, megrepedtek vagy egy\u00e1ltal\u00e1n nem m\u0171k\u00f6dnek. Az eredeti Dell alkatr\u00e9szek beszerel\u00e9se biztos\u00edtja a legjobb illeszked\u00e9st \u00e9s teljes\u00edtm\u00e9nyt az \u00e1ltal\u00e1nos cserealkatr\u00e9szekhez k\u00e9pest.<\/p>\n<p data-start=\"1128\" data-end=\"1261\">\ud83d\udccc <strong data-start=\"1131\" data-end=\"1140\">Megjegyz\u00e9s:<\/strong> Nem adunk l\u00e9p\u00e9senk\u00e9nti telep\u00edt\u00e9si utas\u00edt\u00e1sokat, de ha seg\u00edts\u00e9gre vagy \u00fatmutat\u00e1sra van sz\u00fcks\u00e9ge, b\u00e1rmikor \u00edrhat nek\u00fcnk \u00fczenetet.<\/p>\n<p data-start=\"1263\" data-end=\"1334\">\ud83d\udcf8 <strong data-start=\"1266\" data-end=\"1332\">A megjelen\u00edtett fot\u00f3k az \u00d6n \u00e1ltal fogott hangsz\u00f3r\u00f3k val\u00f3di k\u00e9pei.<\/strong><\/p>\n<p data-start=\"1336\" data-end=\"1446\">Hozzon vissza \u00e9les \u00e9s tiszta hangot Dell Latitude 5490 k\u00e9sz\u00fcl\u00e9k\u00e9hez ezekkel a megb\u00edzhat\u00f3 csere laptop hangsz\u00f3r\u00f3kkal.<\/p>\n","protected":false},"excerpt":{"rendered":"<p>Eredeti haszn\u00e1lt Dell Latitude E5480 E5490 5480 5491 07Y2TF laptop hangsz\u00f3r\u00f3k, teljesen tesztelt \u00e9s m\u0171k\u00f6d\u0151k\u00e9pes. Ide\u00e1lis csere eszk\u00f6ze tiszta hangj\u00e1nak helyre\u00e1ll\u00edt\u00e1s\u00e1hoz.<\/p>\n","protected":false},"featured_media":12440,"template":"","meta":[],"product_brand":[],"product_cat":[18],"product_tag":[17],"class_list":{"0":"post-12388","1":"product","2":"type-product","3":"status-publish","4":"has-post-thumbnail","6":"product_cat-laptop-speakers","7":"product_tag-dell","9":"first","10":"instock","11":"taxable","12":"shipping-taxable","13":"purchasable","14":"product-type-simple"},"_links":{"self":[{"href":"https:\/\/boreait.com\/hu\/wp-json\/wp\/v2\/product\/12388","targetHints":{"allow":["GET"]}}],"collection":[{"href":"https:\/\/boreait.com\/hu\/wp-json\/wp\/v2\/product"}],"about":[{"href":"https:\/\/boreait.com\/hu\/wp-json\/wp\/v2\/types\/product"}],"wp:featuredmedia":[{"embeddable":true,"href":"https:\/\/boreait.com\/hu\/wp-json\/wp\/v2\/media\/12440"}],"wp:attachment":[{"href":"https:\/\/boreait.com\/hu\/wp-json\/wp\/v2\/media?parent=12388"}],"wp:term":[{"taxonomy":"product_brand","embeddable":true,"href":"https:\/\/boreait.com\/hu\/wp-json\/wp\/v2\/product_brand?post=12388"},{"taxonomy":"product_cat","embeddable":true,"href":"https:\/\/boreait.com\/hu\/wp-json\/wp\/v2\/product_cat?post=12388"},{"taxonomy":"product_tag","embeddable":true,"href":"https:\/\/boreait.com\/hu\/wp-json\/wp\/v2\/product_tag?post=12388"}],"curies":[{"name":"wp","href":"https:\/\/api.w.org\/{rel}","templated":true}]}}