{"id":12375,"date":"2025-09-17T13:43:16","date_gmt":"2025-09-17T11:43:16","guid":{"rendered":"https:\/\/boreait.com\/hu\/?post_type=product&#038;p=12375"},"modified":"2025-09-17T13:44:31","modified_gmt":"2025-09-17T11:44:31","slug":"laptop-csuklotamasz-dell-latitude-7490-0ywcyh-ywcyh-eredeti-laptop-cserealkatreszek","status":"publish","type":"product","link":"https:\/\/boreait.com\/hu\/termek\/laptop-csuklotamasz-dell-latitude-7490-0ywcyh-ywcyh-eredeti-laptop-cserealkatreszek\/","title":{"rendered":"Laptop csukl\u00f3t\u00e1masz Dell Latitude 7490 0YWCYH YWCYH | Eredeti laptop cserealkatr\u00e9szek"},"content":{"rendered":"<p data-start=\"516\" data-end=\"828\">Ez a <strong data-start=\"521\" data-end=\"580\">Laptop csukl\u00f3t\u00e1masz a Dell Latitude 7490-hez (0YWCYH \/ YWCYH)<\/strong> egy eredeti cserealkatr\u00e9sz, amely ide\u00e1lis laptopja jav\u00edt\u00e1s\u00e1hoz vagy fel\u00faj\u00edt\u00e1s\u00e1hoz. Id\u0151vel a csukl\u00f3t\u00e1maszok elhaszn\u00e1l\u00f3dhatnak vagy megs\u00e9r\u00fclhetnek, ami hat\u00e1ssal van az eszk\u00f6z megjelen\u00e9s\u00e9re \u00e9s haszn\u00e1lhat\u00f3s\u00e1g\u00e1ra egyar\u00e1nt. Ez a csere biztos\u00edtja, hogy laptopja \u00fajra \u00fagy \u00e9rezze mag\u00e1t, mint az \u00faj.<\/p>\n<p data-start=\"830\" data-end=\"1032\">\u2714 <strong data-start=\"832\" data-end=\"852\">Kompatibilis modell<\/strong>: Dell Latitude 7490<br data-start=\"872\" data-end=\"875\" \/>\u2714 <strong data-start=\"877\"<\/strong>Par-end=&#8221;877s&#8221;3 data:end=&#8221;877s&#8221;3 0YWCYH, YWCYH<br data-start=\"908\" data-end=\"911\" \/>\u2714 <strong data-start=\"913\" data-end=\"926\">\u00c1llapot<\/strong>: Eredeti, tesztelt \u00e9s kiv\u00e1l\u00f3an m\u0171k\u00f6d\u0151k\u00e9pes<br data-start=\"976\" data-end=\"979\" \/>1-start data-end=&#8221;993&#8243;>Kateg\u00f3ria<\/strong>: Laptop alkatr\u00e9szek \u2013 Csukl\u00f3t\u00e1masz csere<\/p>\n<p data-start=\"1034\" data-end=\"1203\">Ak\u00e1r professzion\u00e1lis haszn\u00e1lat, ak\u00e1r szem\u00e9lyes k\u00e9nyelem \u00e9rdek\u00e9ben jav\u00edtja eszk\u00f6z\u00e9t, ez a csukl\u00f3t\u00e1masz az eredeti Dell-alkatr\u00e9sz min\u0151s\u00e9g\u00e9nek \u00e9s illeszked\u00e9s\u00e9nek megfelel\u0151en k\u00e9sz\u00fclt.<\/p>\n<p data-start=\"1205\" data-end=\"1231\">\ud83d\udca1 <strong data-start=\"1208\" data-end=\"1228\">Megjegyz\u00e9sek v\u00e1s\u00e1rl\u00f3knak<\/strong>:<\/p>\n<ul data-start=\"1232\" data-end=\"1422\">\n<li data-start=\"1232\" data-end=\"1308\">\n<p data-start=\"1234\" data-end=\"1308\">Az adatlapon szerepl\u0151 fot\u00f3k val\u00f3diak, \u00e9s azt mutatj\u00e1k, hogy milyen r\u00e9szt fog kapni.<\/p>\n<\/li>\n<li data-start=\"1309\" data-end=\"1422\">\n<p data-start=\"1311\" data-end=\"1422\">A telep\u00edt\u00e9si utas\u00edt\u00e1sokat nem tartalmazza, de ha seg\u00edts\u00e9gre van sz\u00fcks\u00e9ge, b\u00e1tran \u00edrjon nek\u00fcnk \u00fatmutat\u00e1s\u00e9rt.<\/p>\n<\/li>\n<\/ul>\n<p data-start=\"1424\" data-end=\"1566\">Kezdje \u00fajra \u00e9letre laptopj\u00e1t a Siggmo megb\u00edzhat\u00f3, j\u00f3 min\u0151s\u00e9g\u0171 <strong data-start=\"1483\" data-end=\"1499\">laptop-alkatr\u00e9szeivel<\/strong> \u2013 \u00fcgyfeleit szolg\u00e1lja ki Eur\u00f3p\u00e1ban \u00e9s vil\u00e1gszerte.<\/p>\n","protected":false},"excerpt":{"rendered":"<p>Friss\u00edtse Dell Latitude 7490 k\u00e9sz\u00fcl\u00e9k\u00e9t ezzel az eredeti csukl\u00f3t\u00e1maszsal (cikksz\u00e1m: 0YWCYH \/ YWCYH). Kiv\u00e1l\u00f3 min\u0151s\u00e9g\u0171 csere laptop alkatr\u00e9sz, amelyet arra terveztek, hogy vissza\u00e1ll\u00edtsa k\u00e9sz\u00fcl\u00e9ke k\u00e9nyelm\u00e9t \u00e9s tart\u00f3ss\u00e1g\u00e1t.<\/p>\n","protected":false},"featured_media":12433,"template":"","meta":[],"product_brand":[],"product_cat":[16],"product_tag":[17],"class_list":{"0":"post-12375","1":"product","2":"type-product","3":"status-publish","4":"has-post-thumbnail","6":"product_cat-laptop-housing","7":"product_tag-dell","9":"first","10":"instock","11":"taxable","12":"shipping-taxable","13":"purchasable","14":"product-type-simple"},"_links":{"self":[{"href":"https:\/\/boreait.com\/hu\/wp-json\/wp\/v2\/product\/12375","targetHints":{"allow":["GET"]}}],"collection":[{"href":"https:\/\/boreait.com\/hu\/wp-json\/wp\/v2\/product"}],"about":[{"href":"https:\/\/boreait.com\/hu\/wp-json\/wp\/v2\/types\/product"}],"wp:featuredmedia":[{"embeddable":true,"href":"https:\/\/boreait.com\/hu\/wp-json\/wp\/v2\/media\/12433"}],"wp:attachment":[{"href":"https:\/\/boreait.com\/hu\/wp-json\/wp\/v2\/media?parent=12375"}],"wp:term":[{"taxonomy":"product_brand","embeddable":true,"href":"https:\/\/boreait.com\/hu\/wp-json\/wp\/v2\/product_brand?post=12375"},{"taxonomy":"product_cat","embeddable":true,"href":"https:\/\/boreait.com\/hu\/wp-json\/wp\/v2\/product_cat?post=12375"},{"taxonomy":"product_tag","embeddable":true,"href":"https:\/\/boreait.com\/hu\/wp-json\/wp\/v2\/product_tag?post=12375"}],"curies":[{"name":"wp","href":"https:\/\/api.w.org\/{rel}","templated":true}]}}