{"id":12356,"date":"2025-09-17T13:42:53","date_gmt":"2025-09-17T11:42:53","guid":{"rendered":"https:\/\/boreait.com\/hu\/?post_type=product&#038;p=12356"},"modified":"2025-09-17T13:44:08","modified_gmt":"2025-09-17T11:44:08","slug":"lenovo-thinkpad-t510-t510i-w510-usb-rj45-ethernet-lan-i-o-kartya-63y2125-laptop-alkatreszek","status":"publish","type":"product","link":"https:\/\/boreait.com\/hu\/termek\/lenovo-thinkpad-t510-t510i-w510-usb-rj45-ethernet-lan-i-o-kartya-63y2125-laptop-alkatreszek\/","title":{"rendered":"Lenovo ThinkPad T510 T510i W510 USB RJ45 Ethernet LAN I\/O k\u00e1rtya 63Y2125 laptop alkatr\u00e9szek"},"content":{"rendered":"<p data-start=\"594\" data-end=\"954\">Friss\u00edtse vagy cser\u00e9lje ki a Lenovo ThinkPad hib\u00e1s \u00f6sszetev\u0151it ezzel az eredeti <strong data-start=\"673\" data-end=\"748\">USB + RJ45 Ethernet LAN I\/O vez\u00e9rl\u0151 csatlakoz\u00f3k\u00e1rty\u00e1val (alkatr\u00e9szsz\u00e1m: 63Y2125)<\/strong>.<br7=\"7=\"5\" data=\"9-2 data\"<\/strong>. \/>A <strong data-start=\"784\" data-end=\"826\">ThinkPad T510, T510i \u00e9s W510 laptopokkal<\/strong> val\u00f3 kompatibilit\u00e1sra tervezett k\u00e1rtya vissza\u00e1ll\u00edtja az alapvet\u0151 csatlakoz\u00e1si funkci\u00f3kat, hozz\u00e1f\u00e9r\u00e9st biztos\u00edtva az USB-portokhoz \u00e9s a stabil vezet\u00e9kes internetkapcsolathoz.<\/p>\n<p data-start=\"956\" data-end=\"981\">\ud83d\udd39 <strong data-start=\"959\" data-end=\"979\">Term\u00e9k r\u00e9szletei:<\/strong><\/p>\n<ul data-start=\"982\" data-end=\"1254\">\n<li data-start=\"982\" data-end=\"1028\">\n<p data-start=\"984\" data-end=\"1028\">Modell: Lenovo ThinkPad T510 \/ T510i \/ W510<\/p>\n<\/li>\n<li data-start=\"1029\" data-end=\"1057\">\n<p data-start=\"1031\" data-end=\"1057\">Alkatr\u00e9szsz\u00e1m: <strong data-start=\"1044\" data-end=\"1055\">63Y2125<\/strong><\/p>\n<\/li>\n<li data-start=\"1058\" data-end=\"1130\">\n<p data-start=\"1060\" data-end=\"1130\">Funkci\u00f3: USB + RJ45 h\u00e1l\u00f3zati k\u00e1rtya, Ethernet LAN I\/O vez\u00e9rl\u0151k\u00e1rtya<\/p>\n<\/li>\n<li data-start=\"1131\" data-end=\"1173\">\n<p data-start=\"1133\" data-end=\"1173\">\u00c1llapot: tesztelt \u00e9s teljesen m\u0171k\u00f6d\u0151k\u00e9pes<\/p>\n<\/li>\n<li data-start=\"1174\" data-end=\"1254\">\n<p data-start=\"1176\" data-end=\"1254\">Eredeti laptop alkatr\u00e9sz \u2013 megb\u00edzhat\u00f3 csere a s\u00e9r\u00fclt vagy nem m\u0171k\u00f6d\u0151 lapokhoz<\/p>\n<\/li>\n<\/ul>\n<p data-start=\"1256\" data-end=\"1370\">\ud83d\udcf8 <strong data-start=\"1259\" data-end=\"1309\">A fot\u00f3k a t\u00e9nyleges r\u00e9szb\u0151l \u00e1llnak, amelyet kapni fog<\/strong> \u2013 nincs rakt\u00e1rk\u00e9p, \u00edgy pontosan tudja, mit v\u00e1s\u00e1rol.<\/p>\n<p data-start=\"1372\" data-end=\"1387\">\ud83d\udca1 <strong data-start=\"1375\" data-end=\"1385\">Megjegyz\u00e9sek:<\/strong><\/p>\n<ul data-start=\"1388\" data-end=\"1613\">\n<li data-start=\"1388\" data-end=\"1546\">\n<p data-start=\"1390\" data-end=\"1546\">Ez a lista csak a hardverre vonatkozik. A szerel\u00e9si \u00fatmutat\u00f3t nem tartalmazza. Ha seg\u00edts\u00e9gre van sz\u00fcks\u00e9ge vagy k\u00e9rd\u00e9se van, \u00edrjon nek\u00fcnk \u00fczenetet.<\/p>\n<\/li>\n<li data-start=\"1547\" data-end=\"1613\">\n<p data-start=\"1549\" data-end=\"1613\">Ide\u00e1lis jav\u00edt\u00e1sokhoz, friss\u00edt\u00e9sekhez vagy professzion\u00e1lis laptopszervizekhez.<\/p>\n<\/li>\n<\/ul>\n<p data-start=\"1615\" data-end=\"1746\">Ez a kiv\u00e1l\u00f3 min\u0151s\u00e9g\u0171 csere biztos\u00edtja, hogy a ThinkPad tov\u00e1bbra is a Lenovo laptopok \u00e1ltal ismert megb\u00edzhat\u00f3 teljes\u00edtm\u00e9nyt ny\u00fajtsa.<\/p>\n","protected":false},"excerpt":{"rendered":"<p>Megb\u00edzhat\u00f3 <strong data-start=\"353\" data-end=\"369\">laptop alkatr\u00e9szek<\/strong> a Lenovo ThinkPad sz\u00e1m\u00e1ra! Ez az eredeti USB + RJ45 LAN I\/O vez\u00e9rl\u0151k\u00e1rtya (63Y2125) illeszkedik a T510, T510i \u00e9s W510 modellekhez, sima csatlakoz\u00e1st \u00e9s stabil teljes\u00edtm\u00e9nyt biztos\u00edtva.<\/p>\n","protected":false},"featured_media":12417,"template":"","meta":[],"product_brand":[],"product_cat":[27],"product_tag":[26],"class_list":{"0":"post-12356","1":"product","2":"type-product","3":"status-publish","4":"has-post-thumbnail","6":"product_cat-motherboards-board-parts","7":"product_tag-lenovo","9":"first","10":"instock","11":"taxable","12":"shipping-taxable","13":"purchasable","14":"product-type-simple"},"_links":{"self":[{"href":"https:\/\/boreait.com\/hu\/wp-json\/wp\/v2\/product\/12356","targetHints":{"allow":["GET"]}}],"collection":[{"href":"https:\/\/boreait.com\/hu\/wp-json\/wp\/v2\/product"}],"about":[{"href":"https:\/\/boreait.com\/hu\/wp-json\/wp\/v2\/types\/product"}],"wp:featuredmedia":[{"embeddable":true,"href":"https:\/\/boreait.com\/hu\/wp-json\/wp\/v2\/media\/12417"}],"wp:attachment":[{"href":"https:\/\/boreait.com\/hu\/wp-json\/wp\/v2\/media?parent=12356"}],"wp:term":[{"taxonomy":"product_brand","embeddable":true,"href":"https:\/\/boreait.com\/hu\/wp-json\/wp\/v2\/product_brand?post=12356"},{"taxonomy":"product_cat","embeddable":true,"href":"https:\/\/boreait.com\/hu\/wp-json\/wp\/v2\/product_cat?post=12356"},{"taxonomy":"product_tag","embeddable":true,"href":"https:\/\/boreait.com\/hu\/wp-json\/wp\/v2\/product_tag?post=12356"}],"curies":[{"name":"wp","href":"https:\/\/api.w.org\/{rel}","templated":true}]}}