{"id":12355,"date":"2025-09-17T13:42:53","date_gmt":"2025-09-17T11:42:53","guid":{"rendered":"https:\/\/boreait.com\/hu\/?post_type=product&#038;p=12355"},"modified":"2025-09-17T13:44:02","modified_gmt":"2025-09-17T11:44:02","slug":"eredeti-lenovo-thinkpad-t510-w510-lcd-hatlap-75y4526-laptop-cserealkatresz","status":"publish","type":"product","link":"https:\/\/boreait.com\/hu\/termek\/eredeti-lenovo-thinkpad-t510-w510-lcd-hatlap-75y4526-laptop-cserealkatresz\/","title":{"rendered":"Eredeti Lenovo ThinkPad T510 W510 LCD h\u00e1tlap 75Y4526 Laptop cserealkatr\u00e9sz"},"content":{"rendered":"<p data-start=\"627\" data-end=\"809\">Friss\u00edtse vagy cser\u00e9lje ki a s\u00e9r\u00fclt laptop fedel\u00e9t erre az <strong data-start=\"682\" data-end=\"724\">eredeti Lenovo ThinkPad LCD h\u00e1tlapra<\/strong>, a cikksz\u00e1m: <strong data-start=\"738\" data-end=\"749\">75Y4526, kifejezetten a<\/strong>3 adathoz k\u00e9sz\u00fclt, data-end=&#8221;806&#8243;>ThinkPad T510 \u00e9s W510 sorozat<\/strong>.<\/p>\n<p data-start=\"811\" data-end=\"1053\">Ez a kiv\u00e1l\u00f3 min\u0151s\u00e9g\u0171 csere egy eredeti Lenovo alkatr\u00e9sz, amely t\u00f6k\u00e9letes illeszked\u00e9st \u00e9s hossz\u00fa \u00e9lettartamot biztos\u00edt. A h\u00e1tlap v\u00e9di LCD k\u00e9perny\u0151j\u00e9t, friss, professzion\u00e1lis megjelen\u00e9st k\u00f6lcs\u00f6n\u00f6zve laptopj\u00e1nak, mik\u00f6zben meg\u0151rzi szerkezeti integrit\u00e1s\u00e1t.<\/p>\n<p data-start=\"1055\" data-end=\"1246\">\u2705 <strong data-start=\"1057\" data-end=\"1078\">Kompatibilis modellek<\/strong>: Lenovo ThinkPad T510, W510<br data-start=\"1106\" data-end=\"1109\" \/>1-s&#8221; data-end=&#8221;1126&#8243;>Alkatr\u00e9szsz\u00e1m<\/strong>: 75Y4526<br data-start=\"1135\" data-end=\"1138\" \/>\u2705 <strong data-start=\"1140\" data-end=\"1153\">\u00c1llapot<\/strong>: Eredeti \u00e9s eredeti, gondosan \u00e1tvizsg\u00e1lva<br data-start=\"1135\" data-end=\"1138\"\/1\" data-start=\"1201\" data-end=\"1213\">Kateg\u00f3ria<\/strong>: Laptop alkatr\u00e9szek \u2013 LCD h\u00e1tlap<\/p>\n<p data-start=\"1248\" data-end=\"1275\"><strong data-start=\"1248\" data-end=\"1273\">Mi\u00e9rt v\u00e1lassza ezt a r\u00e9szt?<\/strong><\/p>\n<ul data-start=\"1276\" data-end=\"1496\">\n<li data-start=\"1276\" data-end=\"1316\">\n<p data-start=\"1278\" data-end=\"1316\">100%-ban eredeti Lenovo cserealkatr\u00e9sz<\/p>\n<\/li>\n<li data-start=\"1317\" data-end=\"1379\">\n<p data-start=\"1319\" data-end=\"1379\">T\u00f6k\u00e9letes kompatibilit\u00e1sra tervezve a ThinkPad T510\/W510-el<\/p>\n<\/li>\n<li data-start=\"1380\" data-end=\"1441\">\n<p data-start=\"1382\" data-end=\"1441\">Megb\u00edzhat\u00f3 v\u00e9delem \u00e9s tart\u00f3ss\u00e1g a laptop k\u00e9perny\u0151j\u00e9hez<\/p>\n<\/li>\n<li data-start=\"1442\" data-end=\"1496\">\n<p data-start=\"1444\" data-end=\"1496\">Ide\u00e1lis jav\u00edt\u00e1si, friss\u00edt\u00e9si vagy helyre\u00e1ll\u00edt\u00e1si projektekhez<\/p>\n<\/li>\n<\/ul>\n<p data-start=\"1498\" data-end=\"1696\">\ud83d\udd39 K\u00e9rj\u00fck, vegye figyelembe: ez a lista csak az <strong data-start=\"1538\" data-end=\"1561\">LCD h\u00e1tlapra<\/strong> vonatkozik (nem egy teljes kijelz\u0151egys\u00e9g). Telep\u00edt\u00e9si \u00fatmutat\u00f3 nem tal\u00e1lhat\u00f3, de ha tov\u00e1bbi seg\u00edts\u00e9gre van sz\u00fcks\u00e9ge, nyugodtan \u00edrjon nek\u00fcnk.<\/p>\n<p data-start=\"1698\" data-end=\"1815\">\ud83d\udd39 A list\u00e1ban szerepl\u0151 fot\u00f3k <strong data-start=\"1727\" data-end=\"1780\">val\u00f3di k\u00e9pek a t\u00e9nyleges alkatr\u00e9szr\u0151l, amelyet megkap<\/strong>, \u00edgy b\u00e1tran v\u00e1s\u00e1rolhat.<\/p>\n","protected":false},"excerpt":{"rendered":"<p>Ezzel az eredeti Lenovo LCD h\u00e1tlappal a T510 \u00e9s W510 modellekhez k\u00e9sz\u00fclt ThinkPad professzion\u00e1lis megjelen\u00e9s\u0171 maradhat. Eredeti cikksz\u00e1m: 75Y4526, t\u00f6k\u00e9letes illeszked\u00e9st \u00e9s megb\u00edzhat\u00f3 tart\u00f3ss\u00e1got biztos\u00edt.<\/p>\n","protected":false},"featured_media":12407,"template":"","meta":[],"product_brand":[],"product_cat":[16],"product_tag":[26],"class_list":{"0":"post-12355","1":"product","2":"type-product","3":"status-publish","4":"has-post-thumbnail","6":"product_cat-laptop-housing","7":"product_tag-lenovo","9":"first","10":"instock","11":"taxable","12":"shipping-taxable","13":"purchasable","14":"product-type-simple"},"_links":{"self":[{"href":"https:\/\/boreait.com\/hu\/wp-json\/wp\/v2\/product\/12355","targetHints":{"allow":["GET"]}}],"collection":[{"href":"https:\/\/boreait.com\/hu\/wp-json\/wp\/v2\/product"}],"about":[{"href":"https:\/\/boreait.com\/hu\/wp-json\/wp\/v2\/types\/product"}],"wp:featuredmedia":[{"embeddable":true,"href":"https:\/\/boreait.com\/hu\/wp-json\/wp\/v2\/media\/12407"}],"wp:attachment":[{"href":"https:\/\/boreait.com\/hu\/wp-json\/wp\/v2\/media?parent=12355"}],"wp:term":[{"taxonomy":"product_brand","embeddable":true,"href":"https:\/\/boreait.com\/hu\/wp-json\/wp\/v2\/product_brand?post=12355"},{"taxonomy":"product_cat","embeddable":true,"href":"https:\/\/boreait.com\/hu\/wp-json\/wp\/v2\/product_cat?post=12355"},{"taxonomy":"product_tag","embeddable":true,"href":"https:\/\/boreait.com\/hu\/wp-json\/wp\/v2\/product_tag?post=12355"}],"curies":[{"name":"wp","href":"https:\/\/api.w.org\/{rel}","templated":true}]}}