{"id":12346,"date":"2025-09-17T13:42:26","date_gmt":"2025-09-17T11:42:26","guid":{"rendered":"https:\/\/boreait.com\/hu\/?post_type=product&#038;p=12346"},"modified":"2025-09-17T13:43:58","modified_gmt":"2025-09-17T11:43:58","slug":"60y3212-eredeti-lenovo-bluetooth-alaplap-thinkpad-t410-hez-eredeti-laptop-alkatresz","status":"publish","type":"product","link":"https:\/\/boreait.com\/hu\/termek\/60y3212-eredeti-lenovo-bluetooth-alaplap-thinkpad-t410-hez-eredeti-laptop-alkatresz\/","title":{"rendered":"60Y3212 Eredeti Lenovo Bluetooth alaplap ThinkPad T410-hez \u2013 Eredeti laptop alkatr\u00e9sz"},"content":{"rendered":"<p data-start=\"505\" data-end=\"771\">Friss\u00edtse vagy cser\u00e9lje ki Lenovo ThinkPad T410s Bluetooth-kapcsolat\u00e1t ezzel az <strong data-start=\"584\" data-end=\"639\">eredeti Lenovo Bluetooth-k\u00e1rty\u00e1val, cikksz\u00e1m: 60Y3212<\/strong>. Ez egy <strong data-start=\"652\" data-end=\"683\">eredeti Lenovo laptop alkatr\u00e9sz<\/strong>, nem egy harmadik f\u00e9lt\u0151l sz\u00e1rmaz\u00f3 csere, amely teljes kompatibilit\u00e1st \u00e9s megb\u00edzhat\u00f3 teljes\u00edtm\u00e9nyt biztos\u00edt.<\/p>\n<p data-start=\"773\" data-end=\"959\">\u2714 <strong data-start=\"775\" data-end=\"796\">FRU\/cikksz\u00e1m<\/strong>: 60Y3212<br data-start=\"805\" data-end=\"808\" \/>\u2714 <strong data-start=\"810\" \/>\u2714 <strong data-start=\"810\">7&#8243;>Compatibility<\/strong>dta:ovo T410s sorozat<br data-start=\"857\" data-end=\"860\" \/>\u2714 <strong data-start=\"862\" data-end=\"875\">\u00c1llapot<\/strong>: Eredeti, tesztelt \u00e9s teljesen m\u0171k\u00f6d\u0151k\u00e9pes<br data-start=\"911\" data-end=\"914\" \/>\u2714 <strong>Internal data-start=&#8221;91&#8243;>4&#8243;-ype=&#8221;6&#8243;-ype&#8221;> Bluetooth k\u00e1rtya modul<\/p>\n<p data-start=\"961\" data-end=\"1204\">Ez a laptop alkatr\u00e9sz ide\u00e1lis, ha a jelenlegi Bluetooth k\u00e1rtya hib\u00e1s, hi\u00e1nyzik vagy cser\u00e9re szorul. Eredeti Lenovo-komponensk\u00e9nt stabil teljes\u00edtm\u00e9nyt, megfelel\u0151 illeszked\u00e9st \u00e9s hossz\u00fa t\u00e1v\u00fa megb\u00edzhat\u00f3s\u00e1got garant\u00e1l az \u00e1ltal\u00e1nos alternat\u00edv\u00e1kkal \u00f6sszehasonl\u00edtva.<\/p>\n<p data-start=\"1206\" data-end=\"1424\">\ud83d\udcf7 <strong data-start=\"1209\" data-end=\"1285\">A list\u00e1n szerepl\u0151 fot\u00f3k az \u00d6n \u00e1ltal megkapott alkatr\u00e9sz t\u00e9nyleges k\u00e9pei.<\/strong><br data-start=\"1285\" data-end=\"1288\" \/>Tov\u00e1bbi \u00fczenetet adunk a laptop r\u00e9sszel kapcsolatban, de \u00fcdv\u00f6z\u00f6lj\u00fck, ha nincs sz\u00fcks\u00e9ge ingyenes telep\u00edt\u00e9si utas\u00edt\u00e1sra. b\u00e1rmikor.<\/p>\n","protected":false},"excerpt":{"rendered":"<p>Eredeti Lenovo Bluetooth k\u00e1rtya (FRU 60Y3212) ThinkPad T410-hez. 100%-ban eredeti laptop alkatr\u00e9sz, tesztelt \u00e9s teljesen m\u0171k\u00f6d\u0151k\u00e9pes.<\/p>\n","protected":false},"featured_media":12406,"template":"","meta":[],"product_brand":[],"product_cat":[27],"product_tag":[26],"class_list":{"0":"post-12346","1":"product","2":"type-product","3":"status-publish","4":"has-post-thumbnail","6":"product_cat-motherboards-board-parts","7":"product_tag-lenovo","9":"first","10":"instock","11":"taxable","12":"shipping-taxable","13":"purchasable","14":"product-type-simple"},"_links":{"self":[{"href":"https:\/\/boreait.com\/hu\/wp-json\/wp\/v2\/product\/12346","targetHints":{"allow":["GET"]}}],"collection":[{"href":"https:\/\/boreait.com\/hu\/wp-json\/wp\/v2\/product"}],"about":[{"href":"https:\/\/boreait.com\/hu\/wp-json\/wp\/v2\/types\/product"}],"wp:featuredmedia":[{"embeddable":true,"href":"https:\/\/boreait.com\/hu\/wp-json\/wp\/v2\/media\/12406"}],"wp:attachment":[{"href":"https:\/\/boreait.com\/hu\/wp-json\/wp\/v2\/media?parent=12346"}],"wp:term":[{"taxonomy":"product_brand","embeddable":true,"href":"https:\/\/boreait.com\/hu\/wp-json\/wp\/v2\/product_brand?post=12346"},{"taxonomy":"product_cat","embeddable":true,"href":"https:\/\/boreait.com\/hu\/wp-json\/wp\/v2\/product_cat?post=12346"},{"taxonomy":"product_tag","embeddable":true,"href":"https:\/\/boreait.com\/hu\/wp-json\/wp\/v2\/product_tag?post=12346"}],"curies":[{"name":"wp","href":"https:\/\/api.w.org\/{rel}","templated":true}]}}