{"id":12343,"date":"2025-09-17T13:42:25","date_gmt":"2025-09-17T11:42:25","guid":{"rendered":"https:\/\/boreait.com\/hu\/?post_type=product&#038;p=12343"},"modified":"2026-02-01T12:25:37","modified_gmt":"2026-02-01T11:25:37","slug":"lenovo-t510-w510-csuklotamasz-erintopad-ujjlenyomattal-60-4cu13-001-laptop-alkatreszek","status":"publish","type":"product","link":"https:\/\/boreait.com\/hu\/termek\/lenovo-t510-w510-csuklotamasz-erintopad-ujjlenyomattal-60-4cu13-001-laptop-alkatreszek\/","title":{"rendered":"Lenovo T510 \/ W510 csukl\u00f3t\u00e1masz \u00e9rint\u0151paddal, ujjlenyomat-olvas\u00f3 N\u00c9LK\u00dcL \u2013 60.4CU13.001"},"content":{"rendered":"<p data-start=\"114\" data-end=\"418\">Friss\u00edtse vagy cser\u00e9lje Lenovo laptopja alkatr\u00e9sz\u00e9t ezzel az eredeti Lenovo T510\/W510 csukl\u00f3t\u00e1masz egys\u00e9ggel, be\u00e9p\u00edtett \u00e9rint\u0151paddal. Az alkatr\u00e9sz FRU\/alkatr\u00e9szsz\u00e1ma <strong data-start=\"280\" data-end=\"296\">60.4CU13.001<\/strong>, \u00e9s t\u00f6k\u00e9letes illeszked\u00e9st, valamint teljes kompatibilit\u00e1st biztos\u00edt a <strong data-start=\"368\" data-end=\"392\">Lenovo ThinkPad T510<\/strong> \u00e9s <strong data-start=\"396\" data-end=\"404\">W510<\/strong> sorozatokhoz.<\/p>\n<p data-start=\"420\" data-end=\"613\">\u2714 <strong data-start=\"422\" data-end=\"438\">Tartalmazza:<\/strong> csukl\u00f3t\u00e1masz h\u00e1z, integr\u00e1lt \u00e9rint\u0151pad<br data-start=\"476\" data-end=\"479\" \/>\u2714 <strong data-start=\"481\" data-end=\"493\">\u00c1llapot:<\/strong> tesztelt, teljesen m\u0171k\u00f6d\u0151k\u00e9pes<br data-start=\"524\" data-end=\"527\" \/>\u2714 <strong data-start=\"529\" data-end=\"548\">Kompatibilit\u00e1s:<\/strong> Lenovo ThinkPad T510, W510<br data-start=\"575\" data-end=\"578\" \/>\u2714 <strong data-start=\"580\" data-end=\"598\">Alkatr\u00e9szsz\u00e1m:<\/strong> 60.4CU13.001<\/p>\n<p data-start=\"615\" data-end=\"874\">Ez egy <strong data-start=\"622\" data-end=\"655\">eredeti Lenovo cserealkatr\u00e9sz<\/strong>, ide\u00e1lis a laptop haszn\u00e1lhat\u00f3s\u00e1g\u00e1nak helyre\u00e1ll\u00edt\u00e1s\u00e1hoz \u00e9s kiv\u00e1l\u00f3 \u00e1llapot\u00e1nak meg\u0151rz\u00e9s\u00e9hez. Ak\u00e1r hib\u00e1s \u00e9rint\u0151padot jav\u00edt, ak\u00e1r kopott csukl\u00f3t\u00e1maszt cser\u00e9l, ez az alkatr\u00e9sz hossz\u00fa t\u00e1v\u00fa, megb\u00edzhat\u00f3 teljes\u00edtm\u00e9nyt biztos\u00edt.<\/p>\n<p data-start=\"876\" data-end=\"905\"><strong data-start=\"876\" data-end=\"905\">K\u00e9rj\u00fck, vegye figyelembe:<\/strong><\/p>\n<p data-start=\"907\" data-end=\"1007\">Ez a hirdet\u00e9s <strong data-start=\"921\" data-end=\"953\">csak a csukl\u00f3t\u00e1masz egys\u00e9get<\/strong> tartalmazza; beszerel\u00e9si \u00fatmutat\u00f3 nem tartozik hozz\u00e1.<\/p>\n<p data-start=\"1009\" data-end=\"1084\">Ha seg\u00edts\u00e9gre vagy tan\u00e1csra van sz\u00fcks\u00e9ge a cser\u00e9hez, b\u00e1rmikor \u00edrjon nek\u00fcnk.<\/p>\n<p data-start=\"1086\" data-end=\"1177\">Minden fot\u00f3 <strong data-start=\"1098\" data-end=\"1114\">val\u00f3di k\u00e9pet<\/strong> mutat a pontosan arr\u00f3l az alkatr\u00e9szr\u0151l, amelyet meg fog kapni.<\/p>\n<p data-start=\"1179\" data-end=\"1406\" data-is-last-node=\"\" data-is-only-node=\"\">Keltse \u00faj \u00e9letre Lenovo laptopj\u00e1t ezzel a kiv\u00e1l\u00f3 min\u0151s\u00e9g\u0171 cserealkatr\u00e9sszel!<\/p>\n","protected":false},"excerpt":{"rendered":"<p>Eredeti Lenovo T510\/W510 csukl\u00f3t\u00e1masz \u00e9rint\u0151paddal. Alkatr\u00e9szsz\u00e1m: 60.4CU13.001. Tesztelt, megb\u00edzhat\u00f3 \u00e9s be\u00e9p\u00edt\u00e9sre k\u00e9sz. Val\u00f3di term\u00e9kfot\u00f3kkal.<\/p>\n","protected":false},"featured_media":12402,"template":"","meta":[],"product_brand":[],"product_cat":[16],"product_tag":[26],"class_list":{"0":"post-12343","1":"product","2":"type-product","3":"status-publish","4":"has-post-thumbnail","6":"product_cat-laptop-housing","7":"product_tag-lenovo","9":"first","10":"instock","11":"taxable","12":"shipping-taxable","13":"purchasable","14":"product-type-simple"},"_links":{"self":[{"href":"https:\/\/boreait.com\/hu\/wp-json\/wp\/v2\/product\/12343","targetHints":{"allow":["GET"]}}],"collection":[{"href":"https:\/\/boreait.com\/hu\/wp-json\/wp\/v2\/product"}],"about":[{"href":"https:\/\/boreait.com\/hu\/wp-json\/wp\/v2\/types\/product"}],"wp:featuredmedia":[{"embeddable":true,"href":"https:\/\/boreait.com\/hu\/wp-json\/wp\/v2\/media\/12402"}],"wp:attachment":[{"href":"https:\/\/boreait.com\/hu\/wp-json\/wp\/v2\/media?parent=12343"}],"wp:term":[{"taxonomy":"product_brand","embeddable":true,"href":"https:\/\/boreait.com\/hu\/wp-json\/wp\/v2\/product_brand?post=12343"},{"taxonomy":"product_cat","embeddable":true,"href":"https:\/\/boreait.com\/hu\/wp-json\/wp\/v2\/product_cat?post=12343"},{"taxonomy":"product_tag","embeddable":true,"href":"https:\/\/boreait.com\/hu\/wp-json\/wp\/v2\/product_tag?post=12343"}],"curies":[{"name":"wp","href":"https:\/\/api.w.org\/{rel}","templated":true}]}}