{"id":12341,"date":"2025-09-17T13:42:25","date_gmt":"2025-09-17T11:42:25","guid":{"rendered":"https:\/\/boreait.com\/hu\/?post_type=product&#038;p=12341"},"modified":"2026-02-09T12:01:10","modified_gmt":"2026-02-09T11:01:10","slug":"laptop-alkatreszek-egyenaramu-tapcsatlakozo-kabel-lenovo-thinkpad-t510-t520-t530-w510-w520-w530","status":"publish","type":"product","link":"https:\/\/boreait.com\/hu\/termek\/laptop-alkatreszek-egyenaramu-tapcsatlakozo-kabel-lenovo-thinkpad-t510-t520-t530-w510-w520-w530\/","title":{"rendered":"Laptop alkatr\u00e9szek | Egyen\u00e1ram\u00fa t\u00e1pcsatlakoz\u00f3 k\u00e1bel Lenovo ThinkPad T510 T520 T530 W510 W520 W530"},"content":{"rendered":"<p data-start=\"663\" data-end=\"905\">Friss\u00edtse vagy jav\u00edtsa meg Lenovo ThinkPadj\u00e9t ezzel a <strong data-start=\"712\" data-end=\"770\">kiv\u00e1l\u00f3 min\u0151s\u00e9g\u0171 DC t\u00e1pcsatlakoz\u00f3 csatlakoz\u00f3k\u00e1bel cser\u00e9j\u00e9vel<\/strong>. Ez a kifejezetten a ThinkPad modellek sz\u00e9les sk\u00e1l\u00e1j\u00e1hoz tervezett alkatr\u00e9sz ide\u00e1lis a laptop stabil t\u00e1pell\u00e1t\u00e1s\u00e1nak helyre\u00e1ll\u00edt\u00e1s\u00e1hoz.<\/p>\n<p data-start=\"907\" data-end=\"931\"><strong data-start=\"907\" data-end=\"929\">Kompatibilis modellek:<\/strong><\/p>\n<ul data-start=\"932\" data-end=\"1069\">\n<li data-start=\"932\" data-end=\"964\">\n<p data-start=\"934\" data-end=\"964\">Lenovo ThinkPad T510 \/ T510i<\/p>\n<\/li>\n<li data-start=\"965\" data-end=\"997\">\n<p data-start=\"967\" data-end=\"997\">Lenovo ThinkPad T520 \/ T520i<\/p>\n<\/li>\n<li data-start=\"998\" data-end=\"1030\">\n<p data-start=\"1000\" data-end=\"1030\">Lenovo ThinkPad T530 \/ T530i<\/p>\n<\/li>\n<li data-start=\"1031\" data-end=\"1069\">\n<p data-start=\"1033\" data-end=\"1069\">Lenovo ThinkPad W510 \/ W520 \/ W530<\/p>\n<\/li>\n<\/ul>\n<p data-start=\"1071\" data-end=\"1102\"><strong data-start=\"1071\" data-end=\"1087\">Alkatr\u00e9szsz\u00e1m:<\/strong> 50.4CU05.001<\/p>\n<p data-start=\"1104\" data-end=\"1291\">Ez a laptop alkatr\u00e9sz <strong data-start=\"1126\" data-end=\"1148\">k\u00f6zvetlen\u00fcl helyettes\u00edti<\/strong> az eredeti egyen\u00e1ram\u00fa t\u00e1pk\u00e1belt. T\u00f6k\u00e9letes megold\u00e1s, ha a jelenlegi t\u00e1pcsatlakoz\u00f3ja meglazult, s\u00e9r\u00fclt, vagy m\u00e1r nem t\u00f6lt\u0151dik megfelel\u0151en.<\/p>\n<p data-start=\"1293\" data-end=\"1459\">\u2714 100%-ban vadonat\u00faj, tesztelve a m\u0171k\u00f6d\u0151k\u00e9pess\u00e9g szempontj\u00e1b\u00f3l<br data-start=\"1335\" data-end=\"1338\" \/>\u2714 Val\u00f3di term\u00e9kfot\u00f3k \u2013 amit l\u00e1tsz, azt kapsz<br data-start=\"1397\" data-end=\"140DThink0\"\/140ThinkPad-end=\"1. sorozatmodellek<\/p>\n<p data-start=\"1461\" data-end=\"1605\">Ha <strong data-start=\"1483\" data-end=\"1507\">eredeti laptop-alkatr\u00e9szeket<\/strong> keres a ThinkPad \u00e9lettartam\u00e1nak meghosszabb\u00edt\u00e1sa \u00e9rdek\u00e9ben, ez az egyen\u00e1ram\u00fa t\u00e1pcsatlakoz\u00f3-k\u00e1bel kiv\u00e1l\u00f3 v\u00e1laszt\u00e1s.<\/p>\n<p data-start=\"1607\" data-end=\"1744\">\u26a0 <strong data-start=\"1609\" data-end=\"1618\">Megjegyz\u00e9s:<\/strong> Nem adunk telep\u00edt\u00e9si utas\u00edt\u00e1sokat. Ha seg\u00edts\u00e9gre van sz\u00fcks\u00e9ge ennek az alkatr\u00e9sznek a felszerel\u00e9s\u00e9hez, b\u00e1tran \u00edrjon nek\u00fcnk \u00fatmutat\u00e1s\u00e9rt.<\/p>\n","protected":false},"excerpt":{"rendered":"<p>Megb\u00edzhat\u00f3 <strong data-start=\"383\" data-end=\"428\">DC t\u00e1pcsatlakoz\u00f3 csatlakoz\u00f3k\u00e1bel csere<\/strong> Lenovo ThinkPad T510, T520, T530, W510, W520, W530 \u00e9s kompatibilis modellekhez. 100%-ban tesztelt laptop alkatr\u00e9sz \u2013 a f\u00e9nyk\u00e9pek pontosan azt mutatj\u00e1k, amit kapsz.<\/p>\n","protected":false},"featured_media":12399,"template":"","meta":[],"product_brand":[],"product_cat":[20],"product_tag":[26],"class_list":{"0":"post-12341","1":"product","2":"type-product","3":"status-publish","4":"has-post-thumbnail","6":"product_cat-cables","7":"product_tag-lenovo","9":"first","10":"instock","11":"taxable","12":"shipping-taxable","13":"purchasable","14":"product-type-simple"},"_links":{"self":[{"href":"https:\/\/boreait.com\/hu\/wp-json\/wp\/v2\/product\/12341","targetHints":{"allow":["GET"]}}],"collection":[{"href":"https:\/\/boreait.com\/hu\/wp-json\/wp\/v2\/product"}],"about":[{"href":"https:\/\/boreait.com\/hu\/wp-json\/wp\/v2\/types\/product"}],"wp:featuredmedia":[{"embeddable":true,"href":"https:\/\/boreait.com\/hu\/wp-json\/wp\/v2\/media\/12399"}],"wp:attachment":[{"href":"https:\/\/boreait.com\/hu\/wp-json\/wp\/v2\/media?parent=12341"}],"wp:term":[{"taxonomy":"product_brand","embeddable":true,"href":"https:\/\/boreait.com\/hu\/wp-json\/wp\/v2\/product_brand?post=12341"},{"taxonomy":"product_cat","embeddable":true,"href":"https:\/\/boreait.com\/hu\/wp-json\/wp\/v2\/product_cat?post=12341"},{"taxonomy":"product_tag","embeddable":true,"href":"https:\/\/boreait.com\/hu\/wp-json\/wp\/v2\/product_tag?post=12341"}],"curies":[{"name":"wp","href":"https:\/\/api.w.org\/{rel}","templated":true}]}}