{"id":12339,"date":"2025-09-17T13:42:24","date_gmt":"2025-09-17T11:42:24","guid":{"rendered":"https:\/\/boreait.com\/hu\/?post_type=product&#038;p=12339"},"modified":"2025-09-17T13:43:37","modified_gmt":"2025-09-17T11:43:37","slug":"lenovo-thinkpad-t510-w510-hangszorok-bal-es-jobb-60y5751-60y5752-eredeti-laptop-alkatreszek","status":"publish","type":"product","link":"https:\/\/boreait.com\/hu\/termek\/lenovo-thinkpad-t510-w510-hangszorok-bal-es-jobb-60y5751-60y5752-eredeti-laptop-alkatreszek\/","title":{"rendered":"Lenovo ThinkPad T510 W510 hangsz\u00f3r\u00f3k bal \u00e9s jobb 60Y5751 60Y5752 | Eredeti laptop alkatr\u00e9szek"},"content":{"rendered":"<p data-start=\"661\" data-end=\"923\">Kezdje \u00fajra \u00e9letre Lenovo ThinkPad T510 W510 k\u00e9sz\u00fcl\u00e9k\u00e9t ezzel az eredeti <strong data-start=\"724\" data-end=\"762\">60Y5751 hangsug\u00e1rz\u00f3k\u00e9szlettel (bal \u00e9s jobb)<\/strong>.<br data-start=\"763\"6 az eredeti hangsz\u00f3r\u00f3k 6\" \/-end> A T510 tiszta \u00e9s kiegyens\u00falyozott hangmin\u0151s\u00e9get biztos\u00edt zen\u00e9hez, h\u00edv\u00e1sokhoz \u00e9s mindennapi haszn\u00e1lathoz.<\/p>\n<p data-start=\"925\" data-end=\"1159\">A <strong data-start=\"928\" data-end=\"942\">Siggmo<\/strong>n\u00e1l kiv\u00e1l\u00f3 min\u0151s\u00e9g\u0171 <strong data-start=\"974\" data-end=\"990\">laptop-alkatr\u00e9szekre<\/strong> szakosodunk, amelyeket k\u00f6zvetlen\u00fcl megb\u00edzhat\u00f3 besz\u00e1ll\u00edt\u00f3kt\u00f3l szerz\u00fcnk be. Minden elemet tesztelnek \u00e9s lef\u00e9nyk\u00e9peznek, \u00edgy magabiztosan v\u00e1s\u00e1rolhat, tudv\u00e1n, hogy a l\u00e1tott term\u00e9ket kapja meg.<\/p>\n<p data-start=\"1161\" data-end=\"1185\">\u2705 <strong data-start=\"1163\" data-end=\"1183\">Term\u00e9kfunkci\u00f3k<\/strong><\/p>\n<ul data-start=\"1186\" data-end=\"1379\">\n<li data-start=\"1186\" data-end=\"1214\">\n<p data-start=\"1188\" data-end=\"1214\">Alkatr\u00e9szsz\u00e1m: <strong data-start=\"1201\" data-end=\"1212\">60Y5751<\/strong><\/p>\n<\/li>\n<li data-start=\"1215\" data-end=\"1261\">\n<p data-start=\"1217\" data-end=\"1261\">Kompatibilis modell: <strong data-start=\"1235\" data-end=\"1259\">Lenovo ThinkPad T510 \/ W510\u00a0<\/strong><\/p>\n<\/li>\n<li data-start=\"1262\" data-end=\"1308\">\n<p data-start=\"1264\" data-end=\"1308\">Tartalmazza: <strong data-start=\"1274\" data-end=\"1306\">Bal \u00e9s amp; Jobb hangsz\u00f3r\u00f3k (p\u00e1r)<\/strong><\/p>\n<\/li>\n<li data-start=\"1309\" data-end=\"1341\">\n<p data-start=\"1311\" data-end=\"1341\">Eredeti, tesztelt laptop alkatr\u00e9szek<\/p>\n<\/li>\n<li data-start=\"1342\" data-end=\"1379\">\n<p data-start=\"1344\" data-end=\"1379\">Val\u00f3di fot\u00f3k a t\u00e9nyleges term\u00e9kr\u0151l<\/p>\n<\/li>\n<\/ul>\n<p data-start=\"1381\" data-end=\"1403\">\u26a1 <strong data-start=\"1383\" data-end=\"1401\">Mi\u00e9rt v\u00e1lasszon minket?<\/strong><\/p>\n<ul data-start=\"1404\" data-end=\"1620\">\n<li data-start=\"1404\" data-end=\"1447\">\n<p data-start=\"1406\" data-end=\"1447\">100%-ban hiteles laptop cserealkatr\u00e9szek<\/p>\n<\/li>\n<li data-start=\"1448\" data-end=\"1484\">\n<p data-start=\"1450\" data-end=\"1484\">Sz\u00e1ll\u00edt\u00e1s el\u0151tt gondosan tesztelve<\/p>\n<\/li>\n<li data-start=\"1485\" data-end=\"1527\">\n<p data-start=\"1487\" data-end=\"1527\">Sz\u00e1ll\u00edt\u00e1sok Eur\u00f3p\u00e1b\u00f3l, vil\u00e1gszerte el\u00e9rhet\u0151<\/p>\n<\/li>\n<li data-start=\"1528\" data-end=\"1620\">\n<p data-start=\"1530\" data-end=\"1620\">Bar\u00e1ts\u00e1gos \u00fcgyf\u00e9lszolg\u00e1lat \u2013 ha seg\u00edts\u00e9gre van sz\u00fcks\u00e9ge a kompatibilit\u00e1s azonos\u00edt\u00e1s\u00e1hoz, csak \u00edrjon nek\u00fcnk!<\/p>\n<\/li>\n<\/ul>\n<p data-start=\"1622\" data-end=\"1783\"><strong data-start=\"1622\" data-end=\"1631\">Megjegyz\u00e9s:<\/strong> Ez a lista csak a hangsz\u00f3r\u00f3k\u00e9szletre vonatkozik. A telep\u00edt\u00e9si utas\u00edt\u00e1sokat nem adjuk meg, de sz\u00edvesen v\u00e1laszolunk minden k\u00e9rd\u00e9sre, ha seg\u00edts\u00e9gre van sz\u00fcks\u00e9ge.<\/p>\n<p data-start=\"1785\" data-end=\"1884\">Friss\u00edtse ThinkPad T510 k\u00e9sz\u00fcl\u00e9k\u00e9t megb\u00edzhat\u00f3 eredeti alkatr\u00e9szekkel, \u00e9s \u00e9lvezze \u00fajra a krist\u00e1lytiszta hangz\u00e1st.<\/p>\n","protected":false},"excerpt":{"rendered":"<p>Eredeti bal \u00e9s jobb hangsz\u00f3r\u00f3k\u00e9szlet (60Y5751) Lenovo ThinkPad T510 vagy W510 k\u00e9sz\u00fcl\u00e9kekhez. Tesztelt \u00e9s eredeti laptop-alkatr\u00e9szek val\u00f3di fot\u00f3kkal a kapott term\u00e9kr\u0151l.<\/p>\n","protected":false},"featured_media":12387,"template":"","meta":[],"product_brand":[],"product_cat":[18],"product_tag":[26],"class_list":{"0":"post-12339","1":"product","2":"type-product","3":"status-publish","4":"has-post-thumbnail","6":"product_cat-laptop-speakers","7":"product_tag-lenovo","9":"first","10":"instock","11":"taxable","12":"shipping-taxable","13":"purchasable","14":"product-type-simple"},"_links":{"self":[{"href":"https:\/\/boreait.com\/hu\/wp-json\/wp\/v2\/product\/12339","targetHints":{"allow":["GET"]}}],"collection":[{"href":"https:\/\/boreait.com\/hu\/wp-json\/wp\/v2\/product"}],"about":[{"href":"https:\/\/boreait.com\/hu\/wp-json\/wp\/v2\/types\/product"}],"wp:featuredmedia":[{"embeddable":true,"href":"https:\/\/boreait.com\/hu\/wp-json\/wp\/v2\/media\/12387"}],"wp:attachment":[{"href":"https:\/\/boreait.com\/hu\/wp-json\/wp\/v2\/media?parent=12339"}],"wp:term":[{"taxonomy":"product_brand","embeddable":true,"href":"https:\/\/boreait.com\/hu\/wp-json\/wp\/v2\/product_brand?post=12339"},{"taxonomy":"product_cat","embeddable":true,"href":"https:\/\/boreait.com\/hu\/wp-json\/wp\/v2\/product_cat?post=12339"},{"taxonomy":"product_tag","embeddable":true,"href":"https:\/\/boreait.com\/hu\/wp-json\/wp\/v2\/product_tag?post=12339"}],"curies":[{"name":"wp","href":"https:\/\/api.w.org\/{rel}","templated":true}]}}