{"id":12338,"date":"2025-09-17T13:42:24","date_gmt":"2025-09-17T11:42:24","guid":{"rendered":"https:\/\/boreait.com\/hu\/?post_type=product&#038;p=12338"},"modified":"2025-09-17T13:43:35","modified_gmt":"2025-09-17T11:43:35","slug":"hdd-merevlemez-borito-caddy-sinek-ibm-lenovo-t510-t510i-t520-t520i-60y5500-hasznalt-laptop-alkatreszek","status":"publish","type":"product","link":"https:\/\/boreait.com\/hu\/termek\/hdd-merevlemez-borito-caddy-sinek-ibm-lenovo-t510-t510i-t520-t520i-60y5500-hasznalt-laptop-alkatreszek\/","title":{"rendered":"HDD merevlemez bor\u00edt\u00f3 Caddy s\u00ednek IBM Lenovo T510 T510i T520 T520i 60Y5500 \u2013 Haszn\u00e1lt laptop alkatr\u00e9szek"},"content":{"rendered":"<p data-start=\"613\" data-end=\"798\">Ez a lista egy <strong data-start=\"636\" data-end=\"686\">eredeti, s\u00ednekkel ell\u00e1tott merevlemez-meghajt\u00f3 burkolat<\/strong>ra vonatkozik, amelyet az IBM Lenovo ThinkPad modellekhez terveztek. <strong data-start=\"727\" data-end=\"759\" T210,0,0,5 T520i<\/strong>t. Az FRU cikksz\u00e1ma <strong data-start=\"784\" data-end=\"795\">60Y5500<\/strong>.<\/p>\n<p data-start=\"800\" data-end=\"1192\">\u2705 <strong data-start=\"802\" data-end=\"816\">\u00c1llapot:<\/strong> Haszn\u00e1lt, de teljesen m\u0171k\u00f6d\u0151k\u00e9pes, j\u00f3 \u00e1llapotban.<br data-start=\"869\" data-end=\"872\" \/>\u2705 <strong data-start=\"872\" \/>\u2705 <strong data-start=\"878:2\"<\/strong>data-end=&#8221;878:2&#8243;> ThinkPad T510 \/ T510i \/ T520 \/ T520i.<br data-start=\"942\" data-end=\"945\" \/>\u2705 <strong data-start=\"947\" data-end=\"963\">Alkatr\u00e9szsz\u00e1m:<\/strong> FRU 60Y5500.<br data-start=\"979\"9 data-end=\"979\"9 data-end=\"979\" data-start=\"981\" data-end=\"998\">Eredeti alkatr\u00e9sz:<\/strong> Ez nem egy ut\u00e1ngy\u00e1rtott darab; ez egy eredeti Lenovo alkatr\u00e9sz a megb\u00edzhat\u00f3 illeszked\u00e9s \u00e9s teljes\u00edtm\u00e9ny \u00e9rdek\u00e9ben.<br data-start=\"1096\" data-end=\"1099\" \/>\u2705 <strong data-start=\"1101\" data-end=\"1112\">Fot\u00f3k:<\/strong> A megjelen\u00edtett k\u00e9pek val\u00f3s k\u00e9pek a pontos laptop-alkatr\u00e9szr\u0151l, amelyet \u00d6n kap.<\/p>\n<p data-start=\"1194\" data-end=\"1422\">Ez a s\u00ednekkel ell\u00e1tott merevlemez-fed\u00e9l elengedhetetlen a HDD biztons\u00e1gos telep\u00edt\u00e9s\u00e9hez vagy cser\u00e9j\u00e9hez ThinkPad laptopj\u00e1ban. Ak\u00e1r rendszert jav\u00edt, ak\u00e1r hi\u00e1nyz\u00f3 alkatr\u00e9szt cser\u00e9l, ez az eredeti caddy biztos\u00edtja a megfelel\u0151 illeszked\u00e9st.<\/p>\n<p data-start=\"1424\" data-end=\"1553\">\ud83d\udd27 K\u00e9rj\u00fck, vegye figyelembe: <strong data-start=\"1440\" data-end=\"1486\">Nem tartalmaz telep\u00edt\u00e9si utas\u00edt\u00e1st.<\/strong> Ha seg\u00edts\u00e9gre van sz\u00fcks\u00e9ge, b\u00e1tran \u00edrjon nek\u00fcnk \u00fatmutat\u00e1s\u00e9rt.<\/p>\n<p data-start=\"1555\" data-end=\"1684\">Ez a term\u00e9k a <strong data-start=\"1592\" data-end=\"1616\">min\u0151s\u00e9gi laptop-alkatr\u00e9szeink<\/strong> k\u00edn\u00e1lat\u00e1nak r\u00e9sz\u00e9t k\u00e9pezi, tesztelve, \u00e9s k\u00e9szen \u00e1ll a vil\u00e1gszerte t\u00f6rt\u00e9n\u0151 sz\u00e1ll\u00edt\u00e1sra eur\u00f3pai rakt\u00e1runkb\u00f3l.<\/p>\n","protected":false},"excerpt":{"rendered":"<p>Haszn\u00e1lt, eredeti merevlemez-meghajt\u00f3 burkolat s\u00ednekkel, kompatibilis az IBM Lenovo ThinkPad T510, T510i, T520 \u00e9s T520i (FRU 60Y5500) k\u00e9sz\u00fcl\u00e9kekkel. 100%-ban eredeti laptop alkatr\u00e9sz, tesztelve \u00e9s cser\u00e9re k\u00e9sz.<\/p>\n","protected":false},"featured_media":12385,"template":"","meta":[],"product_brand":[],"product_cat":[16],"product_tag":[26],"class_list":{"0":"post-12338","1":"product","2":"type-product","3":"status-publish","4":"has-post-thumbnail","6":"product_cat-laptop-housing","7":"product_tag-lenovo","9":"first","10":"instock","11":"taxable","12":"shipping-taxable","13":"purchasable","14":"product-type-simple"},"_links":{"self":[{"href":"https:\/\/boreait.com\/hu\/wp-json\/wp\/v2\/product\/12338","targetHints":{"allow":["GET"]}}],"collection":[{"href":"https:\/\/boreait.com\/hu\/wp-json\/wp\/v2\/product"}],"about":[{"href":"https:\/\/boreait.com\/hu\/wp-json\/wp\/v2\/types\/product"}],"wp:featuredmedia":[{"embeddable":true,"href":"https:\/\/boreait.com\/hu\/wp-json\/wp\/v2\/media\/12385"}],"wp:attachment":[{"href":"https:\/\/boreait.com\/hu\/wp-json\/wp\/v2\/media?parent=12338"}],"wp:term":[{"taxonomy":"product_brand","embeddable":true,"href":"https:\/\/boreait.com\/hu\/wp-json\/wp\/v2\/product_brand?post=12338"},{"taxonomy":"product_cat","embeddable":true,"href":"https:\/\/boreait.com\/hu\/wp-json\/wp\/v2\/product_cat?post=12338"},{"taxonomy":"product_tag","embeddable":true,"href":"https:\/\/boreait.com\/hu\/wp-json\/wp\/v2\/product_tag?post=12338"}],"curies":[{"name":"wp","href":"https:\/\/api.w.org\/{rel}","templated":true}]}}