{"id":12327,"date":"2025-09-17T13:42:22","date_gmt":"2025-09-17T11:42:22","guid":{"rendered":"https:\/\/boreait.com\/hu\/?post_type=product&#038;p=12327"},"modified":"2025-09-17T13:43:08","modified_gmt":"2025-09-17T11:43:08","slug":"dell-latitude-5280-5590-laptop-alkatreszek-bal-jobb-egergombbal-a169b1-pk37b00jr00","status":"publish","type":"product","link":"https:\/\/boreait.com\/hu\/termek\/dell-latitude-5280-5590-laptop-alkatreszek-bal-jobb-egergombbal-a169b1-pk37b00jr00\/","title":{"rendered":"Dell Latitude 5280 5590 laptop alkatr\u00e9szek bal jobb eg\u00e9rgombbal A169B1 PK37B00JR00"},"content":{"rendered":"<p data-start=\"620\" data-end=\"828\">Friss\u00edtse vagy jav\u00edtsa meg Dell Latitude-j\u00e1t ezzel az <strong data-start=\"667\" data-end=\"690\">eredeti laptop-r\u00e9sszel<\/strong> \u2013 a <strong data-start=\"697\" data-end=\"765\">bal \u00e9s jobb eg\u00e9rgombos gombokkal kompatibilis k\u00e1rty\u00e1val (A169,701) \/0J>R07B0. Dell Latitude <strong data-start=\"797\" data-end=\"805\">5280<\/strong> \u00e9s <strong data-start=\"810\" data-end=\"818\">5590<\/strong> modellek.<\/p>\n<p data-start=\"830\" data-end=\"1060\">\u2714 <strong data-start=\"832\" data-end=\"849\">Alkatr\u00e9szsz\u00e1mok:<\/strong> A169B1, PK37B00JR00<br data-start=\"869\" data-end=\"872\" \/>\u2714\u2714 <strong data-start=\"832\" data-end=\"849\">Alkatr\u00e9szek Modellek:<\/strong> Dell Latitude 5280, Dell Latitude 5590<br data-start=\"935\" data-end=\"938\" \/>\u2714 <strong data-start=\"940\" data-end=\"954\">\u00c1llapot:<\/strong> Teljesen tesztelt, eredeti laptop alkatr\u00e9sz<br data-start=\"988\" <strong data-end=\"988\" data-start=\"993\" data-end=\"1011\">Funkci\u00f3k:<\/strong> Vissza\u00e1ll\u00edtja a z\u00f6kken\u0151mentes bal \u00e9s jobb kattint\u00e1s m\u0171k\u00f6d\u00e9s\u00e9t<\/p>\n<p data-start=\"1062\" data-end=\"1252\">Ez a r\u00e9sz ide\u00e1lis megold\u00e1s, ha laptopja \u00e9rint\u0151padj\u00e1nak gombjai nem reag\u00e1lnak, meglazulnak vagy nem m\u0171k\u00f6dnek megfelel\u0151en. Az adatlapon szerepl\u0151 \u00f6sszes fot\u00f3 a <strong data-start=\"1219\" data-end=\"1249\">t\u00e9nyleges r\u00e9szr\u0151l sz\u00f3l, amelyet \u00d6n kap<\/strong>.<\/p>\n<p data-start=\"1254\" data-end=\"1390\">\ud83d\udca1 <strong data-start=\"1257\" data-end=\"1266\">Megjegyz\u00e9s:<\/strong> A telep\u00edt\u00e9si utas\u00edt\u00e1sokat nem tartalmazza, de ha \u00fatmutat\u00e1sra van sz\u00fcks\u00e9ge, nyugodtan \u00edrjon nek\u00fcnk, \u00e9s \u00f6r\u00f6mmel seg\u00edt\u00fcnk.<\/p>\n","protected":false},"excerpt":{"rendered":"<p>Csere balra &amp; jobb eg\u00e9rgombos gombos k\u00e1rtya A169B1 PK37B00JR00 Dell Latitude 5280 \/ 5590-hez. 100%-ban tesztelt, eredeti laptop alkatr\u00e9sz.<\/p>\n","protected":false},"featured_media":12365,"template":"","meta":[],"product_brand":[],"product_cat":[42],"product_tag":[],"class_list":{"0":"post-12327","1":"product","2":"type-product","3":"status-publish","4":"has-post-thumbnail","6":"product_cat-laptop-touchpads","8":"first","9":"instock","10":"taxable","11":"shipping-taxable","12":"purchasable","13":"product-type-simple"},"_links":{"self":[{"href":"https:\/\/boreait.com\/hu\/wp-json\/wp\/v2\/product\/12327","targetHints":{"allow":["GET"]}}],"collection":[{"href":"https:\/\/boreait.com\/hu\/wp-json\/wp\/v2\/product"}],"about":[{"href":"https:\/\/boreait.com\/hu\/wp-json\/wp\/v2\/types\/product"}],"wp:featuredmedia":[{"embeddable":true,"href":"https:\/\/boreait.com\/hu\/wp-json\/wp\/v2\/media\/12365"}],"wp:attachment":[{"href":"https:\/\/boreait.com\/hu\/wp-json\/wp\/v2\/media?parent=12327"}],"wp:term":[{"taxonomy":"product_brand","embeddable":true,"href":"https:\/\/boreait.com\/hu\/wp-json\/wp\/v2\/product_brand?post=12327"},{"taxonomy":"product_cat","embeddable":true,"href":"https:\/\/boreait.com\/hu\/wp-json\/wp\/v2\/product_cat?post=12327"},{"taxonomy":"product_tag","embeddable":true,"href":"https:\/\/boreait.com\/hu\/wp-json\/wp\/v2\/product_tag?post=12327"}],"curies":[{"name":"wp","href":"https:\/\/api.w.org\/{rel}","templated":true}]}}