{"id":12325,"date":"2025-09-17T13:42:22","date_gmt":"2025-09-17T11:42:22","guid":{"rendered":"https:\/\/boreait.com\/hu\/?post_type=product&#038;p=12325"},"modified":"2025-09-17T13:43:02","modified_gmt":"2025-09-17T11:43:02","slug":"laptop-kepernyo-n156hga-ea3-156-fhd-ips-matt-30-tus-lenovo-ideapad-3-hoz","status":"publish","type":"product","link":"https:\/\/boreait.com\/hu\/termek\/laptop-kepernyo-n156hga-ea3-156-fhd-ips-matt-30-tus-lenovo-ideapad-3-hoz\/","title":{"rendered":"Laptop k\u00e9perny\u0151 N156HGA-EA3 15,6&#8243; FHD IPS matt 30 t\u0171s Lenovo IdeaPad 3-hoz"},"content":{"rendered":"<p><strong>T\u00e9nyleges LCD-k\u00e9perny\u0151s modell: N156HCA-EAC C2 vagy NT156FHM-N43 V8.0 \u2013 TELJESEN KOMPATIBILIS AZ N156HGA-EA3 REV.C3 \/ SD10W69527 \/ FRU 5D10W69517 LAPTOP K\u00c9PERNY\u0150VEL<\/strong><\/p>\n<p data-start=\"68\" data-end=\"821\">Ez a vadonat\u00faj csere laptop k\u00e9perny\u0151je \u00e9les l\u00e1tv\u00e1nyt \u00e9s megb\u00edzhat\u00f3 teljes\u00edtm\u00e9nyt ny\u00fajt. T\u00edpus: <strong data-start=\"217\" data-end=\"271\">N156HGA-EA3 REV.C3 \/ PN SD10W69527, FRU 5D10W69517<\/strong>, kompatibilis a Lenovo k\u00fcl\u00f6nf\u00e9le notebookjaival, bele\u00e9rtve a <strong data-start=\"331\" data-endL andLenovo Idea58\">6 egy\u00e9b<\/strong> ugyanazt a panelt\u00edpust haszn\u00e1l\u00f3 modellek. A <strong data-start=\"415\" data-end=\"459\">15,6 h\u00fcvelykes Full HD (1920&#215;1080) felbont\u00e1ssal<\/strong> \u00e9s <strong data-start=\"465\" data-end=\"483\">IPS technol\u00f3gi\u00e1val<\/strong> rendelkez\u0151 k\u00e9perny\u0151 \u00e9l\u00e9nk sz\u00edneket, sz\u00e9les betekint\u00e9si sz\u00f6geket \u00e9s matt fel\u00fcletet biztos\u00edt az adatok t\u00fckr\u00f6z\u0151d\u00e9s\u00e9nek cs\u00f6kkent\u00e9se \u00e9rdek\u00e9ben. \/><strong data-start=\"591\" data-end=\"615\">30 t\u0171s eDP-csatlakoz\u00f3t<\/strong> haszn\u00e1l, <strong data-start=\"623\" data-end=\"653\">kisebb (260 mm-es) nyomtatott \u00e1ramk\u00f6ri lappal<\/strong> rendelkezik, \u00e9s kiv\u00e1l\u00f3 \u00f6sszeszerel\u00e9si min\u0151s\u00e9get k\u00edn\u00e1l a t\u00f6k\u00e9letes illeszked\u00e9s \u00e9s az egyszer\u0171 telep\u00edt\u00e9s \u00e9rdek\u00e9ben. Ez egy <strong data-start=\"742\" data-end=\"762\">OEM-min\u0151s\u00e9g\u0171 k\u00e9perny\u0151<\/strong>, amely teljes kompatibilit\u00e1st \u00e9s megb\u00edzhat\u00f3 teljes\u00edtm\u00e9nyt biztos\u00edt.<\/p>\n<p data-start=\"823\" data-end=\"1043\">\u2714\ufe0f 15,6&#8243; FHD (1920&#215;1080)<br data-start=\"847\" data-end=\"850\" \/>\u2714\ufe0f IPS panel \u2013 sz\u00e9les betekint\u00e9si sz\u00f6gek \u00e9s pontos sz\u00ednek<br data-start=\"0\" \/0 befejez\u00e9s<br data-start=\"933\" data-end=\"936\" \/>\u2714\ufe0f eDP 30 t\u0171s csatlakoz\u00f3<br data-start=\"959\" data-end=\"962\" \/>\u2714\ufe0f Kis NY\u00c1K k\u00e1rtya (260 mm)<br data-start=\"989\" data-end=\"992\" \/>\u2714\ufe0f vadonat\u00faj, nem haszn\u00e1lt, tesztel\u00e9s el\u0151tt<\/p>\n<p data-start=\"1045\" data-end=\"1135\">Ide\u00e1lis a repedt, halott, vill\u00f3dz\u00f3 vagy s\u00e9r\u00fclt kijelz\u0151k cser\u00e9j\u00e9re a t\u00e1mogatott laptopokon.<\/p>\n","protected":false},"excerpt":{"rendered":"<p>15,6&#8243; FHD IPS csere laptop k\u00e9perny\u0151 <strong data-start=\"1222\" data-end=\"1274\">N156HGA-EA3 REV.C3 \/ SD10W69527 \/ FRU 5D10W69517<\/strong>, matt, 30 t\u0171s eDP, kis NY\u00c1K (260&#8243;-s = 1-3 mm-es t\u00f6k\u00e9letes illeszked\u00e9s). data-end=&#8221;1358&#8243;>Lenovo IdeaPad 3 15ITL6<\/strong> \u00e9s kompatibilis modellek.<\/p>\n","protected":false},"featured_media":11090,"template":"","meta":[],"product_brand":[],"product_cat":[81,71],"product_tag":[26],"class_list":{"0":"post-12325","1":"product","2":"type-product","3":"status-publish","4":"has-post-thumbnail","6":"product_cat-15-6-new-laptop-screens-lcd-panels","7":"product_cat-new-laptop-screens-lcd-panels","8":"product_tag-lenovo","10":"first","11":"instock","12":"taxable","13":"shipping-taxable","14":"purchasable","15":"product-type-simple"},"_links":{"self":[{"href":"https:\/\/boreait.com\/hu\/wp-json\/wp\/v2\/product\/12325","targetHints":{"allow":["GET"]}}],"collection":[{"href":"https:\/\/boreait.com\/hu\/wp-json\/wp\/v2\/product"}],"about":[{"href":"https:\/\/boreait.com\/hu\/wp-json\/wp\/v2\/types\/product"}],"wp:featuredmedia":[{"embeddable":true,"href":"https:\/\/boreait.com\/hu\/wp-json\/wp\/v2\/media\/11090"}],"wp:attachment":[{"href":"https:\/\/boreait.com\/hu\/wp-json\/wp\/v2\/media?parent=12325"}],"wp:term":[{"taxonomy":"product_brand","embeddable":true,"href":"https:\/\/boreait.com\/hu\/wp-json\/wp\/v2\/product_brand?post=12325"},{"taxonomy":"product_cat","embeddable":true,"href":"https:\/\/boreait.com\/hu\/wp-json\/wp\/v2\/product_cat?post=12325"},{"taxonomy":"product_tag","embeddable":true,"href":"https:\/\/boreait.com\/hu\/wp-json\/wp\/v2\/product_tag?post=12325"}],"curies":[{"name":"wp","href":"https:\/\/api.w.org\/{rel}","templated":true}]}}