{"id":12324,"date":"2025-09-17T13:42:22","date_gmt":"2025-09-17T11:42:22","guid":{"rendered":"https:\/\/boreait.com\/hu\/?post_type=product&#038;p=12324"},"modified":"2025-09-17T13:43:02","modified_gmt":"2025-09-17T11:43:02","slug":"dell-latitude-5490-billentyuzet-elolap-eredeti-laptop-alkatresz-csere-hasznalt","status":"publish","type":"product","link":"https:\/\/boreait.com\/hu\/termek\/dell-latitude-5490-billentyuzet-elolap-eredeti-laptop-alkatresz-csere-hasznalt\/","title":{"rendered":"Dell Latitude 5490 billenty\u0171zet el\u0151lap \u2013 eredeti laptop alkatr\u00e9sz csere \u2013 haszn\u00e1lt"},"content":{"rendered":"<p>Ez egy eredeti Dell Latitude 5490 billenty\u0171zetel\u0151lap, haszn\u00e1lt eredeti alkatr\u00e9szk\u00e9nt kaphat\u00f3, j\u00f3 \u00e1llapotban. T\u00f6k\u00e9letes v\u00e1laszt\u00e1s, ha Latitude 5490 laptopja s\u00e9r\u00fclt vagy elhaszn\u00e1l\u00f3dott el\u0151lapj\u00e1t szeretn\u00e9 kicser\u00e9lni.<\/p>\n<p>Mint minden laptop-alkatr\u00e9sz\u00fcnkn\u00e9l, a bemutatott fot\u00f3k is val\u00f3di k\u00e9pek arr\u00f3l, hogy pontosan melyik term\u00e9ket kapja meg, \u00edgy b\u00e1tran v\u00e1s\u00e1rolhat. Ez az el\u0151lap illeszkedik a Dell Latitude 5490 modellhez, \u00e9s egy megb\u00edzhat\u00f3 OEM alkatr\u00e9sz, amelyet \u00fagy terveztek, hogy t\u00f6k\u00e9letesen illeszkedjen laptopj\u00e1hoz.<\/p>\n<p>\u2714 Kompatibilis modell: Dell Latitude 5490 \/ Egyes\u00fclt Kir\u00e1lys\u00e1g &#8211; Eur\u00f3pa<\/p>\n<p>\u2714 \u00c1llapot: Haszn\u00e1lt, tesztelt, j\u00f3 \u00e1llapot\u00fa<\/p>\n<p>\u2714 Kateg\u00f3ria: Laptop alkatr\u00e9szek \u2013 billenty\u0171zet el\u0151lap \/ csukl\u00f3t\u00e1masz d\u00edsz\u00edt\u00e9se<\/p>\n<p>K\u00e9rj\u00fck, vegye figyelembe, hogy a telep\u00edt\u00e9si utas\u00edt\u00e1sokat nem adjuk meg, de ha seg\u00edts\u00e9gre van sz\u00fcks\u00e9ge, k\u00fcldj\u00f6n nek\u00fcnk \u00fczenetet.<\/p>\n","protected":false},"excerpt":{"rendered":"<p>Eredeti Dell Latitude 5490 billenty\u0171zet el\u0151lap, haszn\u00e1lt, de j\u00f3 \u00e1llapotban. Ide\u00e1lis laptop alkatr\u00e9sz cser\u00e9hez \u00e9s jav\u00edt\u00e1shoz.<\/p>\n","protected":false},"featured_media":12362,"template":"","meta":[],"product_brand":[],"product_cat":[16],"product_tag":[17],"class_list":{"0":"post-12324","1":"product","2":"type-product","3":"status-publish","4":"has-post-thumbnail","6":"product_cat-laptop-housing","7":"product_tag-dell","9":"first","10":"instock","11":"taxable","12":"shipping-taxable","13":"purchasable","14":"product-type-simple"},"_links":{"self":[{"href":"https:\/\/boreait.com\/hu\/wp-json\/wp\/v2\/product\/12324","targetHints":{"allow":["GET"]}}],"collection":[{"href":"https:\/\/boreait.com\/hu\/wp-json\/wp\/v2\/product"}],"about":[{"href":"https:\/\/boreait.com\/hu\/wp-json\/wp\/v2\/types\/product"}],"wp:featuredmedia":[{"embeddable":true,"href":"https:\/\/boreait.com\/hu\/wp-json\/wp\/v2\/media\/12362"}],"wp:attachment":[{"href":"https:\/\/boreait.com\/hu\/wp-json\/wp\/v2\/media?parent=12324"}],"wp:term":[{"taxonomy":"product_brand","embeddable":true,"href":"https:\/\/boreait.com\/hu\/wp-json\/wp\/v2\/product_brand?post=12324"},{"taxonomy":"product_cat","embeddable":true,"href":"https:\/\/boreait.com\/hu\/wp-json\/wp\/v2\/product_cat?post=12324"},{"taxonomy":"product_tag","embeddable":true,"href":"https:\/\/boreait.com\/hu\/wp-json\/wp\/v2\/product_tag?post=12324"}],"curies":[{"name":"wp","href":"https:\/\/api.w.org\/{rel}","templated":true}]}}