{"id":12322,"date":"2025-09-17T13:42:22","date_gmt":"2025-09-17T11:42:22","guid":{"rendered":"https:\/\/boreait.com\/hu\/?post_type=product&#038;p=12322"},"modified":"2025-09-17T13:42:56","modified_gmt":"2025-09-17T11:42:56","slug":"eredeti-dell-latitude-5480-5490-cpu-hutoventillator-es-hutoborda-p5f39-laptop-alkatreszek","status":"publish","type":"product","link":"https:\/\/boreait.com\/hu\/termek\/eredeti-dell-latitude-5480-5490-cpu-hutoventillator-es-hutoborda-p5f39-laptop-alkatreszek\/","title":{"rendered":"Eredeti Dell Latitude 5480 5490 CPU h\u0171t\u0151ventill\u00e1tor \u00e9s h\u0171t\u0151borda P5F39 laptop alkatr\u00e9szek"},"content":{"rendered":"<p data-start=\"640\" data-end=\"1133\">Ez az <strong data-start=\"645\" data-end=\"698\">Eredeti Dell CPU h\u0171t\u0151ventill\u00e1tor \u00e9s h\u0171t\u0151borda (P5F39)<\/strong> a <strong data-start=\"715\" data-end=\"763\">megb\u00edzhat\u00f3 teljes\u00edtm\u00e9nyt ny\u00fajt\u00f3 Dell Latitude 548 \u00e9s 0 laptopokhoz<\/strong> hogy k\u00e9sz\u00fcl\u00e9ke optim\u00e1lis h\u0151m\u00e9rs\u00e9kleten m\u0171k\u00f6dj\u00f6n. Id\u0151vel a laptop r\u00e9szei, p\u00e9ld\u00e1ul a ventil\u00e1torok \u00e9s a h\u0171t\u0151bord\u00e1k elhaszn\u00e1l\u00f3dhatnak vagy elt\u00f6m\u0151dhetnek, ami t\u00falmeleged\u00e9shez, cs\u00f6kkentett sebess\u00e9ghez vagy v\u00e1ratlan le\u00e1ll\u00e1shoz vezethet. Ha a hib\u00e1s h\u0171t\u0151rendszert erre az eredeti Dell alkatr\u00e9szre cser\u00e9li, akkor stabil teljes\u00edtm\u00e9nyt biztos\u00edt, \u00e9s meghosszabb\u00edtja laptopja \u00e9lettartam\u00e1t.<\/p>\n<p data-start=\"1135\" data-end=\"1158\"><strong data-start=\"1135\" data-end=\"1156\">Term\u00e9kjellemz\u0151k:<\/strong><\/p>\n<ul data-start=\"1159\" data-end=\"1423\">\n<li data-start=\"1159\" data-end=\"1206\">\n<p data-start=\"1161\" data-end=\"1206\">Eredeti Dell cserealkatr\u00e9sz \u2013 P5F39 \/ V93XV P5F39 modell<\/p>\n<\/li>\n<li data-start=\"1207\" data-end=\"1263\">\n<p data-start=\"1209\" data-end=\"1263\">Kompatibilis a Dell Latitude 5480 \u00e9s Latitude 5490 eszk\u00f6z\u00f6kkel<\/p>\n<\/li>\n<li data-start=\"1264\" data-end=\"1312\">\n<p data-start=\"1266\" data-end=\"1312\">CPU h\u0171t\u0151ventil\u00e1tor + h\u0171t\u0151borda szerelv\u00e9nyt tartalmaz<\/p>\n<\/li>\n<li data-start=\"1313\" data-end=\"1374\">\n<p data-start=\"1315\" data-end=\"1374\">Seg\u00edt megel\u0151zni a t\u00falmeleged\u00e9st \u00e9s jav\u00edtja a laptop teljes\u00edtm\u00e9ny\u00e9t<\/p>\n<\/li>\n<li data-start=\"1375\" data-end=\"1423\">\n<p data-start=\"1377\" data-end=\"1423\">Ide\u00e1lis csere az elhaszn\u00e1l\u00f3dott vagy zajos ventil\u00e1torokhoz<\/p>\n<\/li>\n<\/ul>\n<p data-start=\"1425\" data-end=\"1455\"><strong data-start=\"1425\" data-end=\"1453\">Mi\u00e9rt v\u00e1lassza ezt a term\u00e9ket?<\/strong><\/p>\n<ul data-start=\"1456\" data-end=\"1744\">\n<li data-start=\"1456\" data-end=\"1521\">\n<p data-start=\"1458\" data-end=\"1521\">100%-ban eredeti Dell laptop alkatr\u00e9sz a t\u00f6k\u00e9letes illeszked\u00e9s \u00e9s teljes\u00edtm\u00e9ny \u00e9rdek\u00e9ben<\/p>\n<\/li>\n<li data-start=\"1522\" data-end=\"1580\">\n<p data-start=\"1524\" data-end=\"1580\">A hib\u00e1s h\u0171t\u0151ventil\u00e1torok \u00e9s h\u0171t\u0151bord\u00e1k egyszer\u0171 cser\u00e9je<\/p>\n<\/li>\n<li data-start=\"1581\" data-end=\"1649\">\n<p data-start=\"1583\" data-end=\"1649\">H\u0171v\u00f6sen tartja laptopj\u00e1t, \u00e9s z\u00f6kken\u0151mentesen m\u0171k\u00f6dik intenz\u00edv haszn\u00e1lat k\u00f6zben is<\/p>\n<\/li>\n<li data-start=\"1650\" data-end=\"1682\">\n<p data-start=\"1652\" data-end=\"1682\">Vil\u00e1gszerte el\u00e9rhet\u0151 sz\u00e1ll\u00edt\u00e1s<\/p>\n<\/li>\n<li data-start=\"1683\" data-end=\"1744\">\n<p data-start=\"1685\" data-end=\"1744\">A megjelen\u00edtett fot\u00f3k a kapott alkatr\u00e9sz val\u00f3di k\u00e9pei<\/p>\n<\/li>\n<\/ul>\n<p data-start=\"1746\" data-end=\"1873\">\ud83d\udccc <em data-start=\"1749\" data-end=\"1871\">Megjegyz\u00e9s: Ez az adatlap nem tartalmazza a telep\u00edt\u00e9si utas\u00edt\u00e1sokat. Ha seg\u00edts\u00e9gre van sz\u00fcks\u00e9ge, b\u00e1tran \u00edrjon nek\u00fcnk seg\u00edts\u00e9g\u00e9rt.<\/em><\/p>\n","protected":false},"excerpt":{"rendered":"<p>Tartsa h\u0171v\u00f6sen Dell Latitude 5480 vagy 5490 k\u00e9sz\u00fcl\u00e9k\u00e9t ezzel az eredeti Dell CPU h\u0171t\u0151ventil\u00e1torral \u00e9s h\u0171t\u0151bord\u00e1val (P5F39). T\u00f6k\u00e9letes cserealkatr\u00e9sz a laptop teljes\u00edtm\u00e9ny\u00e9nek helyre\u00e1ll\u00edt\u00e1s\u00e1hoz \u00e9s a t\u00falmeleged\u00e9s megel\u0151z\u00e9s\u00e9hez.<\/p>\n","protected":false},"featured_media":12360,"template":"","meta":[],"product_brand":[],"product_cat":[33],"product_tag":[17],"class_list":{"0":"post-12322","1":"product","2":"type-product","3":"status-publish","4":"has-post-thumbnail","6":"product_cat-cpu-fans-heatsinks","7":"product_tag-dell","9":"first","10":"instock","11":"taxable","12":"shipping-taxable","13":"purchasable","14":"product-type-simple"},"_links":{"self":[{"href":"https:\/\/boreait.com\/hu\/wp-json\/wp\/v2\/product\/12322","targetHints":{"allow":["GET"]}}],"collection":[{"href":"https:\/\/boreait.com\/hu\/wp-json\/wp\/v2\/product"}],"about":[{"href":"https:\/\/boreait.com\/hu\/wp-json\/wp\/v2\/types\/product"}],"wp:featuredmedia":[{"embeddable":true,"href":"https:\/\/boreait.com\/hu\/wp-json\/wp\/v2\/media\/12360"}],"wp:attachment":[{"href":"https:\/\/boreait.com\/hu\/wp-json\/wp\/v2\/media?parent=12322"}],"wp:term":[{"taxonomy":"product_brand","embeddable":true,"href":"https:\/\/boreait.com\/hu\/wp-json\/wp\/v2\/product_brand?post=12322"},{"taxonomy":"product_cat","embeddable":true,"href":"https:\/\/boreait.com\/hu\/wp-json\/wp\/v2\/product_cat?post=12322"},{"taxonomy":"product_tag","embeddable":true,"href":"https:\/\/boreait.com\/hu\/wp-json\/wp\/v2\/product_tag?post=12322"}],"curies":[{"name":"wp","href":"https:\/\/api.w.org\/{rel}","templated":true}]}}