{"id":12321,"date":"2025-09-17T13:42:21","date_gmt":"2025-09-17T11:42:21","guid":{"rendered":"https:\/\/boreait.com\/hu\/?post_type=product&#038;p=12321"},"modified":"2025-09-17T13:42:51","modified_gmt":"2025-09-17T11:42:51","slug":"dell-latitude-e5490-5490-lcd-elulso-elolap-keretborito-0vrwjm-vrwjm-laptop-alkatreszek","status":"publish","type":"product","link":"https:\/\/boreait.com\/hu\/termek\/dell-latitude-e5490-5490-lcd-elulso-elolap-keretborito-0vrwjm-vrwjm-laptop-alkatreszek\/","title":{"rendered":"Dell Latitude E5490 5490 LCD el\u00fcls\u0151 el\u0151lap keretbor\u00edt\u00f3 0VRWJM VRWJM | Laptop alkatr\u00e9szek"},"content":{"rendered":"<p data-start=\"552\" data-end=\"845\">Ez egy <strong data-start=\"562\" data-end=\"628\">eredeti Dell Latitude E5490 \/ 5490 LCD el\u00fcls\u0151 el\u0151lap keretbor\u00edt\u00f3<\/strong>, cikksz\u00e1ma <strong data-start=\"642\" data-end=\"660\">0VRWJM<\/strong>6&#8243;-s>. data-end=&#8221;664&#8243; \/>Ez egy <strong data-start=\"672\" data-end=\"702\">haszn\u00e1lt, eredeti laptop alkatr\u00e9sz<\/strong>, amelyet min\u0151s\u00e9gi szempontb\u00f3l gondosan ellen\u0151riztek. Az el\u0151lap kerete a k\u00e9perny\u0151 k\u00f6r\u00fcl helyezkedik el, v\u00e9di a sz\u00e9leket, \u00e9s tiszta, k\u00e9sz megjelen\u00e9st k\u00f6lcs\u00f6n\u00f6z laptopj\u00e1nak.<\/p>\n<h3 data-start=\"847\" data-end=\"863\">F\u0151bb r\u00e9szletek:<\/h3>\n<ul data-start=\"864\" data-end=\"1217\">\n<li data-start=\"864\" data-end=\"917\">\n<p data-start=\"866\" data-end=\"917\"><strong data-start=\"866\" data-end=\"887\">Kompatibilis modellek<\/strong>: Dell Latitude E5490 \/ 5490<\/p>\n<\/li>\n<li data-start=\"918\" data-end=\"953\">\n<p data-start=\"920\" data-end=\"953\"><strong data-start=\"920\" data-end=\"936\">Alkatr\u00e9szsz\u00e1mok<\/strong>: 0VRWJM, VRWJM<\/p>\n<\/li>\n<li data-start=\"954\" data-end=\"1021\">\n<p data-start=\"956\" data-end=\"1021\"><strong data-start=\"956\" data-end=\"969\">\u00c1llapot<\/strong>: Haszn\u00e1lt \u2013 teljesen m\u0171k\u00f6d\u0151k\u00e9pes, j\u00f3 eszt\u00e9tikai \u00e1llapot<\/p>\n<\/li>\n<li data-start=\"1022\" data-end=\"1079\">\n<p data-start=\"1024\" data-end=\"1079\"><strong data-start=\"1024\" data-end=\"1032\">T\u00edpus<\/strong>: LCD el\u0151lap keretbor\u00edt\u00f3ja (k\u00e9perny\u0151 szeg\u00e9lye)<\/p>\n<\/li>\n<li data-start=\"1080\" data-end=\"1132\">\n<p data-start=\"1082\" data-end=\"1132\"><strong data-start=\"1082\" data-end=\"1098\">Hiteless\u00e9g<\/strong>: 100%-ban eredeti Dell laptop alkatr\u00e9sz<\/p>\n<\/li>\n<li data-start=\"1133\" data-end=\"1217\">\n<p data-start=\"1135\" data-end=\"1217\"><strong data-start=\"1135\" data-end=\"1145\">Fot\u00f3k<\/strong>: A list\u00e1n szerepl\u0151 k\u00e9pek a t\u00e9nyleges r\u00e9szr\u0151l sz\u00f3lnak, amelyet \u00d6n kap<\/p>\n<\/li>\n<\/ul>\n<p data-start=\"1219\" data-end=\"1423\">Ez a csereel\u0151lap ide\u00e1lis, ha a jelenlegi <strong data-start=\"1274\" data-end=\"1306\">repedt, s\u00e9r\u00fclt vagy hi\u00e1nyzik<\/strong>.<br data-start=\"1307\" data-end=\"1310\" \/>Ez egy <strong data-start=\"1274\" data-end=\"1306\">repedt, s\u00e9r\u00fclt vagy hi\u00e1nyzik<\/strong>.<br data-start=\"1307\" data-end=\"1310\" \/>Ez egy <strong data-start=\"1274\" data-end=\"1306\"> data-end=&#8221;1344&#8243;>alapvet\u0151 laptop alkatr\u00e9sz<\/strong> a k\u00e9perny\u0151 ter\u00fclet\u00e9nek v\u00e9delm\u00e9hez \u00e9s az eszk\u00f6z professzion\u00e1lis megjelen\u00e9s\u00e9nek meg\u0151rz\u00e9s\u00e9hez.<\/p>\n<p data-start=\"1425\" data-end=\"1550\">\ud83d\udccc <strong data-start=\"1428\" data-end=\"1436\">Megjegyz\u00e9s<\/strong>: nem adunk l\u00e9p\u00e9sr\u0151l l\u00e9p\u00e9sre telep\u00edt\u00e9si utas\u00edt\u00e1sokat, de ha seg\u00edts\u00e9gre van sz\u00fcks\u00e9ge, \u00edrjon nek\u00fcnk \u00fczenetet.<\/p>\n","protected":false},"excerpt":{"rendered":"<p>Haszn\u00e1lt eredeti Dell Latitude E5490 \/ 5490 LCD el\u0151lapi keret burkolat (0VRWJM \/ VRWJM). Eredeti laptop alkatr\u00e9sz, tesztelt, j\u00f3 \u00e1llapotban.<\/p>\n","protected":false},"featured_media":12353,"template":"","meta":[],"product_brand":[],"product_cat":[16],"product_tag":[17],"class_list":{"0":"post-12321","1":"product","2":"type-product","3":"status-publish","4":"has-post-thumbnail","6":"product_cat-laptop-housing","7":"product_tag-dell","9":"first","10":"instock","11":"taxable","12":"shipping-taxable","13":"purchasable","14":"product-type-simple"},"_links":{"self":[{"href":"https:\/\/boreait.com\/hu\/wp-json\/wp\/v2\/product\/12321","targetHints":{"allow":["GET"]}}],"collection":[{"href":"https:\/\/boreait.com\/hu\/wp-json\/wp\/v2\/product"}],"about":[{"href":"https:\/\/boreait.com\/hu\/wp-json\/wp\/v2\/types\/product"}],"wp:featuredmedia":[{"embeddable":true,"href":"https:\/\/boreait.com\/hu\/wp-json\/wp\/v2\/media\/12353"}],"wp:attachment":[{"href":"https:\/\/boreait.com\/hu\/wp-json\/wp\/v2\/media?parent=12321"}],"wp:term":[{"taxonomy":"product_brand","embeddable":true,"href":"https:\/\/boreait.com\/hu\/wp-json\/wp\/v2\/product_brand?post=12321"},{"taxonomy":"product_cat","embeddable":true,"href":"https:\/\/boreait.com\/hu\/wp-json\/wp\/v2\/product_cat?post=12321"},{"taxonomy":"product_tag","embeddable":true,"href":"https:\/\/boreait.com\/hu\/wp-json\/wp\/v2\/product_tag?post=12321"}],"curies":[{"name":"wp","href":"https:\/\/api.w.org\/{rel}","templated":true}]}}