{"id":12320,"date":"2025-09-17T13:42:21","date_gmt":"2025-09-17T11:42:21","guid":{"rendered":"https:\/\/boreait.com\/hu\/?post_type=product&#038;p=12320"},"modified":"2025-09-17T13:42:45","modified_gmt":"2025-09-17T11:42:45","slug":"dell-latitude-5480-5490-lcd-kepernyo-zsanerok-bal-es-jobb-oldali-keszlet-0xkpkg-0683nd","status":"publish","type":"product","link":"https:\/\/boreait.com\/hu\/termek\/dell-latitude-5480-5490-lcd-kepernyo-zsanerok-bal-es-jobb-oldali-keszlet-0xkpkg-0683nd\/","title":{"rendered":"Dell Latitude 5480 5490 LCD k\u00e9perny\u0151 zsan\u00e9rok bal \u00e9s jobb oldali k\u00e9szlet | 0XKPKG 0683ND"},"content":{"rendered":"<p data-start=\"581\" data-end=\"810\">Friss\u00edtse \u00e9s \u00e1ll\u00edtsa vissza Dell Latitude 5480 \u00e9s 5490 k\u00e9sz\u00fcl\u00e9k\u00e9t ezzel az <strong data-start=\"635\" data-end=\"668\">eredeti LCD-k\u00e9perny\u0151 zsan\u00e9rk\u00e9szlettel<\/strong>. Ezek a haszn\u00e1lt, de teljesen tesztelt laptop alkatr\u00e9szek tartalmazz\u00e1k a <strong data-start=\"728\" data-end=\"753\">bal \u00e9s jobb oldali zsan\u00e9rokat<\/strong> is, \u00edgy biztos\u00edtva a k\u00e9perny\u0151 z\u00f6kken\u0151mentes nyit\u00e1s\u00e1t \u00e9s z\u00e1r\u00e1s\u00e1t.<\/p>\n<ul data-start=\"812\" data-end=\"1046\">\n<li data-start=\"812\" data-end=\"856\">\n<p data-start=\"814\" data-end=\"856\"><strong data-start=\"814\" data-end=\"835\">Kompatibilis modell:<\/strong> Dell Latitude 5480 \/ 5490<\/p>\n<\/li>\n<li data-start=\"857\" data-end=\"919\">\n<p data-start=\"859\" data-end=\"919\"><strong data-start=\"859\" data-end=\"873\">\u00c1llapot:<\/strong> Haszn\u00e1lt, tesztelt \u00e9s m\u0171k\u00f6d\u0151k\u00e9pes \u00e1llapotban ellen\u0151rz\u00f6tt<\/p>\n<\/li>\n<li data-start=\"920\" data-end=\"962\">\n<p data-start=\"922\" data-end=\"962\"><strong data-start=\"922\" data-end=\"935\">Tartalmazza:<\/strong> Bal oldali zsan\u00e9r + jobb zsan\u00e9r 0XKPKG 0683ND<\/p>\n<\/li>\n<li data-start=\"963\" data-end=\"1015\">\n<p data-start=\"965\" data-end=\"1015\"><strong data-start=\"965\" data-end=\"981\">Alkalmaz\u00e1s:<\/strong> LCD k\u00e9perny\u0151 csere\/jav\u00edt\u00e1s<\/p>\n<\/li>\n<li data-start=\"1016\" data-end=\"1046\">\n<p data-start=\"1018\" data-end=\"1046\"><strong data-start=\"1018\" data-end=\"1031\">Kateg\u00f3ria:<\/strong> Laptop alkatr\u00e9szek<\/p>\n<\/li>\n<\/ul>\n<p data-start=\"1048\" data-end=\"1074\">Mi\u00e9rt v\u00e1lassza ezt a term\u00e9ket?<\/p>\n<ul data-start=\"1075\" data-end=\"1259\">\n<li data-start=\"1075\" data-end=\"1136\">\n<p data-start=\"1077\" data-end=\"1136\">100%-ban eredeti Dell alkatr\u00e9sz a megb\u00edzhat\u00f3 illeszked\u00e9s \u00e9s m\u0171k\u00f6d\u00e9s \u00e9rdek\u00e9ben<\/p>\n<\/li>\n<li data-start=\"1137\" data-end=\"1195\">\n<p data-start=\"1139\" data-end=\"1195\">T\u00f6k\u00e9letes csere a t\u00f6r\u00f6tt, laza vagy merev zsan\u00e9rokhoz<\/p>\n<\/li>\n<li data-start=\"1196\" data-end=\"1259\">\n<p data-start=\"1198\" data-end=\"1259\">Seg\u00edt laptopja \u00e9lettartam\u00e1nak meghosszabb\u00edt\u00e1s\u00e1ban k\u00f6lts\u00e9ges jav\u00edt\u00e1sok n\u00e9lk\u00fcl<\/p>\n<\/li>\n<\/ul>\n<p data-start=\"1261\" data-end=\"1470\">\ud83d\udcf8 <strong data-start=\"1264\" data-end=\"1280\">Val\u00f3di fot\u00f3k:<\/strong> Az ezen a list\u00e1n szerepl\u0151 k\u00e9pek a t\u00e9nyleges zsan\u00e9rokr\u00f3l k\u00e9sz\u00fcltek, amelyeket megkap.<br data-start=\"1352\" data-end=\"1355\" \/>\ud83d\udc92start=&#8221;1355&#8243; \/>-5 data-end=&#8221;1372&#8243;>Seg\u00edts\u00e9gre van sz\u00fcks\u00e9ge?<\/strong> A telep\u00edt\u00e9si utas\u00edt\u00e1sokat nem tartalmazza, de ha seg\u00edts\u00e9gre van sz\u00fcks\u00e9ge, forduljon hozz\u00e1nk bizalommal.<\/p>\n","protected":false},"excerpt":{"rendered":"<p>Eredeti Dell Latitude 5490 LCD-k\u00e9perny\u0151 zsan\u00e9rok (bal \u00e9s jobb p\u00e1r). Tesztelt, teljesen m\u0171k\u00f6d\u0151k\u00e9pes, \u00e9s ide\u00e1lis a t\u00f6r\u00f6tt vagy meglazult zsan\u00e9rok cser\u00e9j\u00e9hez.<\/p>\n","protected":false},"featured_media":12352,"template":"","meta":[],"product_brand":[],"product_cat":[19],"product_tag":[17],"class_list":{"0":"post-12320","1":"product","2":"type-product","3":"status-publish","4":"has-post-thumbnail","6":"product_cat-screen-hinge","7":"product_tag-dell","9":"first","10":"instock","11":"taxable","12":"shipping-taxable","13":"purchasable","14":"product-type-simple"},"_links":{"self":[{"href":"https:\/\/boreait.com\/hu\/wp-json\/wp\/v2\/product\/12320","targetHints":{"allow":["GET"]}}],"collection":[{"href":"https:\/\/boreait.com\/hu\/wp-json\/wp\/v2\/product"}],"about":[{"href":"https:\/\/boreait.com\/hu\/wp-json\/wp\/v2\/types\/product"}],"wp:featuredmedia":[{"embeddable":true,"href":"https:\/\/boreait.com\/hu\/wp-json\/wp\/v2\/media\/12352"}],"wp:attachment":[{"href":"https:\/\/boreait.com\/hu\/wp-json\/wp\/v2\/media?parent=12320"}],"wp:term":[{"taxonomy":"product_brand","embeddable":true,"href":"https:\/\/boreait.com\/hu\/wp-json\/wp\/v2\/product_brand?post=12320"},{"taxonomy":"product_cat","embeddable":true,"href":"https:\/\/boreait.com\/hu\/wp-json\/wp\/v2\/product_cat?post=12320"},{"taxonomy":"product_tag","embeddable":true,"href":"https:\/\/boreait.com\/hu\/wp-json\/wp\/v2\/product_tag?post=12320"}],"curies":[{"name":"wp","href":"https:\/\/api.w.org\/{rel}","templated":true}]}}