{"id":12319,"date":"2025-09-17T13:42:21","date_gmt":"2025-09-17T11:42:21","guid":{"rendered":"https:\/\/boreait.com\/hu\/?post_type=product&#038;p=12319"},"modified":"2025-09-17T13:42:42","modified_gmt":"2025-09-17T11:42:42","slug":"dell-latitude-e5480-e5490-e5491-e5495-felso-burkolat-0h9k23-laptop-hasznalt-alkatreszek","status":"publish","type":"product","link":"https:\/\/boreait.com\/hu\/termek\/dell-latitude-e5480-e5490-e5491-e5495-felso-burkolat-0h9k23-laptop-hasznalt-alkatreszek\/","title":{"rendered":"Dell Latitude E5480 E5490 E5491 E5495 fels\u0151 burkolat 0H9K23 | Laptop haszn\u00e1lt alkatr\u00e9szek"},"content":{"rendered":"<p data-start=\"615\" data-end=\"788\">Ez egy <strong data-start=\"625\" data-end=\"662\">eredeti Dell Latitude laptop alkatr\u00e9sz<\/strong>, a <strong data-start=\"701\" data-end=\"711\">0H9K23=&#8221;701&#8243; data-end=&#8221;711&#8243;>0H9K23=&#8221;711&#8243;>0H9K23<\/strong> cikksz\u00e1m\u00fa fels\u0151 fed\u0151lap, a <strong data-start=\"701\" data-end=\"711\">0H9K23<\/strong>, amelyet a <strong data-start=\"625\" data-end=\"662\">Latitude=&#8221;70-7&#8243; adattartamhoz terveztek. E5480, E5490, E5491 \u00e9s E5495<\/strong> sorozat.<\/p>\n<p data-start=\"790\" data-end=\"943\">\u2705 <strong data-start=\"792\" data-end=\"805\">\u00c1llapot<\/strong>: Haszn\u00e1lt, teljesen m\u0171k\u00f6d\u0151k\u00e9pes, min\u0151s\u00e9gellen\u0151rz\u00f6tt<br data-start=\"846\" data-end=\"849\" \/>\u2705 <strong data-start=\"858\"8 adatok E5480 \/ E5490 \/ E5491 \/ E5495<br data-start=\"913\" data-end=\"916\" \/>\u2705 <strong data-start=\"918\" data-end=\"933\">Alkatr\u00e9szsz\u00e1m<\/strong>: 0H9K23<\/p>\n<p data-start=\"945\" data-end=\"1206\">Ez a csere fels\u0151 burkolat t\u00f6k\u00e9letes Dell Latitude eszk\u00f6z\u00e9nek jav\u00edt\u00e1s\u00e1hoz vagy helyre\u00e1ll\u00edt\u00e1s\u00e1hoz, ha az eredeti burkolat megrepedt, karcos vagy hi\u00e1nyzik. Mint <strong data-start=\"1102\" data-end=\"1132\">autentikus Dell laptop alkatr\u00e9sz<\/strong>, megfelel\u0151 illeszked\u00e9st \u00e9s tart\u00f3ss\u00e1got biztos\u00edt az \u00e1ltal\u00e1nos alternat\u00edv\u00e1khoz k\u00e9pest.<\/p>\n<p data-start=\"1208\" data-end=\"1390\">A list\u00e1n szerepl\u0151 \u00f6sszes fot\u00f3 a <strong data-start=\"1246\" data-end=\"1281\">t\u00e9nyleges term\u00e9kr\u0151l, amelyet megkap<\/strong>, nem pedig k\u00e9szletk\u00e9pekr\u0151l. K\u00e9rj\u00fck, rendel\u00e9s el\u0151tt ellen\u0151rizze laptopja modellj\u00e9t \u00e9s cikksz\u00e1m\u00e1t a kompatibilit\u00e1s biztos\u00edt\u00e1sa \u00e9rdek\u00e9ben.<\/p>\n<p data-start=\"1392\" data-end=\"1515\">\ud83d\udca1 <strong data-start=\"1395\" data-end=\"1403\">Megjegyz\u00e9s<\/strong>: A telep\u00edt\u00e9si utas\u00edt\u00e1sokat nem adjuk meg, de ha tov\u00e1bbi \u00fatmutat\u00e1sra van sz\u00fcks\u00e9ge, \u00edrjon nek\u00fcnk \u00fczenetet.<\/p>\n<p data-start=\"1517\" data-end=\"1650\">Ez egy megb\u00edzhat\u00f3, k\u00f6lts\u00e9ghat\u00e9kony megold\u00e1s laptopja \u00e9lettartam\u00e1nak meghosszabb\u00edt\u00e1s\u00e1ra, eredeti <strong data-start=\"1617\" data-end=\"1647\">Dell Latitude laptop alkatr\u00e9szekb\u0151l<\/strong>.<\/p>\n","protected":false},"excerpt":{"rendered":"<p>Eredeti Dell Latitude fels\u0151 burkolat (0H9K23), kompatibilis az E5480, E5490, E5491 \u00e9s E5495 modellekkel. Min\u0151s\u00e9gi tesztelt, haszn\u00e1lt \u00e1llapot\u00fa, ide\u00e1lis csere laptop alkatr\u00e9sz.<\/p>\n","protected":false},"featured_media":12350,"template":"","meta":[],"product_brand":[],"product_cat":[16],"product_tag":[17],"class_list":{"0":"post-12319","1":"product","2":"type-product","3":"status-publish","4":"has-post-thumbnail","6":"product_cat-laptop-housing","7":"product_tag-dell","9":"first","10":"instock","11":"taxable","12":"shipping-taxable","13":"purchasable","14":"product-type-simple"},"_links":{"self":[{"href":"https:\/\/boreait.com\/hu\/wp-json\/wp\/v2\/product\/12319","targetHints":{"allow":["GET"]}}],"collection":[{"href":"https:\/\/boreait.com\/hu\/wp-json\/wp\/v2\/product"}],"about":[{"href":"https:\/\/boreait.com\/hu\/wp-json\/wp\/v2\/types\/product"}],"wp:featuredmedia":[{"embeddable":true,"href":"https:\/\/boreait.com\/hu\/wp-json\/wp\/v2\/media\/12350"}],"wp:attachment":[{"href":"https:\/\/boreait.com\/hu\/wp-json\/wp\/v2\/media?parent=12319"}],"wp:term":[{"taxonomy":"product_brand","embeddable":true,"href":"https:\/\/boreait.com\/hu\/wp-json\/wp\/v2\/product_brand?post=12319"},{"taxonomy":"product_cat","embeddable":true,"href":"https:\/\/boreait.com\/hu\/wp-json\/wp\/v2\/product_cat?post=12319"},{"taxonomy":"product_tag","embeddable":true,"href":"https:\/\/boreait.com\/hu\/wp-json\/wp\/v2\/product_tag?post=12319"}],"curies":[{"name":"wp","href":"https:\/\/api.w.org\/{rel}","templated":true}]}}