{"id":12309,"date":"2025-09-17T13:41:56","date_gmt":"2025-09-17T11:41:56","guid":{"rendered":"https:\/\/boreait.com\/hu\/?post_type=product&#038;p=12309"},"modified":"2025-09-17T13:42:13","modified_gmt":"2025-09-17T11:42:13","slug":"asus-vivobook-k513e-k513ea-156-fhd-oled-fenyes-lcd-kepernyo-30-tus-uj","status":"publish","type":"product","link":"https:\/\/boreait.com\/hu\/termek\/asus-vivobook-k513e-k513ea-156-fhd-oled-fenyes-lcd-kepernyo-30-tus-uj\/","title":{"rendered":"ASUS VivoBook K513E K513EA 15,6&#8243; FHD OLED f\u00e9nyes LCD k\u00e9perny\u0151 30 t\u0171s \u00daj"},"content":{"rendered":"<p data-start=\"493\" data-end=\"821\"><strong>T\u00e9nyleges LCD-k\u00e9perny\u0151 ATNA56YX03 \u2013 TELJESEN KOMPATIBILIS AZ ASUS VIVOBOOK K513E K513EA laptop k\u00e9perny\u0151j\u00e9vel<\/strong><\/p>\n<p data-start=\"437\" data-end=\"763\">Friss\u00edtse laptopja kijelz\u0151j\u00e9t ezzel a <strong data-start=\"513\" data-end=\"568\">vadonat\u00faj, 15,6 h\u00fcvelykes Full HD OLED cserek\u00e9perny\u0151vel<\/strong>, amelyet kifejezetten az <strong data-start=\"596\" data-end=\"630\" data-end=\"630\" data-end=\"630\" K\">513.US.E.<\/strong>AS13.US-modellekhez terveztek. \u00c9l\u00e9nk sz\u00edneket, m\u00e9ly kontrasztot \u00e9s f\u00e9nyes fel\u00fcletet k\u00edn\u00e1l\u00f3 panel t\u00f6k\u00e9letes m\u0171k\u00f6d\u00e9si \u00e1llapotba hozza laptopj\u00e1t.<\/p>\n<ul data-start=\"765\" data-end=\"993\">\n<li data-start=\"765\" data-end=\"806\">\n<p data-start=\"767\" data-end=\"806\"><strong data-start=\"767\" data-end=\"784\">Kijelz\u0151 t\u00edpusa:<\/strong> OLED, f\u00e9nyes fel\u00fclet<\/p>\n<\/li>\n<li data-start=\"807\" data-end=\"844\">\n<p data-start=\"809\" data-end=\"844\"><strong data-start=\"809\" data-end=\"824\">Felbont\u00e1s:<\/strong> FHD (1920 \u00d7 1200)<\/p>\n<\/li>\n<li data-start=\"845\" data-end=\"870\">\n<p data-start=\"847\" data-end=\"870\"><strong data-start=\"847\" data-end=\"861\">Csatlakoz\u00f3:<\/strong> 30 t\u0171s<\/p>\n<\/li>\n<li data-start=\"871\" data-end=\"903\">\n<p data-start=\"873\" data-end=\"903\"><strong data-start=\"873\" data-end=\"883\">\u00c9rint\u00e9s:<\/strong> \u00c9rint\u00e9s n\u00e9lk\u00fcli verzi\u00f3<\/p>\n<\/li>\n<li data-start=\"904\" data-end=\"965\">\n<p data-start=\"906\" data-end=\"965\"><strong data-start=\"906\" data-end=\"919\">R\u00f6gz\u00edt\u00e9s:<\/strong> \u00d6ntapad\u00f3 cs\u00edkok mell\u00e9kelve (konzolok n\u00e9lk\u00fcl)<\/p>\n<\/li>\n<li data-start=\"966\" data-end=\"993\">\n<p data-start=\"968\" data-end=\"993\"><strong data-start=\"968\" data-end=\"982\">\u00c1llapot:<\/strong> 100%-ban \u00faj<\/p>\n<\/li>\n<\/ul>\n<p data-start=\"995\" data-end=\"1230\">Ez a k\u00e9perny\u0151 kiv\u00e1l\u00f3 k\u00e9pmin\u0151s\u00e9get, sz\u00e9les betekint\u00e9si sz\u00f6geket \u00e9s megb\u00edzhat\u00f3 teljes\u00edtm\u00e9nyt biztos\u00edt. Ide\u00e1lis a repedt, vill\u00f3dz\u00f3 vagy halv\u00e1ny kijelz\u0151 cser\u00e9j\u00e9hez, k\u00f6nnyen telep\u00edthet\u0151, \u00e9s teljes m\u00e9rt\u00e9kben kompatibilis a t\u00e1mogatott ASUS VivoBook sorozattal.<\/p>\n<p data-start=\"1232\" data-end=\"1340\">Kezdje \u00fajra \u00e9letre laptopj\u00e1t egy olyan kijelz\u0151vel, amely az eredetihez hasonl\u00f3an tisztas\u00e1got \u00e9s f\u00e9nyer\u0151t biztos\u00edt.<\/p>\n<p>&nbsp;<\/p>\n<p>&nbsp;<\/p>\n<p>&nbsp;<\/p>\n<p>&nbsp;<\/p>\n","protected":false},"excerpt":{"rendered":"<p>Vadonat\u00faj 15,6&#8243;-os FHD OLED f\u00e9nyes csereLCD-k\u00e9perny\u0151 ASUS VivoBook K513E \u00e9s K513EA k\u00e9sz\u00fcl\u00e9kekhez. \u00c9rint\u00e9smentes modell, 30 t\u0171s csatlakoz\u00f3, egyszer\u0171 telep\u00edt\u00e9s a mell\u00e9kelt \u00f6ntapad\u00f3 cs\u00edkokkal.<\/p>\n","protected":false},"featured_media":12314,"template":"","meta":[],"product_brand":[],"product_cat":[81,71],"product_tag":[30],"class_list":{"0":"post-12309","1":"product","2":"type-product","3":"status-publish","4":"has-post-thumbnail","6":"product_cat-15-6-new-laptop-screens-lcd-panels","7":"product_cat-new-laptop-screens-lcd-panels","8":"product_tag-asus","10":"first","11":"instock","12":"taxable","13":"shipping-taxable","14":"purchasable","15":"product-type-simple"},"_links":{"self":[{"href":"https:\/\/boreait.com\/hu\/wp-json\/wp\/v2\/product\/12309","targetHints":{"allow":["GET"]}}],"collection":[{"href":"https:\/\/boreait.com\/hu\/wp-json\/wp\/v2\/product"}],"about":[{"href":"https:\/\/boreait.com\/hu\/wp-json\/wp\/v2\/types\/product"}],"wp:featuredmedia":[{"embeddable":true,"href":"https:\/\/boreait.com\/hu\/wp-json\/wp\/v2\/media\/12314"}],"wp:attachment":[{"href":"https:\/\/boreait.com\/hu\/wp-json\/wp\/v2\/media?parent=12309"}],"wp:term":[{"taxonomy":"product_brand","embeddable":true,"href":"https:\/\/boreait.com\/hu\/wp-json\/wp\/v2\/product_brand?post=12309"},{"taxonomy":"product_cat","embeddable":true,"href":"https:\/\/boreait.com\/hu\/wp-json\/wp\/v2\/product_cat?post=12309"},{"taxonomy":"product_tag","embeddable":true,"href":"https:\/\/boreait.com\/hu\/wp-json\/wp\/v2\/product_tag?post=12309"}],"curies":[{"name":"wp","href":"https:\/\/api.w.org\/{rel}","templated":true}]}}