{"id":12308,"date":"2025-09-17T13:41:56","date_gmt":"2025-09-17T11:41:56","guid":{"rendered":"https:\/\/boreait.com\/hu\/?post_type=product&#038;p=12308"},"modified":"2025-09-17T13:42:13","modified_gmt":"2025-09-17T11:42:13","slug":"asus-zenbook-pro-15-um535qe-156-fhd-oled-lcd-kepernyo-fenyes-uj","status":"publish","type":"product","link":"https:\/\/boreait.com\/hu\/termek\/asus-zenbook-pro-15-um535qe-156-fhd-oled-lcd-kepernyo-fenyes-uj\/","title":{"rendered":"ASUS ZenBook Pro 15 UM535QE 15,6&#8243; FHD OLED LCD k\u00e9perny\u0151 F\u00e9nyes \u00daJ"},"content":{"rendered":"<p data-start=\"493\" data-end=\"821\"><strong>T\u00e9nyleges LCD-k\u00e9perny\u0151 ATNA56YX03 \u2013 TELJESEN KOMPATIBILIS A LAPTOP K\u00c9PERNY\u0150VEL ASUS ZenBook Pro 15 UM535QE UM535 \/ M3500QC-L1081T<\/strong><\/p>\n<p data-start=\"456\" data-end=\"660\">Ez az <strong data-start=\"461\" data-end=\"544\">csere-LCD-k\u00e9perny\u0151 ASUS ZenBook Pro 15 UM535QE \/ UM535 \/ M3500QC-L1081T<\/strong> sz\u00e1m\u00e1ra a t\u00f6k\u00e9letes megold\u00e1s az eredeti laptop teljes\u00edtm\u00e9ny\u00e9nek jav\u00edt\u00e1s\u00e1ra, t\u00f6r\u00f6tt kijelz\u0151j\u00e9nek helyre\u00e1ll\u00edt\u00e1s\u00e1ra vagy t\u00e1rol\u00e1s\u00e1ra.<\/p>\n<ul data-start=\"662\" data-end=\"915\">\n<li data-start=\"662\" data-end=\"681\">\n<p data-start=\"664\" data-end=\"681\"><strong data-start=\"664\" data-end=\"673\">M\u00e9ret:<\/strong> 15,6&#8243;<\/p>\n<\/li>\n<li data-start=\"682\" data-end=\"715\">\n<p data-start=\"684\" data-end=\"715\"><strong data-start=\"684\" data-end=\"699\">Felbont\u00e1s:<\/strong> FHD 1920&#215;1200<\/p>\n<\/li>\n<li data-start=\"716\" data-end=\"740\">\n<p data-start=\"718\" data-end=\"740\"><strong data-start=\"718\" data-end=\"733\">Technol\u00f3gia:<\/strong> OLED<\/p>\n<\/li>\n<li data-start=\"741\" data-end=\"763\">\n<p data-start=\"743\" data-end=\"763\"><strong data-start=\"743\" data-end=\"754\">Befejez\u00e9s:<\/strong> F\u00e9nyes<\/p>\n<\/li>\n<li data-start=\"764\" data-end=\"789\">\n<p data-start=\"766\" data-end=\"789\"><strong data-start=\"766\" data-end=\"780\">Csatlakoz\u00f3:<\/strong> 30 t\u0171s<\/p>\n<\/li>\n<li data-start=\"790\" data-end=\"813\">\n<p data-start=\"792\" data-end=\"813\"><strong data-start=\"792\" data-end=\"801\">T\u00edpus:<\/strong> \u00e9rint\u00e9s n\u00e9lk\u00fcli<\/p>\n<\/li>\n<li data-start=\"814\" data-end=\"874\">\n<p data-start=\"816\" data-end=\"874\"><strong data-start=\"816\" data-end=\"829\">R\u00f6gz\u00edt\u00e9s:<\/strong> \u00f6ntapad\u00f3 cs\u00edkok mell\u00e9kelve, konzolok n\u00e9lk\u00fcl<\/p>\n<\/li>\n<li data-start=\"875\" data-end=\"915\">\n<p data-start=\"877\" data-end=\"915\"><strong data-start=\"877\" data-end=\"891\">\u00c1llapot:<\/strong> vadonat\u00faj, soha nem haszn\u00e1lt<\/p>\n<\/li>\n<\/ul>\n<p data-start=\"917\" data-end=\"1136\">Ez a <strong data-start=\"922\" data-end=\"932\">k\u00e9perny\u0151<\/strong> \u00e9l\u00e9nk sz\u00edneket, \u00e9les r\u00e9szleteket \u00e9s teljes kompatibilit\u00e1st biztos\u00edt a ZenBook Pro sorozattal. K\u00f6nnyen telep\u00edthet\u0151, lehet\u0151v\u00e9 teszi a r\u00e9gi kijelz\u0151 gyors cser\u00e9j\u00e9t, \u00e9s ism\u00e9t \u00e9les, kiv\u00e1l\u00f3 min\u0151s\u00e9g\u0171 k\u00e9pet \u00e9lvezhet.<\/p>\n<p>&nbsp;<\/p>\n<p>&nbsp;<\/p>\n<p>&nbsp;<\/p>\n","protected":false},"excerpt":{"rendered":"<p><strong data-start=\"225\" data-end=\"297\">LCD-k\u00e9perny\u0151 ASUS ZenBook Pro 15 UM535QE \/ UM535 \/ M3500QC-L1081T sz\u00e1m\u00e1ra.<\/strong><br data-start=\"297\" data-end=\"300\" \/>15,6&#8243; FHD (1920x,0,3), pin Nem \u00e9rinthet\u0151 k\u00e9toldalas ragaszt\u00f3cs\u00edkok.<\/p>\n","protected":false},"featured_media":12314,"template":"","meta":[],"product_brand":[],"product_cat":[81,71],"product_tag":[30],"class_list":{"0":"post-12308","1":"product","2":"type-product","3":"status-publish","4":"has-post-thumbnail","6":"product_cat-15-6-new-laptop-screens-lcd-panels","7":"product_cat-new-laptop-screens-lcd-panels","8":"product_tag-asus","10":"first","11":"instock","12":"taxable","13":"shipping-taxable","14":"purchasable","15":"product-type-simple"},"_links":{"self":[{"href":"https:\/\/boreait.com\/hu\/wp-json\/wp\/v2\/product\/12308","targetHints":{"allow":["GET"]}}],"collection":[{"href":"https:\/\/boreait.com\/hu\/wp-json\/wp\/v2\/product"}],"about":[{"href":"https:\/\/boreait.com\/hu\/wp-json\/wp\/v2\/types\/product"}],"wp:featuredmedia":[{"embeddable":true,"href":"https:\/\/boreait.com\/hu\/wp-json\/wp\/v2\/media\/12314"}],"wp:attachment":[{"href":"https:\/\/boreait.com\/hu\/wp-json\/wp\/v2\/media?parent=12308"}],"wp:term":[{"taxonomy":"product_brand","embeddable":true,"href":"https:\/\/boreait.com\/hu\/wp-json\/wp\/v2\/product_brand?post=12308"},{"taxonomy":"product_cat","embeddable":true,"href":"https:\/\/boreait.com\/hu\/wp-json\/wp\/v2\/product_cat?post=12308"},{"taxonomy":"product_tag","embeddable":true,"href":"https:\/\/boreait.com\/hu\/wp-json\/wp\/v2\/product_tag?post=12308"}],"curies":[{"name":"wp","href":"https:\/\/api.w.org\/{rel}","templated":true}]}}