{"id":12306,"date":"2025-09-17T13:41:56","date_gmt":"2025-09-17T11:41:56","guid":{"rendered":"https:\/\/boreait.com\/hu\/?post_type=product&#038;p=12306"},"modified":"2025-09-17T13:42:12","modified_gmt":"2025-09-17T11:42:12","slug":"asus-vivobook-a1505-lcd-kepernyo-156-fhd-oled-fenyes-30-tus-uj","status":"publish","type":"product","link":"https:\/\/boreait.com\/hu\/termek\/asus-vivobook-a1505-lcd-kepernyo-156-fhd-oled-fenyes-30-tus-uj\/","title":{"rendered":"Asus Vivobook A1505 LCD k\u00e9perny\u0151 15,6&#8243; FHD OLED f\u00e9nyes 30 t\u0171s \u00daj"},"content":{"rendered":"<p data-start=\"493\" data-end=\"821\"><strong>T\u00e9nyleges LCD-k\u00e9perny\u0151 ATNA56YX03 \u2013 TELJESEN KOMPATIBILIS A LAPTOP K\u00c9PERNY\u0150J\u00c9VEL Asus Vivobook A1505-h\u00f6z<\/strong><\/p>\n<p data-start=\"416\" data-end=\"753\">Adjon \u00faj \u00e9letet Asus Vivobook A1505-\u00e9nek ezzel a pr\u00e9mium csere LCD-k\u00e9perny\u0151vel. Ez az \u00e9les l\u00e1tv\u00e1ny \u00e9s \u00e9l\u00e9nk sz\u00ednek biztos\u00edt\u00e1s\u00e1ra tervezett <strong data-start=\"596\" data-end=\"622\">15,6 h\u00fcvelykes OLED-kijelz\u0151<\/strong> t\u00e1mogatja a <strong data-start=\"632\" data-end=\"666\">Full HD felbont\u00e1st (1920&#215;1200)<\/strong>, kiv\u00e1l\u00f3 megtekint\u00e9si \u00e9lm\u00e9nyt biztos\u00edtva munk\u00e1hoz, tanul\u00e1shoz vagy sz\u00f3rakoz\u00e1shoz.<\/p>\n<p data-start=\"755\" data-end=\"766\">Jellemz\u0151k:<\/p>\n<ul data-start=\"767\" data-end=\"1114\">\n<li data-start=\"767\" data-end=\"799\">\n<p data-start=\"769\" data-end=\"799\">K\u00e9perny\u0151m\u00e9ret: <strong data-start=\"782\" data-end=\"797\">15,6 h\u00fcvelyk<\/strong><\/p>\n<\/li>\n<li data-start=\"800\" data-end=\"833\">\n<p data-start=\"802\" data-end=\"833\">Felbont\u00e1s: <strong data-start=\"814\" data-end=\"831\">FHD 1920&#215;1200<\/strong><\/p>\n<\/li>\n<li data-start=\"834\" data-end=\"893\">\n<p data-start=\"836\" data-end=\"893\">Technol\u00f3gia: <strong data-start=\"848\" data-end=\"856\">OLED<\/strong> az \u00e9l\u00e9nk sz\u00ednek \u00e9s a m\u00e9ly kontraszt \u00e9rdek\u00e9ben<\/p>\n<\/li>\n<li data-start=\"894\" data-end=\"945\">\n<p data-start=\"896\" data-end=\"945\">Befejez\u00e9s: <strong data-start=\"904\" data-end=\"914\">F\u00e9nyes<\/strong> az \u00e9les \u00e9s f\u00e9nyes l\u00e1tv\u00e1ny \u00e9rdek\u00e9ben<\/p>\n<\/li>\n<li data-start=\"946\" data-end=\"971\">\n<p data-start=\"948\" data-end=\"971\">Csatlakoz\u00f3: <strong data-start=\"959\" data-end=\"969\">30 t\u0171s<\/strong><\/p>\n<\/li>\n<li data-start=\"972\" data-end=\"1004\">\n<p data-start=\"974\" data-end=\"1004\">\u00c9rint\u00e9ses t\u00e1mogat\u00e1s: <strong data-start=\"989\" data-end=\"1002\">Nem \u00e9rint\u00e9s<\/strong><\/p>\n<\/li>\n<li data-start=\"1005\" data-end=\"1091\">\n<p data-start=\"1007\" data-end=\"1091\">Az egyszer\u0171 telep\u00edt\u00e9s \u00e9rdek\u00e9ben \u00f6ntapad\u00f3 cs\u00edkokkal sz\u00e1ll\u00edtjuk<\/p>\n<\/li>\n<li data-start=\"1092\" data-end=\"1114\">\n<p data-start=\"1094\" data-end=\"1114\">\u00c1llapot: <strong data-start=\"1105\" data-end=\"1112\">\u00daj<\/strong><\/p>\n<\/li>\n<\/ul>\n<p data-start=\"1116\" data-end=\"1373\">Ez a k\u00e9perny\u0151 ide\u00e1lis megold\u00e1s, ha az eredeti kijelz\u0151 megrepedt, vill\u00f3dzik vagy m\u00e1r nem m\u0171k\u00f6dik. K\u00f6nnyen felszerelhet\u0151 a mell\u00e9kelt ragaszt\u00f3cs\u00edkokkal, vissza\u00e1ll\u00edtja a laptop teljes funkcionalit\u00e1s\u00e1t, \u00e9s biztos\u00edtja, hogy ism\u00e9t tiszta, vil\u00e1gos k\u00e9peket \u00e9lvezhessen.<\/p>\n<p>&nbsp;<\/p>\n<p>&nbsp;<\/p>\n","protected":false},"excerpt":{"rendered":"<p>Csere LCD k\u00e9perny\u0151 Asus Vivobook A1505-h\u00f6z. 15,6&#8243; OLED, FHD (1920&#215;1200), f\u00e9nyes, 30 t\u0171s, \u00e9rint\u00e9smentes. Tart\u00f3k n\u00e9lk\u00fcl sz\u00e1ll\u00edtjuk, \u00f6ntapad\u00f3 cs\u00edkokat tartalmaz. Vadonat \u00faj \u00e1llapot\u00fa.<\/p>\n","protected":false},"featured_media":12314,"template":"","meta":[],"product_brand":[],"product_cat":[81,71],"product_tag":[30],"class_list":{"0":"post-12306","1":"product","2":"type-product","3":"status-publish","4":"has-post-thumbnail","6":"product_cat-15-6-new-laptop-screens-lcd-panels","7":"product_cat-new-laptop-screens-lcd-panels","8":"product_tag-asus","10":"first","11":"instock","12":"taxable","13":"shipping-taxable","14":"purchasable","15":"product-type-simple"},"_links":{"self":[{"href":"https:\/\/boreait.com\/hu\/wp-json\/wp\/v2\/product\/12306","targetHints":{"allow":["GET"]}}],"collection":[{"href":"https:\/\/boreait.com\/hu\/wp-json\/wp\/v2\/product"}],"about":[{"href":"https:\/\/boreait.com\/hu\/wp-json\/wp\/v2\/types\/product"}],"wp:featuredmedia":[{"embeddable":true,"href":"https:\/\/boreait.com\/hu\/wp-json\/wp\/v2\/media\/12314"}],"wp:attachment":[{"href":"https:\/\/boreait.com\/hu\/wp-json\/wp\/v2\/media?parent=12306"}],"wp:term":[{"taxonomy":"product_brand","embeddable":true,"href":"https:\/\/boreait.com\/hu\/wp-json\/wp\/v2\/product_brand?post=12306"},{"taxonomy":"product_cat","embeddable":true,"href":"https:\/\/boreait.com\/hu\/wp-json\/wp\/v2\/product_cat?post=12306"},{"taxonomy":"product_tag","embeddable":true,"href":"https:\/\/boreait.com\/hu\/wp-json\/wp\/v2\/product_tag?post=12306"}],"curies":[{"name":"wp","href":"https:\/\/api.w.org\/{rel}","templated":true}]}}