{"id":12305,"date":"2025-09-17T13:41:56","date_gmt":"2025-09-17T11:41:56","guid":{"rendered":"https:\/\/boreait.com\/hu\/?post_type=product&#038;p=12305"},"modified":"2025-09-17T13:42:12","modified_gmt":"2025-09-17T11:42:12","slug":"asus-x1505z-lcd-kepernyo-156-fhd-oled-fenyes-30-tus-erintesmentes-uj","status":"publish","type":"product","link":"https:\/\/boreait.com\/hu\/termek\/asus-x1505z-lcd-kepernyo-156-fhd-oled-fenyes-30-tus-erintesmentes-uj\/","title":{"rendered":"Asus X1505Z LCD k\u00e9perny\u0151 15,6&#8243; FHD OLED f\u00e9nyes 30 t\u0171s, \u00e9rint\u00e9smentes \u00daj"},"content":{"rendered":"<p data-start=\"493\" data-end=\"821\"><strong>T\u00e9nyleges LCD-k\u00e9perny\u0151 ATNA56YX03 \u2013 TELJESEN KOMPATIBILIS A LAPTOP K\u00c9PERNY\u0150VEL Asus X1505Z \/ 13N1-GJA0311<\/strong><\/p>\n<p data-start=\"434\" data-end=\"536\">Cser\u00e9lje ki a s\u00e9r\u00fclt vagy hib\u00e1s kijelz\u0151t az <strong data-start=\"480\" data-end=\"495\">Asus X1505Z<\/strong> k\u00e9sz\u00fcl\u00e9ken erre a kiv\u00e1l\u00f3 min\u0151s\u00e9g\u0171 <strong data-start=\"519\" data-end=\"533\">LCD k\u00e9perny\u0151re<\/strong>.<\/p>\n<p data-start=\"538\" data-end=\"553\">F\u0151bb jellemz\u0151k:<\/p>\n<ul data-start=\"555\" data-end=\"797\">\n<li data-start=\"555\" data-end=\"578\">\n<p data-start=\"557\" data-end=\"578\">M\u00e9ret: <strong data-start=\"563\" data-end=\"576\">15,6 h\u00fcvelyk<\/strong><\/p>\n<\/li>\n<li data-start=\"579\" data-end=\"612\">\n<p data-start=\"581\" data-end=\"612\">Felbont\u00e1s: <strong data-start=\"593\" data-end=\"610\">FHD 1920&#215;1200<\/strong><\/p>\n<\/li>\n<li data-start=\"613\" data-end=\"637\">\n<p data-start=\"615\" data-end=\"637\">Technol\u00f3gia: <strong data-start=\"627\" data-end=\"635\">OLED<\/strong><\/p>\n<\/li>\n<li data-start=\"638\" data-end=\"660\">\n<p data-start=\"640\" data-end=\"660\">Befejez\u00e9s: <strong data-start=\"648\" data-end=\"658\">F\u00e9nyes<\/strong><\/p>\n<\/li>\n<li data-start=\"661\" data-end=\"690\">\n<p data-start=\"663\" data-end=\"690\">Csatlakoz\u00f3: <strong data-start=\"674\" data-end=\"688\">30 t\u0171s eDP<\/strong><\/p>\n<\/li>\n<li data-start=\"691\" data-end=\"714\">\n<p data-start=\"693\" data-end=\"714\">T\u00edpus: <strong data-start=\"699\" data-end=\"712\">Nem \u00e9rint\u00e9s<\/strong><\/p>\n<\/li>\n<li data-start=\"715\" data-end=\"797\">\n<p data-start=\"717\" data-end=\"797\">Telep\u00edt\u00e9s: nincs z\u00e1r\u00f3jel, <strong data-start=\"758\" data-end=\"795\">k\u00e9toldalas \u00f6ntapad\u00f3 cs\u00edkokkal<\/strong><\/p>\n<\/li>\n<\/ul>\n<p data-start=\"799\" data-end=\"827\">\u2705 \u00c1llapot: <strong data-start=\"812\" data-end=\"825\">vadonat\u00faj<\/strong><\/p>\n<p data-start=\"829\" data-end=\"1058\">Ez a <strong data-start=\"834\" data-end=\"851\">laptop k\u00e9perny\u0151<\/strong> \u00e9l\u00e9nk sz\u00edneket, \u00e9les r\u00e9szleteket \u00e9s teljes kompatibilit\u00e1st biztos\u00edt Asus X1505Z modellj\u00e9vel. Ide\u00e1lis csere, ha az eredeti k\u00e9perny\u0151 megrepedt, vonalak, halott k\u00e9ppontok vagy egy\u00e9b megjelen\u00edt\u00e9si probl\u00e9m\u00e1k jelennek meg.<\/p>\n<p>&nbsp;<\/p>\n","protected":false},"excerpt":{"rendered":"<p>Vadonat\u00faj 15,6&#8243; FHD (1920&#215;1200) OLED LCD k\u00e9perny\u0151 Asus X1505Z-hez. F\u00e9nyes fel\u00fclet, 30 t\u0171s csatlakoz\u00f3, \u00e9rint\u00e9smentes. \u00d6ntapad\u00f3 cs\u00edkok mell\u00e9kelve.<\/p>\n","protected":false},"featured_media":12314,"template":"","meta":[],"product_brand":[],"product_cat":[81,71],"product_tag":[30],"class_list":{"0":"post-12305","1":"product","2":"type-product","3":"status-publish","4":"has-post-thumbnail","6":"product_cat-15-6-new-laptop-screens-lcd-panels","7":"product_cat-new-laptop-screens-lcd-panels","8":"product_tag-asus","10":"first","11":"instock","12":"taxable","13":"shipping-taxable","14":"purchasable","15":"product-type-simple"},"_links":{"self":[{"href":"https:\/\/boreait.com\/hu\/wp-json\/wp\/v2\/product\/12305","targetHints":{"allow":["GET"]}}],"collection":[{"href":"https:\/\/boreait.com\/hu\/wp-json\/wp\/v2\/product"}],"about":[{"href":"https:\/\/boreait.com\/hu\/wp-json\/wp\/v2\/types\/product"}],"wp:featuredmedia":[{"embeddable":true,"href":"https:\/\/boreait.com\/hu\/wp-json\/wp\/v2\/media\/12314"}],"wp:attachment":[{"href":"https:\/\/boreait.com\/hu\/wp-json\/wp\/v2\/media?parent=12305"}],"wp:term":[{"taxonomy":"product_brand","embeddable":true,"href":"https:\/\/boreait.com\/hu\/wp-json\/wp\/v2\/product_brand?post=12305"},{"taxonomy":"product_cat","embeddable":true,"href":"https:\/\/boreait.com\/hu\/wp-json\/wp\/v2\/product_cat?post=12305"},{"taxonomy":"product_tag","embeddable":true,"href":"https:\/\/boreait.com\/hu\/wp-json\/wp\/v2\/product_tag?post=12305"}],"curies":[{"name":"wp","href":"https:\/\/api.w.org\/{rel}","templated":true}]}}