{"id":12295,"date":"2025-09-17T13:41:33","date_gmt":"2025-09-17T11:41:33","guid":{"rendered":"https:\/\/boreait.com\/hu\/?post_type=product&#038;p=12295"},"modified":"2025-09-17T13:42:12","modified_gmt":"2025-09-17T11:42:12","slug":"lcd-kepernyo-atna56yx03-156-fhd-oled-fenyes-30-tus-erintesmentes-uj","status":"publish","type":"product","link":"https:\/\/boreait.com\/hu\/termek\/lcd-kepernyo-atna56yx03-156-fhd-oled-fenyes-30-tus-erintesmentes-uj\/","title":{"rendered":"LCD k\u00e9perny\u0151 ATNA56YX03 15,6&#8243; FHD OLED f\u00e9nyes 30 t\u0171s, \u00e9rint\u00e9smentes \u00daj"},"content":{"rendered":"<p data-start=\"493\" data-end=\"821\">Friss\u00edtse vagy cser\u00e9lje ki laptopj\u00e1nak kijelz\u0151j\u00e9t <strong data-start=\"541\" data-end=\"566\">ATNA56YX03 LCD-k\u00e9perny\u0151re<\/strong> \u2013 egy kiv\u00e1l\u00f3 min\u0151s\u00e9g\u0171 <strong data-start=\"584\" data-end=\"604\">15,6&#8243;-os, ragyog\u00f3 OLED-panellel \u00e9s ragyog\u00f3 sz\u00ednekkel<\/strong>. data-start=&#8221;675&#8243; data-end=&#8221;710&#8243;>1920&#215;1200-as Full HD felbont\u00e1s<\/strong>, ez a f\u00e9nyes k\u00e9perny\u0151 \u00e9les r\u00e9szleteket \u00e9s gazdag kontrasztot biztos\u00edt, amely t\u00f6k\u00e9letes professzion\u00e1lis \u00e9s mindennapi haszn\u00e1latra egyar\u00e1nt.<\/p>\n<p data-start=\"823\" data-end=\"838\">F\u0151bb jellemz\u0151k:<\/p>\n<ul data-start=\"839\" data-end=\"1161\">\n<li data-start=\"839\" data-end=\"864\">\n<p data-start=\"841\" data-end=\"864\"><strong data-start=\"841\" data-end=\"851\">Modell:<\/strong> ATNA56YX03<\/p>\n<\/li>\n<li data-start=\"865\" data-end=\"890\">\n<p data-start=\"867\" data-end=\"890\"><strong data-start=\"867\" data-end=\"876\">M\u00e9ret:<\/strong> 15,6 h\u00fcvelyk<\/p>\n<\/li>\n<li data-start=\"891\" data-end=\"924\">\n<p data-start=\"893\" data-end=\"924\"><strong data-start=\"893\" data-end=\"908\">Felbont\u00e1s:<\/strong> FHD 1920&#215;1200<\/p>\n<\/li>\n<li data-start=\"925\" data-end=\"982\">\n<p data-start=\"927\" data-end=\"982\"><strong data-start=\"927\" data-end=\"942\">Technol\u00f3gia:<\/strong> OLED a m\u00e9ly feket\u00e9khez \u00e9s \u00e9l\u00e9nk sz\u00ednekhez<\/p>\n<\/li>\n<li data-start=\"983\" data-end=\"1017\">\n<p data-start=\"985\" data-end=\"1017\"><strong data-start=\"985\" data-end=\"996\">Befejez\u00e9s:<\/strong> F\u00e9nyes (nem \u00e9rint\u00e9s)<\/p>\n<\/li>\n<li data-start=\"1018\" data-end=\"1043\">\n<p data-start=\"1020\" data-end=\"1043\"><strong data-start=\"1020\" data-end=\"1034\">Csatlakoz\u00f3:<\/strong> 30 t\u0171s<\/p>\n<\/li>\n<li data-start=\"1044\" data-end=\"1132\">\n<p data-start=\"1046\" data-end=\"1132\"><strong data-start=\"1046\" data-end=\"1059\">Konzolok:<\/strong> Nem tartoz\u00e9k \u2013 \u00f6ntapad\u00f3 cs\u00edkokkal a biztons\u00e1gos telep\u00edt\u00e9s \u00e9rdek\u00e9ben<\/p>\n<\/li>\n<li data-start=\"1133\" data-end=\"1161\">\n<p data-start=\"1135\" data-end=\"1161\"><strong data-start=\"1135\" data-end=\"1149\">\u00c1llapot:<\/strong> Vadonat\u00faj<\/p>\n<\/li>\n<\/ul>\n<p data-start=\"1163\" data-end=\"1371\">Ez a k\u00e9perny\u0151 ide\u00e1lis helyettes\u00edt\u0151je a s\u00e9r\u00fclt vagy hib\u00e1s laptop kijelz\u0151knek. A beszerel\u00e9s egyszer\u0171 a mell\u00e9kelt ragaszt\u00f3cs\u00edkoknak k\u00f6sz\u00f6nhet\u0151en, \u00edgy technikusok \u00e9s halad\u00f3 felhaszn\u00e1l\u00f3k sz\u00e1m\u00e1ra egyar\u00e1nt alkalmas.<\/p>\n<p data-start=\"1373\" data-end=\"1465\">Kezdje \u00fajra \u00e9letre laptopj\u00e1t ezzel a megb\u00edzhat\u00f3 \u00e9s nagy teljes\u00edtm\u00e9ny\u0171 cserek\u00e9perny\u0151vel.<\/p>\n","protected":false},"excerpt":{"rendered":"<p>Vadonat\u00faj 15,6&#8243; FHD OLED f\u00e9nyes cserek\u00e9perny\u0151 ATNA56YX03 laptopokhoz. 1920&#215;1200 felbont\u00e1s, 30 t\u0171s, \u00e9rint\u00e9smentes, konzolok n\u00e9lk\u00fcl. \u00d6ntapad\u00f3 cs\u00edkok mell\u00e9kelve az egyszer\u0171 telep\u00edt\u00e9s \u00e9rdek\u00e9ben.<\/p>\n","protected":false},"featured_media":12314,"template":"","meta":[],"product_brand":[],"product_cat":[81,71],"product_tag":[],"class_list":{"0":"post-12295","1":"product","2":"type-product","3":"status-publish","4":"has-post-thumbnail","6":"product_cat-15-6-new-laptop-screens-lcd-panels","7":"product_cat-new-laptop-screens-lcd-panels","9":"first","10":"instock","11":"taxable","12":"shipping-taxable","13":"purchasable","14":"product-type-simple"},"_links":{"self":[{"href":"https:\/\/boreait.com\/hu\/wp-json\/wp\/v2\/product\/12295","targetHints":{"allow":["GET"]}}],"collection":[{"href":"https:\/\/boreait.com\/hu\/wp-json\/wp\/v2\/product"}],"about":[{"href":"https:\/\/boreait.com\/hu\/wp-json\/wp\/v2\/types\/product"}],"wp:featuredmedia":[{"embeddable":true,"href":"https:\/\/boreait.com\/hu\/wp-json\/wp\/v2\/media\/12314"}],"wp:attachment":[{"href":"https:\/\/boreait.com\/hu\/wp-json\/wp\/v2\/media?parent=12295"}],"wp:term":[{"taxonomy":"product_brand","embeddable":true,"href":"https:\/\/boreait.com\/hu\/wp-json\/wp\/v2\/product_brand?post=12295"},{"taxonomy":"product_cat","embeddable":true,"href":"https:\/\/boreait.com\/hu\/wp-json\/wp\/v2\/product_cat?post=12295"},{"taxonomy":"product_tag","embeddable":true,"href":"https:\/\/boreait.com\/hu\/wp-json\/wp\/v2\/product_tag?post=12295"}],"curies":[{"name":"wp","href":"https:\/\/api.w.org\/{rel}","templated":true}]}}