{"id":12293,"date":"2025-09-17T13:41:33","date_gmt":"2025-09-17T11:41:33","guid":{"rendered":"https:\/\/boreait.com\/hu\/?post_type=product&#038;p=12293"},"modified":"2025-09-17T13:42:10","modified_gmt":"2025-09-17T11:42:10","slug":"ne156fhm-nx1-nx2-nx3-nx5-lcd-kepernyo-156-fhd-ips-144hz-matt-40-tus-uj","status":"publish","type":"product","link":"https:\/\/boreait.com\/hu\/termek\/ne156fhm-nx1-nx2-nx3-nx5-lcd-kepernyo-156-fhd-ips-144hz-matt-40-tus-uj\/","title":{"rendered":"NE156FHM-NX1\/NX2\/NX3\/NX5 LCD k\u00e9perny\u0151 15,6&#8243; FHD IPS 144Hz matt 40 t\u0171s \u00faj"},"content":{"rendered":"<p data-start=\"575\" data-end=\"853\"><strong>T\u00e9nyleges LCD-k\u00e9perny\u0151s modell: n156hra-ea1 REV C1 \u2013 TELJESEN KOMPATIBILIS A NE156FHM-NX1 NX2 NX3 NX5 LAPTOP K\u00c9PERNY\u0150VEL<\/strong><\/p>\n<p data-start=\"220\" data-end=\"810\">Friss\u00edtse laptopja kijelz\u0151j\u00e9t ezzel a <strong data-start=\"301\" data-end=\"329\">pr\u00e9mium 15,6&#8243;-es LCD-k\u00e9perny\u0151vel<\/strong>, amely kompatibilis az <strong data-start=\"354\" data-end=\"389\">N, N, N, X, X, X \u00e9s N156FX, X modellekkel NX5<\/strong>. <strong data-start=\"400\" data-end=\"444\">fels\u0151 \u00e9s als\u00f3 r\u00f6gz\u00edt\u0151konzolok n\u00e9lk\u00fcl<\/strong>, <strong data-start=\"460\" data-end=\"495\">k\u00e9toldalas \u00f6ntapad\u00f3 szalaggal<\/strong> a biztons\u00e1gos telep\u00edt\u00e9s \u00e9rdek\u00e9ben.<br data-start=\"5202\"3\" data-end=\"520 adatok befejez\u00e9s<\/strong> cs\u00f6kkenti a t\u00fckr\u00f6z\u0151d\u00e9st, \u00edgy m\u00e9g vil\u00e1gos k\u00f6rnyezetben is k\u00e9nyelmes megtekint\u00e9si \u00e9lm\u00e9nyt biztos\u00edt.<\/p>\n<p data-start=\"812\" data-end=\"833\"><strong data-start=\"812\" data-end=\"831\">M\u0171szaki adatok:<\/strong><\/p>\n<ul data-start=\"834\" data-end=\"1083\">\n<li data-start=\"834\" data-end=\"859\">\n<p data-start=\"836\" data-end=\"859\"><strong data-start=\"836\" data-end=\"845\">M\u00e9ret:<\/strong> 15,6 h\u00fcvelyk<\/p>\n<\/li>\n<li data-start=\"860\" data-end=\"893\">\n<p data-start=\"862\" data-end=\"893\"><strong data-start=\"862\" data-end=\"877\">Felbont\u00e1s:<\/strong> FHD 1920\u00d71080<\/p>\n<\/li>\n<li data-start=\"894\" data-end=\"921\">\n<p data-start=\"896\" data-end=\"921\"><strong data-start=\"896\" data-end=\"913\">Friss\u00edt\u00e9si gyakoris\u00e1g:<\/strong> 144 Hz<\/p>\n<\/li>\n<li data-start=\"922\" data-end=\"959\">\n<p data-start=\"924\" data-end=\"959\"><strong data-start=\"924\" data-end=\"939\">Panel t\u00edpusa:<\/strong> IPS, matt fel\u00fclet<\/p>\n<\/li>\n<li data-start=\"960\" data-end=\"989\">\n<p data-start=\"962\" data-end=\"989\"><strong data-start=\"962\" data-end=\"976\">Csatlakoz\u00f3:<\/strong> 40 t\u0171s eDP<\/p>\n<\/li>\n<li data-start=\"990\" data-end=\"1060\">\n<p data-start=\"992\" data-end=\"1060\"><strong data-start=\"992\" data-end=\"1005\">R\u00f6gz\u00edt\u00e9s:<\/strong> Fels\u0151\/als\u00f3 konzolok n\u00e9lk\u00fcl (ragaszt\u00f3szalag mell\u00e9kelve)<\/p>\n<\/li>\n<li data-start=\"1061\" data-end=\"1083\">\n<p data-start=\"1063\" data-end=\"1083\"><strong data-start=\"1063\" data-end=\"1077\">\u00c1llapot:<\/strong> \u00daj<\/p>\n<\/li>\n<\/ul>\n<p data-start=\"1085\" data-end=\"1108\"><strong data-start=\"1085\" data-end=\"1106\">A csomag tartalma:<\/strong><\/p>\n<ul data-start=\"1109\" data-end=\"1207\">\n<li data-start=\"1109\" data-end=\"1171\">\n<p data-start=\"1111\" data-end=\"1171\">1 \u00d7 LCD k\u00e9perny\u0151 (NE156FHM-NX1 \/ NX2 \/ NX3 \/ NX5 kompatibilis)<\/p>\n<\/li>\n<li data-start=\"1172\" data-end=\"1207\">\n<p data-start=\"1174\" data-end=\"1207\">K\u00e9toldalas \u00f6ntapad\u00f3 szalag<\/p>\n<\/li>\n<\/ul>\n<p data-start=\"1209\" data-end=\"1323\"><strong data-start=\"1209\" data-end=\"1218\">Megjegyz\u00e9s:<\/strong> K\u00e9rj\u00fck, v\u00e1s\u00e1rl\u00e1s el\u0151tt ellen\u0151rizze laptopja k\u00e9perny\u0151- \u00e9s csatlakoz\u00f3t\u00edpus\u00e1t a kompatibilit\u00e1s biztos\u00edt\u00e1sa \u00e9rdek\u00e9ben.<\/p>\n<p>&nbsp;<\/p>\n","protected":false},"excerpt":{"rendered":"<p data-start=\"1330\" data-end=\"1505\">15,6&#8243; FHD IPS LCD k\u00e9perny\u0151 (NE156FHM-NX1 \/ NX2 \/ NX3 \/ NX5), 144 Hz, matt, 40 t\u0171s, tart\u00f3 n\u00e9lk\u00fcl. Ragaszt\u00f3szalag mell\u00e9kelve. \u00daj \u00e1llapot.<\/p>\n","protected":false},"featured_media":10067,"template":"","meta":[],"product_brand":[],"product_cat":[81,71],"product_tag":[],"class_list":{"0":"post-12293","1":"product","2":"type-product","3":"status-publish","4":"has-post-thumbnail","6":"product_cat-15-6-new-laptop-screens-lcd-panels","7":"product_cat-new-laptop-screens-lcd-panels","9":"first","10":"instock","11":"taxable","12":"shipping-taxable","13":"purchasable","14":"product-type-simple"},"_links":{"self":[{"href":"https:\/\/boreait.com\/hu\/wp-json\/wp\/v2\/product\/12293","targetHints":{"allow":["GET"]}}],"collection":[{"href":"https:\/\/boreait.com\/hu\/wp-json\/wp\/v2\/product"}],"about":[{"href":"https:\/\/boreait.com\/hu\/wp-json\/wp\/v2\/types\/product"}],"wp:featuredmedia":[{"embeddable":true,"href":"https:\/\/boreait.com\/hu\/wp-json\/wp\/v2\/media\/10067"}],"wp:attachment":[{"href":"https:\/\/boreait.com\/hu\/wp-json\/wp\/v2\/media?parent=12293"}],"wp:term":[{"taxonomy":"product_brand","embeddable":true,"href":"https:\/\/boreait.com\/hu\/wp-json\/wp\/v2\/product_brand?post=12293"},{"taxonomy":"product_cat","embeddable":true,"href":"https:\/\/boreait.com\/hu\/wp-json\/wp\/v2\/product_cat?post=12293"},{"taxonomy":"product_tag","embeddable":true,"href":"https:\/\/boreait.com\/hu\/wp-json\/wp\/v2\/product_tag?post=12293"}],"curies":[{"name":"wp","href":"https:\/\/api.w.org\/{rel}","templated":true}]}}