{"id":12291,"date":"2025-09-17T13:41:32","date_gmt":"2025-09-17T11:41:32","guid":{"rendered":"https:\/\/boreait.com\/hu\/?post_type=product&#038;p=12291"},"modified":"2025-09-17T13:42:09","modified_gmt":"2025-09-17T11:42:09","slug":"hp-elitebook-840-g8-lcd-kepernyo-14-fhd-ips-matt-30-tus-l76245-j91-uj","status":"publish","type":"product","link":"https:\/\/boreait.com\/hu\/termek\/hp-elitebook-840-g8-lcd-kepernyo-14-fhd-ips-matt-30-tus-l76245-j91-uj\/","title":{"rendered":"HP EliteBook 840 G8 LCD k\u00e9perny\u0151 14&#8243; FHD IPS matt 30 t\u0171s L76245-J91 \u00daj"},"content":{"rendered":"<p data-start=\"455\" data-end=\"826\">T\u00e9nyleges LCD-kijelz\u0151s modell: <strong>B140HAN04.D \/ B140HAN07.1 \/ NV140FHM-N4T V8.2 \/ N140HCA-EEK <\/strong> \u2013 TELJESEN KOMPATIBILIS A LAPTOP SZ\u00c1M\u00cdT\u00d3VAL <strong> G\u00c9PJ\u00c1RM\u01700 Elite8 (PN: L76245-J91)<\/strong><\/p>\n<p data-start=\"455\" data-end=\"826\">Friss\u00edtse vagy cser\u00e9lje ki HP EliteBook 840 G8 (6A3P3AV modell) kijelz\u0151j\u00e9t erre a <strong data-start=\"573\" data-end=\"586\">vadonat\u00faj<\/strong> 14 h\u00fcvelykes LCD-k\u00e9perny\u0151re, cikksz\u00e1m: <strong data-start=\"619\" data-end=\"633\">L76245-J91<\/strong>.<br data-start=\"634\" data-end=\"637\" \/><strong data-start=\"647\" data-end=\"681\">Full HD felbont\u00e1s (1920\u00d71080)<\/strong>, \u00e9l\u00e9nk <strong>data-start=&#8221;691&#8243; data-start=&#8221;691&#8243; data-start=&#8221;691&#8243; technol\u00f3gi\u00e1val sz\u00f6gek \u00e9s <strong data-start=\"745\" data-end=\"761\">matt fel\u00fclet<\/strong> a t\u00fckr\u00f6z\u0151d\u00e9s cs\u00f6kkent\u00e9se \u00e9rdek\u00e9ben, ide\u00e1lis professzion\u00e1lis \u00e9s mindennapi haszn\u00e1latra.<\/p>\n<p data-start=\"828\" data-end=\"847\"><strong data-start=\"828\" data-end=\"845\">F\u0151bb jellemz\u0151k:<\/strong><\/p>\n<ul data-start=\"848\" data-end=\"1219\">\n<li data-start=\"848\" data-end=\"934\">\n<p data-start=\"850\" data-end=\"934\"><strong data-start=\"850\" data-end=\"868\">Kompatibilit\u00e1s:<\/strong> HP EliteBook 840 G8, cikksz\u00e1m: L76245-J91 (\u00e9rint\u00e9s n\u00e9lk\u00fcli v\u00e1ltozat)<\/p>\n<\/li>\n<li data-start=\"935\" data-end=\"952\">\n<p data-start=\"937\" data-end=\"952\"><strong data-start=\"937\" data-end=\"946\">M\u00e9ret:<\/strong> 14&#8243;<\/p>\n<\/li>\n<li data-start=\"953\" data-end=\"986\">\n<p data-start=\"955\" data-end=\"986\"><strong data-start=\"955\" data-end=\"970\">Felbont\u00e1s:<\/strong> FHD 1920\u00d71080<\/p>\n<\/li>\n<li data-start=\"987\" data-end=\"1049\">\n<p data-start=\"989\" data-end=\"1049\"><strong data-start=\"989\" data-end=\"1004\">Panel t\u00edpusa:<\/strong> IPS \u2013 \u00e9l\u00e9nk sz\u00ednek \u00e9s sz\u00e9les betekint\u00e9si sz\u00f6gek<\/p>\n<\/li>\n<li data-start=\"1050\" data-end=\"1085\">\n<p data-start=\"1052\" data-end=\"1085\"><strong data-start=\"1052\" data-end=\"1064\">Fel\u00fclet:<\/strong> matt \/ t\u00fckr\u00f6z\u0151d\u00e9smentes<\/p>\n<\/li>\n<li data-start=\"1086\" data-end=\"1111\">\n<p data-start=\"1088\" data-end=\"1111\"><strong data-start=\"1088\" data-end=\"1102\">Csatlakoz\u00f3:<\/strong> 30 t\u0171s<\/p>\n<\/li>\n<li data-start=\"1112\" data-end=\"1191\">\n<p data-start=\"1114\" data-end=\"1191\"><strong data-start=\"1114\" data-end=\"1127\">R\u00f6gz\u00edt\u00e9s:<\/strong> K\u00e9toldalas ragaszt\u00f3cs\u00edkokat tartalmaz a biztons\u00e1gos telep\u00edt\u00e9s \u00e9rdek\u00e9ben<\/p>\n<\/li>\n<li data-start=\"1192\" data-end=\"1219\">\n<p data-start=\"1194\" data-end=\"1219\"><strong data-start=\"1194\" data-end=\"1208\">\u00c1llapot:<\/strong> 100%-ban \u00faj<\/p>\n<\/li>\n<\/ul>\n<p data-start=\"1221\" data-end=\"1437\">Ezt a cserek\u00e9perny\u0151t teljes k\u00f6r\u0171en tesztelt\u00e9k a sz\u00e1ll\u00edt\u00e1s el\u0151tt, hogy biztos\u00edts\u00e1k a kiv\u00e1l\u00f3 min\u0151s\u00e9get \u00e9s az egyszer\u0171 telep\u00edt\u00e9st. T\u00f6k\u00e9letes megold\u00e1s a repedt, halv\u00e1ny pixeles vagy halv\u00e1ny kijelz\u0151 jav\u00edt\u00e1s\u00e1ra, mik\u00f6zben vissza\u00e1ll\u00edtja laptopja eredeti vizu\u00e1lis teljes\u00edtm\u00e9ny\u00e9t.<\/p>\n<hr data-start=\"1439\" data-end=\"1442\" \/>\n","protected":false},"excerpt":{"rendered":"<p>Vadonat\u00faj 14&#8243;-es LCD-k\u00e9perny\u0151 HP EliteBook 840 G8 (6A3P3AV), L76245-J91 alkatr\u00e9sz. Full HD IPS matt kijelz\u0151 30 t\u0171s csatlakoz\u00f3val. Nem \u00e9rint\u00e9s. K\u00e9toldalas ragaszt\u00f3cs\u00edkok mell\u00e9kelve.<\/p>\n","protected":false},"featured_media":7864,"template":"","meta":[],"product_brand":[],"product_cat":[74,71],"product_tag":[25],"class_list":{"0":"post-12291","1":"product","2":"type-product","3":"status-publish","4":"has-post-thumbnail","6":"product_cat-14-new-laptop-screens-lcd-panels","7":"product_cat-new-laptop-screens-lcd-panels","8":"product_tag-hp","10":"first","11":"instock","12":"taxable","13":"shipping-taxable","14":"purchasable","15":"product-type-simple"},"_links":{"self":[{"href":"https:\/\/boreait.com\/hu\/wp-json\/wp\/v2\/product\/12291","targetHints":{"allow":["GET"]}}],"collection":[{"href":"https:\/\/boreait.com\/hu\/wp-json\/wp\/v2\/product"}],"about":[{"href":"https:\/\/boreait.com\/hu\/wp-json\/wp\/v2\/types\/product"}],"wp:featuredmedia":[{"embeddable":true,"href":"https:\/\/boreait.com\/hu\/wp-json\/wp\/v2\/media\/7864"}],"wp:attachment":[{"href":"https:\/\/boreait.com\/hu\/wp-json\/wp\/v2\/media?parent=12291"}],"wp:term":[{"taxonomy":"product_brand","embeddable":true,"href":"https:\/\/boreait.com\/hu\/wp-json\/wp\/v2\/product_brand?post=12291"},{"taxonomy":"product_cat","embeddable":true,"href":"https:\/\/boreait.com\/hu\/wp-json\/wp\/v2\/product_cat?post=12291"},{"taxonomy":"product_tag","embeddable":true,"href":"https:\/\/boreait.com\/hu\/wp-json\/wp\/v2\/product_tag?post=12291"}],"curies":[{"name":"wp","href":"https:\/\/api.w.org\/{rel}","templated":true}]}}