{"id":12282,"date":"2025-09-17T13:41:09","date_gmt":"2025-09-17T11:41:09","guid":{"rendered":"https:\/\/boreait.com\/hu\/?post_type=product&#038;p=12282"},"modified":"2025-09-17T13:42:08","modified_gmt":"2025-09-17T11:42:08","slug":"asus-vivobook-16x-f1603z-m1603q-lcd-kepernyo-16-fhd-ips-matt-30-tus","status":"publish","type":"product","link":"https:\/\/boreait.com\/hu\/termek\/asus-vivobook-16x-f1603z-m1603q-lcd-kepernyo-16-fhd-ips-matt-30-tus\/","title":{"rendered":"Asus Vivobook 16X F1603Z M1603Q LCD k\u00e9perny\u0151 16&#8243; FHD+ IPS matt 30 t\u0171s**"},"content":{"rendered":"<p data-start=\"515\" data-end=\"812\"><strong>T\u00e9nyleges LCD-k\u00e9perny\u0151s modell: N160JCE-ELL Rev C3 \u2013 TELJESEN KOMPATIBILIS A LAPTOP K\u00c9PERNY\u0150VEL Asus Vivobook 16X F1603Z M1603Q<\/strong><\/p>\n<p data-start=\"671\" data-end=\"990\">Ez egy kiv\u00e1l\u00f3 min\u0151s\u00e9g\u0171 csereLCD-k\u00e9perny\u0151, amelyet kifejezetten az Asus Vivobook 16X sorozathoz terveztek, bele\u00e9rtve az F1603Z \u00e9s M1603Q modelleket. A 16 h\u00fcvelykes FHD+ (1920&#215;1200) felbont\u00e1s\u00fa \u00e9s IPS paneltechnol\u00f3gi\u00e1val rendelkez\u0151 k\u00e9sz\u00fcl\u00e9k \u00e9les k\u00e9pet, \u00e9l\u00e9nk sz\u00edneket \u00e9s sz\u00e9les betekint\u00e9si sz\u00f6geket k\u00edn\u00e1l \u2013 munk\u00e1hoz \u00e9s sz\u00f3rakoz\u00e1shoz egyar\u00e1nt t\u00f6k\u00e9letes.<\/p>\n<p data-start=\"992\" data-end=\"1325\">A k\u00e9perny\u0151 matt fel\u00fclettel rendelkezik a t\u00fckr\u00f6z\u0151d\u00e9s cs\u00f6kkent\u00e9se \u00e9rdek\u00e9ben, \u00e9s \u00e9rint\u00e9smentes. Egy 30 t\u0171s (19 mm-es) eDP csatlakoz\u00f3n kereszt\u00fcl csatlakozik, \u00e9s \u00f6ntapad\u00f3 cs\u00edkokkal \u00e9rkezik, \u00edgy a telep\u00edt\u00e9s gyors \u00e9s biztons\u00e1gos. Legyen sz\u00f3 repedt, vill\u00f3dz\u00f3 vagy halott kijelz\u0151 cser\u00e9j\u00e9r\u0151l, ez a vadonat\u00faj k\u00e9perny\u0151 \u00fajszer\u0171 vizu\u00e1lis teljes\u00edtm\u00e9nyt ny\u00fajt laptopj\u00e1nak.<\/p>\n<p data-start=\"1327\" data-end=\"1344\"><strong data-start=\"1327\" data-end=\"1344\">F\u0151bb jellemz\u0151k:<\/strong><\/p>\n<ul data-start=\"1345\" data-end=\"1628\">\n<li data-start=\"1345\" data-end=\"1397\">\n<p data-start=\"1347\" data-end=\"1397\">Kompatibilit\u00e1s: Asus Vivobook 16X F1603Z \/ M1603Q<\/p>\n<\/li>\n<li data-start=\"1398\" data-end=\"1417\">\n<p data-start=\"1400\" data-end=\"1417\">M\u00e9ret: 16 h\u00fcvelyk<\/p>\n<\/li>\n<li data-start=\"1418\" \u200b\u200bdata-end=\"1448\">\n<p data-start=\"1420\" data-end=\"1448\">Felbont\u00e1s: FHD+ 1920&#215;1200<\/p>\n<\/li>\n<li data-start=\"1449\" data-end=\"1468\">\n<p data-start=\"1451\" data-end=\"1468\">Panel t\u00edpusa: IPS<\/p>\n<\/li>\n<li data-start=\"1469\" data-end=\"1500\">\n<p data-start=\"1471\" data-end=\"1500\">Fel\u00fclet: matt \/ t\u00fckr\u00f6z\u0151d\u00e9smentes<\/p>\n<\/li>\n<li data-start=\"1501\" data-end=\"1534\">\n<p data-start=\"1503\" data-end=\"1534\">Csatlakoz\u00f3: 30 t\u0171s (19 mm), eDP<\/p>\n<\/li>\n<li data-start=\"1535\" data-end=\"1555\">\n<p data-start=\"1537\" data-end=\"1555\">\u00c9rint\u00e9s: \u00e9rint\u00e9s n\u00e9lk\u00fcli<\/p>\n<\/li>\n<li data-start=\"1556\" data-end=\"1580\">\n<p data-start=\"1558\" data-end=\"1580\">\u00c1llapot: vadonat\u00faj<\/p>\n<\/li>\n<li data-start=\"1581\" data-end=\"1628\">\n<p data-start=\"1583\" data-end=\"1628\">Telep\u00edt\u00e9s: \u00d6ntapad\u00f3 cs\u00edkok mell\u00e9kelve<\/p>\n<\/li>\n<\/ul>\n<p data-start=\"1630\" data-end=\"1715\">K\u00e9rj\u00fck, v\u00e1s\u00e1rl\u00e1s el\u0151tt ellen\u0151rizze a kompatibilit\u00e1st a pontos modellel \u00e9s csatlakoz\u00f3t\u00edpussal.<\/p>\n","protected":false},"excerpt":{"rendered":"<p>Vadonat\u00faj 16&#8243;-os FHD+ (1920&#215;1200) IPS matt LCD-k\u00e9perny\u0151 Asus Vivobook 16X F1603Z \u00e9s M1603Q k\u00e9sz\u00fcl\u00e9kekhez. \u00c9rint\u00e9smentes, 30 t\u0171s (19mm) csatlakoz\u00f3, \u00f6ntapad\u00f3 cs\u00edkokkal a k\u00f6nny\u0171 telep\u00edt\u00e9s \u00e9rdek\u00e9ben.<\/p>\n","protected":false},"featured_media":12313,"template":"","meta":[],"product_brand":[],"product_cat":[93,71],"product_tag":[],"class_list":{"0":"post-12282","1":"product","2":"type-product","3":"status-publish","4":"has-post-thumbnail","6":"product_cat-93","7":"product_cat-new-laptop-screens-lcd-panels","9":"first","10":"instock","11":"taxable","12":"shipping-taxable","13":"purchasable","14":"product-type-simple"},"_links":{"self":[{"href":"https:\/\/boreait.com\/hu\/wp-json\/wp\/v2\/product\/12282","targetHints":{"allow":["GET"]}}],"collection":[{"href":"https:\/\/boreait.com\/hu\/wp-json\/wp\/v2\/product"}],"about":[{"href":"https:\/\/boreait.com\/hu\/wp-json\/wp\/v2\/types\/product"}],"wp:featuredmedia":[{"embeddable":true,"href":"https:\/\/boreait.com\/hu\/wp-json\/wp\/v2\/media\/12313"}],"wp:attachment":[{"href":"https:\/\/boreait.com\/hu\/wp-json\/wp\/v2\/media?parent=12282"}],"wp:term":[{"taxonomy":"product_brand","embeddable":true,"href":"https:\/\/boreait.com\/hu\/wp-json\/wp\/v2\/product_brand?post=12282"},{"taxonomy":"product_cat","embeddable":true,"href":"https:\/\/boreait.com\/hu\/wp-json\/wp\/v2\/product_cat?post=12282"},{"taxonomy":"product_tag","embeddable":true,"href":"https:\/\/boreait.com\/hu\/wp-json\/wp\/v2\/product_tag?post=12282"}],"curies":[{"name":"wp","href":"https:\/\/api.w.org\/{rel}","templated":true}]}}