{"id":12281,"date":"2025-09-17T13:41:09","date_gmt":"2025-09-17T11:41:09","guid":{"rendered":"https:\/\/boreait.com\/hu\/?post_type=product&#038;p=12281"},"modified":"2025-09-17T13:42:08","modified_gmt":"2025-09-17T11:42:08","slug":"lenovo-ideapad-slim-3-16abr8-lcd-kepernyo-16-fhd-ips-matt-30-tus","status":"publish","type":"product","link":"https:\/\/boreait.com\/hu\/termek\/lenovo-ideapad-slim-3-16abr8-lcd-kepernyo-16-fhd-ips-matt-30-tus\/","title":{"rendered":"Lenovo IdeaPad Slim 3 16ABR8 LCD k\u00e9perny\u0151 16&#8243; FHD+ IPS matt 30 t\u0171s"},"content":{"rendered":"<p data-start=\"515\" data-end=\"812\"><strong>T\u00e9nyleges LCD-k\u00e9perny\u0151s modell: N160JCE-ELL Rev C3 \u2013 TELJESEN KOMPATIBILIS A LAPTOP K\u00c9PERNY\u0150VEL Lenovo IdeaPad Slim 3 16ABR8<\/strong><\/p>\n<p data-start=\"664\" data-end=\"1072\">Friss\u00edtse vagy cser\u00e9lje ki Lenovo IdeaPad Slim 3 16ABR8 kijelz\u0151j\u00e9t erre a kiv\u00e1l\u00f3 min\u0151s\u00e9g\u0171, vadonat\u00faj LCD-k\u00e9perny\u0151re. A t\u00f6k\u00e9letes illeszked\u00e9sre \u00e9s az optim\u00e1lis teljes\u00edtm\u00e9nyre tervezett k\u00e9perny\u0151 <strong data-start=\"844\" data-end=\"857\">16 h\u00fcvelyk<\/strong> m\u00e9ret\u0171, \u00e9s <strong data-start=\"873\" data-end=\"909\">1920&#215;1200-as Full HD+ felbont\u00e1st<\/strong> biztos\u00edt az \u00e9les, r\u00e9szletes k\u00e9p \u00e9rdek\u00e9ben. Az <strong data-start=\"943\" data-end=\"956\">IPS panel<\/strong> \u00e9l\u00e9nk sz\u00edneket \u00e9s sz\u00e9les betekint\u00e9si sz\u00f6geket biztos\u00edt, \u00edgy ide\u00e1lis munk\u00e1hoz, sz\u00f3rakoz\u00e1shoz \u00e9s mindenhez, ami a kett\u0151 k\u00f6z\u00f6tt van.<\/p>\n<p data-start=\"1074\" data-end=\"1335\">A <strong data-start=\"1078\" data-end=\"1105\">matt, t\u00fckr\u00f6z\u0151d\u00e9smentes fel\u00fclet<\/strong> cs\u00f6kkenti a t\u00fckr\u00f6z\u0151d\u00e9st \u00e9s a szem meger\u0151ltet\u00e9s\u00e9t, k\u00e9nyelmes megtekint\u00e9st biztos\u00edtva k\u00fcl\u00f6nf\u00e9le f\u00e9nyviszonyok k\u00f6z\u00f6tt. <strong data-start=\"1213\" data-end=\"1244\">30 t\u0171s eDP-csatlakoz\u00f3t (19 mm)<\/strong> haszn\u00e1l, \u00e9s kifejezetten a Slim 3 16ABR8 sorozat <strong data-start=\"1285\" data-end=\"1306\">\u00e9rint\u00e9smentes v\u00e1ltozat\u00e1val<\/strong> kompatibilis.<\/p>\n<p data-start=\"1337\" data-end=\"1461\">Tartalmazz\u00e1k az <strong data-start=\"1350\" data-end=\"1383\">\u00f6ntapad\u00f3 r\u00f6gz\u00edt\u0151cs\u00edkokat<\/strong>, amelyek gyorsabb\u00e1 \u00e9s biztons\u00e1gosabb\u00e1 teszik a telep\u00edt\u00e9st konzolok n\u00e9lk\u00fcl.<\/p>\n<p data-start=\"1463\" data-end=\"1484\"><strong data-start=\"1463\" data-end=\"1484\">Term\u00e9kjellemz\u0151k:<\/strong><\/p>\n<ul data-start=\"1485\" data-end=\"1752\">\n<li data-start=\"1485\" data-end=\"1506\">\n<p data-start=\"1487\" data-end=\"1506\">\u00daj \u00e1llapot<\/p>\n<\/li>\n<li data-start=\"1507\" data-end=\"1523\">\n<p data-start=\"1509\" data-end=\"1523\">16&#8243; LCD k\u00e9perny\u0151<\/p>\n<\/li>\n<li data-start=\"1524\" data-end=\"1553\">\n<p data-start=\"1526\" data-end=\"1553\">FHD+ 1920&#215;1200 felbont\u00e1s<\/p>\n<\/li>\n<li data-start=\"1554\" data-end=\"1605\">\n<p data-start=\"1556\" data-end=\"1605\">IPS panel a kiv\u00e1l\u00f3 sz\u00ednek \u00e9s l\u00e1t\u00f3sz\u00f6gek \u00e9rdek\u00e9ben<\/p>\n<\/li>\n<li data-start=\"1606\" data-end=\"1642\">\n<p data-start=\"1608\" data-end=\"1642\">Matt fel\u00fclet a t\u00fckr\u00f6z\u0151d\u00e9s cs\u00f6kkent\u00e9se \u00e9rdek\u00e9ben<\/p>\n<\/li>\n<li data-start=\"1643\" data-end=\"1674\">\n<p data-start=\"1645\" data-end=\"1674\">30 t\u0171s (19 mm-es) eDP-csatlakoz\u00f3<\/p>\n<\/li>\n<li data-start=\"1675\" data-end=\"1696\">\n<p data-start=\"1677\" data-end=\"1696\">Nem \u00e9rint\u00e9smentes verzi\u00f3<\/p>\n<\/li>\n<li data-start=\"1697\" data-end=\"1752\">\n<p data-start=\"1699\" data-end=\"1752\">Az egyszer\u0171 telep\u00edt\u00e9s \u00e9rdek\u00e9ben \u00f6ntapad\u00f3 cs\u00edkok mell\u00e9kelve<\/p>\n<\/li>\n<\/ul>\n<p data-start=\"1754\" data-end=\"1930\">Ez a cserek\u00e9perny\u0151 gondosan be van csomagolva \u00e9s sz\u00e1ll\u00edt\u00e1sra k\u00e9sz. T\u00f6k\u00e9letes azoknak a technikusoknak vagy bark\u00e1csfelhaszn\u00e1l\u00f3knak, akik kiv\u00e1l\u00f3 min\u0151s\u00e9g\u0171 kijelz\u0151t keresnek probl\u00e9mamentes telep\u00edt\u00e9ssel.<\/p>\n","protected":false},"excerpt":{"rendered":"<p>Vadonat\u00faj csere LCD k\u00e9perny\u0151 Lenovo IdeaPad Slim 3 16ABR8-hoz. Ez a 16 h\u00fcvelykes Full HD+ (1920&#215;1200) matt kijelz\u0151 IPS technol\u00f3gi\u00e1val rendelkezik a sz\u00e9les betekint\u00e9si sz\u00f6gek \u00e9s az \u00e9l\u00e9nk tisztas\u00e1g \u00e9rdek\u00e9ben. 30 t\u0171s (19 mm-es) eDP interf\u00e9szen kereszt\u00fcl csatlakozik. \u00d6ntapad\u00f3 cs\u00edkok adnak hozz\u00e1 az egyszer\u0171 telep\u00edt\u00e9s \u00e9rdek\u00e9ben. \u00c9rint\u00e9smentes modell.<\/p>\n","protected":false},"featured_media":12313,"template":"","meta":[],"product_brand":[],"product_cat":[93,71],"product_tag":[],"class_list":{"0":"post-12281","1":"product","2":"type-product","3":"status-publish","4":"has-post-thumbnail","6":"product_cat-93","7":"product_cat-new-laptop-screens-lcd-panels","9":"first","10":"instock","11":"taxable","12":"shipping-taxable","13":"purchasable","14":"product-type-simple"},"_links":{"self":[{"href":"https:\/\/boreait.com\/hu\/wp-json\/wp\/v2\/product\/12281","targetHints":{"allow":["GET"]}}],"collection":[{"href":"https:\/\/boreait.com\/hu\/wp-json\/wp\/v2\/product"}],"about":[{"href":"https:\/\/boreait.com\/hu\/wp-json\/wp\/v2\/types\/product"}],"wp:featuredmedia":[{"embeddable":true,"href":"https:\/\/boreait.com\/hu\/wp-json\/wp\/v2\/media\/12313"}],"wp:attachment":[{"href":"https:\/\/boreait.com\/hu\/wp-json\/wp\/v2\/media?parent=12281"}],"wp:term":[{"taxonomy":"product_brand","embeddable":true,"href":"https:\/\/boreait.com\/hu\/wp-json\/wp\/v2\/product_brand?post=12281"},{"taxonomy":"product_cat","embeddable":true,"href":"https:\/\/boreait.com\/hu\/wp-json\/wp\/v2\/product_cat?post=12281"},{"taxonomy":"product_tag","embeddable":true,"href":"https:\/\/boreait.com\/hu\/wp-json\/wp\/v2\/product_tag?post=12281"}],"curies":[{"name":"wp","href":"https:\/\/api.w.org\/{rel}","templated":true}]}}