{"id":12280,"date":"2025-09-17T13:41:08","date_gmt":"2025-09-17T11:41:08","guid":{"rendered":"https:\/\/boreait.com\/hu\/?post_type=product&#038;p=12280"},"modified":"2025-09-17T13:42:08","modified_gmt":"2025-09-17T11:42:08","slug":"lcd-kepernyo-16-fhd-1920x1200-ips-matt-30-tus-erintesmentes-uj","status":"publish","type":"product","link":"https:\/\/boreait.com\/hu\/termek\/lcd-kepernyo-16-fhd-1920x1200-ips-matt-30-tus-erintesmentes-uj\/","title":{"rendered":"LCD k\u00e9perny\u0151 16&#8243; FHD+ 1920&#215;1200 IPS matt 30 t\u0171s \u00e9rint\u00e9smentes \u00daj"},"content":{"rendered":"<p data-start=\"515\" data-end=\"812\">Friss\u00edtse vagy cser\u00e9lje ki laptopja kijelz\u0151j\u00e9t erre a pr\u00e9mium 16 h\u00fcvelykes LCD-k\u00e9perny\u0151re, amely tiszta, \u00e9l\u00e9nk l\u00e1tv\u00e1nyt ny\u00fajt. 1920&#215;1200 pixeles Full HD+ felbont\u00e1s\u00e1nak \u00e9s IPS technol\u00f3gi\u00e1j\u00e1nak k\u00f6sz\u00f6nhet\u0151en sz\u00e9les betekint\u00e9si sz\u00f6geket \u00e9s pontos sz\u00ednvisszaad\u00e1st biztos\u00edt, amely t\u00f6k\u00e9letes a munk\u00e1hoz \u00e9s a sz\u00f3rakoz\u00e1shoz egyar\u00e1nt.<\/p>\n<p data-start=\"814\" data-end=\"1027\">A matt fel\u00fclet cs\u00f6kkenti a t\u00fckr\u00f6z\u0151d\u00e9st, \u00edgy ide\u00e1lis a vil\u00e1gos k\u00f6rnyezetben. Ez a panel 30 t\u0171s (19 mm-es) eDP-csatlakoz\u00f3val rendelkezik, \u00e9s nem \u00e9rinthet\u0151, \u00edgy alkalmas az ilyen konfigur\u00e1ci\u00f3t ig\u00e9nyl\u0151 kompatibilis laptopokhoz.<\/p>\n<p data-start=\"1029\" data-end=\"1169\">A mell\u00e9kelt \u00f6ntapad\u00f3 cs\u00edkok egyszer\u0171s\u00edtik a telep\u00edt\u00e9st, biztos\u00edtva a biztons\u00e1gos \u00e9s prec\u00edz illeszked\u00e9st, tov\u00e1bbi r\u00f6gz\u00edt\u0151eszk\u00f6z\u00f6k n\u00e9lk\u00fcl.<\/p>\n<p data-start=\"1171\" data-end=\"1192\"><strong data-start=\"1171\" data-end=\"1190\">M\u0171szaki adatok:<\/strong><\/p>\n<ul data-start=\"1193\" data-end=\"1446\">\n<li data-start=\"1193\" data-end=\"1218\">\n<p data-start=\"1195\" data-end=\"1218\"><strong data-start=\"1195\" data-end=\"1204\">M\u00e9ret:<\/strong> 16,0 h\u00fcvelyk<\/p>\n<\/li>\n<li data-start=\"1219\" data-end=\"1255\">\n<p data-start=\"1221\" data-end=\"1255\"><strong data-start=\"1221\" data-end=\"1236\">Felbont\u00e1s:<\/strong> 1920&#215;1200 (FHD+)<\/p>\n<\/li>\n<li data-start=\"1256\" data-end=\"1279\">\n<p data-start=\"1258\" data-end=\"1279\"><strong data-start=\"1258\" data-end=\"1273\">Panel t\u00edpusa:<\/strong> IPS<\/p>\n<\/li>\n<li data-start=\"1280\" data-end=\"1314\">\n<p data-start=\"1282\" data-end=\"1314\"><strong data-start=\"1282\" data-end=\"1293\">Befejez\u00e9s:<\/strong> Matt (csillant\u00e1sg\u00e1tl\u00f3)<\/p>\n<\/li>\n<li data-start=\"1315\" data-end=\"1351\">\n<p data-start=\"1317\" data-end=\"1351\"><strong data-start=\"1317\" data-end=\"1331\">Csatlakoz\u00f3:<\/strong> 30 t\u0171s (19 mm) eDP<\/p>\n<\/li>\n<li data-start=\"1352\" data-end=\"1369\">\n<p data-start=\"1354\" data-end=\"1369\"><strong data-start=\"1354\" data-end=\"1364\">\u00c9rintse meg:<\/strong> Nem<\/p>\n<\/li>\n<li data-start=\"1370\" data-end=\"1398\">\n<p data-start=\"1372\" data-end=\"1398\"><strong data-start=\"1372\" data-end=\"1386\">\u00c1llapot:<\/strong> Vadonat\u00faj<\/p>\n<\/li>\n<li data-start=\"1399\" data-end=\"1446\">\n<p data-start=\"1401\" data-end=\"1446\"><strong data-start=\"1401\" data-end=\"1414\">Ragaszt\u00f3:<\/strong> \u00d6ntapad\u00f3 cs\u00edkok mell\u00e9kelve<\/p>\n<\/li>\n<\/ul>\n<p data-start=\"1448\" data-end=\"1554\">Ide\u00e1lis laptop k\u00e9perny\u0151j\u00e9nek cser\u00e9j\u00e9hez ezzel a konfigur\u00e1ci\u00f3val. K\u00e9rj\u00fck, v\u00e1s\u00e1rl\u00e1s el\u0151tt ellen\u0151rizze a kompatibilit\u00e1st.<\/p>\n","protected":false},"excerpt":{"rendered":"<p>Vadonat\u00faj 16&#8243;-os LCD cserek\u00e9perny\u0151 laptophoz \u2013 FHD+ 1920&#215;1200 felbont\u00e1s, IPS panel matt fel\u00fclettel. 30 t\u0171s csatlakoz\u00f3 (19mm), \u00e9rint\u00e9smentes. \u00d6ntapad\u00f3 cs\u00edkokkal a k\u00f6nny\u0171 telep\u00edt\u00e9s \u00e9rdek\u00e9ben.<\/p>\n","protected":false},"featured_media":12313,"template":"","meta":[],"product_brand":[],"product_cat":[93,71],"product_tag":[],"class_list":{"0":"post-12280","1":"product","2":"type-product","3":"status-publish","4":"has-post-thumbnail","6":"product_cat-93","7":"product_cat-new-laptop-screens-lcd-panels","9":"first","10":"instock","11":"taxable","12":"shipping-taxable","13":"purchasable","14":"product-type-simple"},"_links":{"self":[{"href":"https:\/\/boreait.com\/hu\/wp-json\/wp\/v2\/product\/12280","targetHints":{"allow":["GET"]}}],"collection":[{"href":"https:\/\/boreait.com\/hu\/wp-json\/wp\/v2\/product"}],"about":[{"href":"https:\/\/boreait.com\/hu\/wp-json\/wp\/v2\/types\/product"}],"wp:featuredmedia":[{"embeddable":true,"href":"https:\/\/boreait.com\/hu\/wp-json\/wp\/v2\/media\/12313"}],"wp:attachment":[{"href":"https:\/\/boreait.com\/hu\/wp-json\/wp\/v2\/media?parent=12280"}],"wp:term":[{"taxonomy":"product_brand","embeddable":true,"href":"https:\/\/boreait.com\/hu\/wp-json\/wp\/v2\/product_brand?post=12280"},{"taxonomy":"product_cat","embeddable":true,"href":"https:\/\/boreait.com\/hu\/wp-json\/wp\/v2\/product_cat?post=12280"},{"taxonomy":"product_tag","embeddable":true,"href":"https:\/\/boreait.com\/hu\/wp-json\/wp\/v2\/product_tag?post=12280"}],"curies":[{"name":"wp","href":"https:\/\/api.w.org\/{rel}","templated":true}]}}