{"id":12271,"date":"2025-09-17T13:40:42","date_gmt":"2025-09-17T11:40:42","guid":{"rendered":"https:\/\/boreait.com\/hu\/?post_type=product&#038;p=12271"},"modified":"2025-09-17T13:42:06","modified_gmt":"2025-09-17T11:42:06","slug":"m156nvf4-r0-156-huvelykes-fhd-ips-lcd-144-hz-matt-kepernyo-40-tus-konzolok-nelkul","status":"publish","type":"product","link":"https:\/\/boreait.com\/hu\/termek\/m156nvf4-r0-156-huvelykes-fhd-ips-lcd-144-hz-matt-kepernyo-40-tus-konzolok-nelkul\/","title":{"rendered":"M156NVF4 R0 15,6 h\u00fcvelykes FHD IPS LCD 144 Hz matt k\u00e9perny\u0151, 40 t\u0171s, konzolok n\u00e9lk\u00fcl"},"content":{"rendered":"<p data-start=\"575\" data-end=\"853\"><strong>T\u00e9nyleges LCD-k\u00e9perny\u0151s modell: n156hra-ea1 REV C1 \u2013 TELJESEN KOMPATIBILIS AZ M156NVF4 R0 LAPTOP K\u00c9PERNY\u0150J\u00c9VEL<\/strong><\/p>\n<p data-start=\"575\" data-end=\"853\">Friss\u00edtse laptopja kijelz\u0151j\u00e9t ezzel a nagy teljes\u00edtm\u00e9ny\u0171 <strong data-start=\"630\" data-end=\"656\">M156NVF4 R0 LCD-k\u00e9perny\u0151vel<\/strong>, amely egyenletes l\u00e1tv\u00e1nyt \u00e9s \u00e9l\u00e9nk sz\u00edneket biztos\u00edt. <strong data-start=\"720\" data-end=\"753\">15,6 h\u00fcvelykes Full HD (1920&#215;1080)<\/strong> felbont\u00e1s\u00e1val \u00e9s <strong data-start=\"769\" data-end=\"791\">144 Hz-es friss\u00edt\u00e9si gyakoris\u00e1g\u00e1val<\/strong> t\u00f6k\u00e9letes a j\u00e1t\u00e9kosok, kreat\u00edvok \u00e9s szakemberek sz\u00e1m\u00e1ra.<\/p>\n<p data-start=\"855\" data-end=\"1204\">Az <strong data-start=\"859\" data-end=\"887\">IPS (In-Plane Switching)<\/strong> technol\u00f3gia minden sz\u00f6gb\u0151l egyenletes sz\u00ednt \u00e9s f\u00e9nyer\u0151t biztos\u00edt, m\u00edg a <strong data-start=\"965\" data-end=\"981\">k\u00e9nyelmes matt fel\u00fclet cs\u00f6kkenti a f\u00e9nyes, egyenletes \u00fcvegez\u00e9st<\/strong>. A panel <strong data-start=\"1062\" data-end=\"1086\">40 t\u0171s eDP-csatlakoz\u00f3t<\/strong> haszn\u00e1l, \u00e9s t\u00e1mogatja a v\u00e9kony, konzol n\u00e9lk\u00fcli kialak\u00edt\u00e1st \u2013 ide\u00e1lis olyan laptopokhoz, ahol nincs sz\u00fcks\u00e9g konzolokra, vagy amelyeket k\u00fcl\u00f6n kell felszerelni.<\/p>\n<p data-start=\"1206\" data-end=\"1354\">A probl\u00e9mamentes telep\u00edt\u00e9s \u00e9rdek\u00e9ben <strong data-start=\"1236\" data-end=\"1283\">k\u00e9toldalas \u00f6ntapad\u00f3 szalagot tartalmaz<\/strong>, amely megk\u00f6nny\u00edti a biztons\u00e1gos r\u00f6gz\u00edt\u00e9st tov\u00e1bbi szersz\u00e1mok \u00e9s alkatr\u00e9szek n\u00e9lk\u00fcl.<\/p>\n<h4 data-start=\"1356\" data-end=\"1379\">\ud83d\udd27 M\u0171szaki adatok:<\/h4>\n<ul data-start=\"1380\" data-end=\"1732\">\n<li data-start=\"1380\" data-end=\"1406\">\n<p data-start=\"1382\" data-end=\"1406\"><strong data-start=\"1382\" data-end=\"1391\">Modell<\/strong>: M156NVF4 R0<\/p>\n<\/li>\n<li data-start=\"1407\" data-end=\"1432\">\n<p data-start=\"1409\" data-end=\"1432\"><strong data-start=\"1409\" data-end=\"1417\">M\u00e9ret<\/strong>: 15,6 h\u00fcvelyk<\/p>\n<\/li>\n<li data-start=\"1433\" data-end=\"1472\">\n<p data-start=\"1435\" data-end=\"1472\"><strong data-start=\"1435\" data-end=\"1449\">Felbont\u00e1s<\/strong>: Full HD (1920&#215;1080)<\/p>\n<\/li>\n<li data-start=\"1473\" data-end=\"1496\">\n<p data-start=\"1475\" data-end=\"1496\"><strong data-start=\"1475\" data-end=\"1489\">Panel t\u00edpusa<\/strong>: IPS<\/p>\n<\/li>\n<li data-start=\"1497\" data-end=\"1524\">\n<p data-start=\"1499\" data-end=\"1524\"><strong data-start=\"1499\" data-end=\"1515\">Friss\u00edt\u00e9si gyakoris\u00e1g<\/strong>: 144 Hz<\/p>\n<\/li>\n<li data-start=\"1525\" data-end=\"1560\">\n<p data-start=\"1527\" data-end=\"1560\"><strong data-start=\"1527\" data-end=\"1538\">Fel\u00fclet<\/strong>: matt \/ t\u00fckr\u00f6z\u0151d\u00e9smentes<\/p>\n<\/li>\n<li data-start=\"1561\" data-end=\"1590\">\n<p data-start=\"1563\" data-end=\"1590\"><strong data-start=\"1563\" data-end=\"1576\">Csatlakoz\u00f3<\/strong>: 40 t\u0171s eDP<\/p>\n<\/li>\n<li data-start=\"1591\" data-end=\"1646\">\n<p data-start=\"1593\" data-end=\"1646\"><strong data-start=\"1593\" data-end=\"1605\">Z\u00e1r\u00f3jelek<\/strong>: Nem tartalmazza (nincs fels\u0151\/als\u00f3 z\u00e1r\u00f3jel)<\/p>\n<\/li>\n<li data-start=\"1647\" data-end=\"1705\">\n<p data-start=\"1649\" data-end=\"1705\"><strong data-start=\"1649\" data-end=\"1659\">Extr\u00e1k<\/strong>: K\u00e9toldalas \u00f6ntapad\u00f3 szalaggal sz\u00e1ll\u00edtjuk<\/p>\n<\/li>\n<li data-start=\"1706\" data-end=\"1732\">\n<p data-start=\"1708\" data-end=\"1732\"><strong data-start=\"1708\" data-end=\"1721\">\u00c1llapot<\/strong>: vadonat\u00faj<\/p>\n<\/li>\n<\/ul>\n<p data-start=\"1734\" data-end=\"1868\">\u2705 A k\u00e9ppontok integrit\u00e1s\u00e1nak \u00e9s teljes\u00edtm\u00e9ny\u00e9nek min\u0151s\u00e9gi tesztel\u00e9se. Ide\u00e1lis csere a 15,6 h\u00fcvelykes laptopok sz\u00e9les sk\u00e1l\u00e1j\u00e1hoz, amelyek t\u00e1mogatj\u00e1k a 144 Hz-es IPS paneleket.<\/p>\n","protected":false},"excerpt":{"rendered":"<p>Vadonat\u00faj M156NVF4 R0 15,6&#8243; FHD matt IPS LCD k\u00e9perny\u0151 laptopokhoz. 144 Hz-es friss\u00edt\u00e9si gyakoris\u00e1ggal, 40 t\u0171s eDP csatlakoz\u00f3val, valamint k\u00e9toldalas \u00f6ntapad\u00f3 szalaggal az egyszer\u0171 telep\u00edt\u00e9s \u00e9rdek\u00e9ben. Fels\u0151 \u00e9s als\u00f3 tart\u00f3 nem tartoz\u00e9k.<\/p>\n","protected":false},"featured_media":10067,"template":"","meta":[],"product_brand":[],"product_cat":[81,71],"product_tag":[],"class_list":{"0":"post-12271","1":"product","2":"type-product","3":"status-publish","4":"has-post-thumbnail","6":"product_cat-15-6-new-laptop-screens-lcd-panels","7":"product_cat-new-laptop-screens-lcd-panels","9":"first","10":"instock","11":"taxable","12":"shipping-taxable","13":"purchasable","14":"product-type-simple"},"_links":{"self":[{"href":"https:\/\/boreait.com\/hu\/wp-json\/wp\/v2\/product\/12271","targetHints":{"allow":["GET"]}}],"collection":[{"href":"https:\/\/boreait.com\/hu\/wp-json\/wp\/v2\/product"}],"about":[{"href":"https:\/\/boreait.com\/hu\/wp-json\/wp\/v2\/types\/product"}],"wp:featuredmedia":[{"embeddable":true,"href":"https:\/\/boreait.com\/hu\/wp-json\/wp\/v2\/media\/10067"}],"wp:attachment":[{"href":"https:\/\/boreait.com\/hu\/wp-json\/wp\/v2\/media?parent=12271"}],"wp:term":[{"taxonomy":"product_brand","embeddable":true,"href":"https:\/\/boreait.com\/hu\/wp-json\/wp\/v2\/product_brand?post=12271"},{"taxonomy":"product_cat","embeddable":true,"href":"https:\/\/boreait.com\/hu\/wp-json\/wp\/v2\/product_cat?post=12271"},{"taxonomy":"product_tag","embeddable":true,"href":"https:\/\/boreait.com\/hu\/wp-json\/wp\/v2\/product_tag?post=12271"}],"curies":[{"name":"wp","href":"https:\/\/api.w.org\/{rel}","templated":true}]}}