{"id":12270,"date":"2025-09-17T13:40:41","date_gmt":"2025-09-17T11:40:41","guid":{"rendered":"https:\/\/boreait.com\/hu\/?post_type=product&#038;p=12270"},"modified":"2025-09-17T13:42:06","modified_gmt":"2025-09-17T11:42:06","slug":"hp-zbook-15-g5-lcd-kepernyo-l08936-nd1-156-fhd-144hz-matt-ips-uj","status":"publish","type":"product","link":"https:\/\/boreait.com\/hu\/termek\/hp-zbook-15-g5-lcd-kepernyo-l08936-nd1-156-fhd-144hz-matt-ips-uj\/","title":{"rendered":"HP ZBook 15 G5 LCD k\u00e9perny\u0151 L08936-ND1 15,6&#8243; FHD 144Hz matt IPS \u00daj"},"content":{"rendered":"<p><strong>T\u00e9nyleges LCD-k\u00e9perny\u0151s modell: n156hra-ea1 REV C1 \u2013 TELJESEN KOMPATIBILIS AZ L08936-ND1 LAPTOP K\u00c9PERNY\u0150VEL \u2013 HP ZBook 15 G5<\/strong><\/p>\n<p data-start=\"734\" data-end=\"1035\">Vissza\u00e1ll\u00edtsa HP ZBook 15 G5 \u00e9les k\u00e9p\u00e9t ezzel a kiv\u00e1l\u00f3 min\u0151s\u00e9g\u0171 csereLCD-k\u00e9perny\u0151vel (Modell: L08936-ND1). A z\u00f6kken\u0151mentes kompatibilit\u00e1sra tervezett vadonat\u00faj panel kiv\u00e9teles tisztas\u00e1got, sebess\u00e9get \u00e9s sz\u00ednpontoss\u00e1got biztos\u00edt \u2013 ide\u00e1lis professzion\u00e1lis \u00e9s mindennapi haszn\u00e1latra egyar\u00e1nt.<\/p>\n<p data-start=\"1037\" data-end=\"1056\"><strong data-start=\"1037\" data-end=\"1054\">F\u0151bb jellemz\u0151k:<\/strong><\/p>\n<ul data-start=\"1057\" data-end=\"1580\">\n<li data-start=\"1057\" data-end=\"1082\">\n<p data-start=\"1059\" data-end=\"1082\"><strong data-start=\"1059\" data-end=\"1069\">Modell:<\/strong> L08936-ND1<\/p>\n<\/li>\n<li data-start=\"1083\" data-end=\"1120\">\n<p data-start=\"1085\" data-end=\"1120\"><strong data-start=\"1085\" data-end=\"1103\">Kompatibilit\u00e1s:<\/strong> HP ZBook 15 G5<\/p>\n<\/li>\n<li data-start=\"1121\" data-end=\"1146\">\n<p data-start=\"1123\" data-end=\"1146\"><strong data-start=\"1123\" data-end=\"1132\">M\u00e9ret:<\/strong> 15,6 h\u00fcvelyk<\/p>\n<\/li>\n<li data-start=\"1147\" data-end=\"1186\">\n<p data-start=\"1149\" data-end=\"1186\"><strong data-start=\"1149\" data-end=\"1164\">Felbont\u00e1s:<\/strong> Full HD (1920&#215;1080)<\/p>\n<\/li>\n<li data-start=\"1187\" data-end=\"1257\">\n<p data-start=\"1189\" data-end=\"1257\"><strong data-start=\"1189\" data-end=\"1206\">Friss\u00edt\u00e9si gyakoris\u00e1g:<\/strong> 144 Hz \u2013 z\u00f6kken\u0151mentes teljes\u00edtm\u00e9ny nagy mozg\u00e1s\u00fa feladatokhoz<\/p>\n<\/li>\n<li data-start=\"1258\" data-end=\"1327\">\n<p data-start=\"1260\" data-end=\"1327\"><strong data-start=\"1260\" data-end=\"1275\">Panel t\u00edpusa:<\/strong> IPS \u2013 sz\u00e9les betekint\u00e9si sz\u00f6gek \u00e9leth\u0171 sz\u00ednekkel<\/p>\n<\/li>\n<li data-start=\"1328\" data-end=\"1387\">\n<p data-start=\"1330\" data-end=\"1387\"><strong data-start=\"1330\" data-end=\"1342\">Fel\u00fclet:<\/strong> Matt \u2013 t\u00fckr\u00f6z\u0151d\u00e9smentes a k\u00e9nyelmes megtekint\u00e9s\u00e9rt<\/p>\n<\/li>\n<li data-start=\"1388\" data-end=\"1417\">\n<p data-start=\"1390\" data-end=\"1417\"><strong data-start=\"1390\" data-end=\"1404\">Csatlakoz\u00f3:<\/strong> 40 t\u0171s eDP<\/p>\n<\/li>\n<li data-start=\"1418\" \u200b\u200bdata-end=\"1474\">\n<p data-start=\"1420\" data-end=\"1474\"><strong data-start=\"1420\" data-end=\"1433\">Z\u00e1r\u00f3jelek:<\/strong> <em data-start=\"1434\" data-end=\"1472\">A fels\u0151 \u00e9s als\u00f3 z\u00e1r\u00f3jeleket nem tartalmazza<\/em><\/p>\n<\/li>\n<li data-start=\"1475\" data-end=\"1551\">\n<p data-start=\"1477\" data-end=\"1551\"><strong data-start=\"1477\" data-end=\"1494\">Telep\u00edt\u00e9s:<\/strong> Tartalmazza a k\u00e9toldalas ragaszt\u00f3szalagot a biztons\u00e1gos r\u00f6gz\u00edt\u00e9shez<\/p>\n<\/li>\n<li data-start=\"1552\" data-end=\"1580\">\n<p data-start=\"1554\" data-end=\"1580\"><strong data-start=\"1554\" data-end=\"1568\">\u00c1llapot:<\/strong> Vadonat\u00faj<\/p>\n<\/li>\n<\/ul>\n<p data-start=\"1582\" data-end=\"1844\"><strong data-start=\"1582\" data-end=\"1609\">Mi\u00e9rt v\u00e1lassza ezt a k\u00e9perny\u0151t?<\/strong><br data-start=\"1609\" data-end=\"1612\" \/>Ez a k\u00e9perny\u0151 k\u00f6zvetlen\u00fcl helyettes\u00edti az eredeti kijelz\u0151t, \u00e9s megfelel az OEM min\u0151s\u00e9gi szabv\u00e1nyainak. Ak\u00e1r megs\u00e9r\u00fclt k\u00e9perny\u0151t jav\u00edt, ak\u00e1r nagy friss\u00edt\u00e9s\u0171 matt kijelz\u0151re cser\u00e9l, ez a panel hib\u00e1tlan megtekint\u00e9si \u00e9lm\u00e9nyt biztos\u00edt.<\/p>\n","protected":false},"excerpt":{"rendered":"<p>Vadonat\u00faj csereLCD-k\u00e9perny\u0151 a HP ZBook 15 G5 (L08936-ND1) k\u00e9sz\u00fcl\u00e9khez. 15,6&#8243;-os Full HD matt kijelz\u0151vel, 144 Hz-es friss\u00edt\u00e9si gyakoris\u00e1ggal, 40 t\u0171s eDP-csatlakoz\u00f3val \u00e9s \u00e9l\u00e9nk IPS-panellel rendelkezik. A fels\u0151 \u00e9s als\u00f3 tart\u00f3 nem tartoz\u00e9k. A k\u00e9toldalas ragaszt\u00f3szalag a k\u00f6nny\u0171 felszerel\u00e9s \u00e9rdek\u00e9ben.<\/p>\n","protected":false},"featured_media":10067,"template":"","meta":[],"product_brand":[],"product_cat":[81,71],"product_tag":[],"class_list":{"0":"post-12270","1":"product","2":"type-product","3":"status-publish","4":"has-post-thumbnail","6":"product_cat-15-6-new-laptop-screens-lcd-panels","7":"product_cat-new-laptop-screens-lcd-panels","9":"first","10":"instock","11":"taxable","12":"shipping-taxable","13":"purchasable","14":"product-type-simple"},"_links":{"self":[{"href":"https:\/\/boreait.com\/hu\/wp-json\/wp\/v2\/product\/12270","targetHints":{"allow":["GET"]}}],"collection":[{"href":"https:\/\/boreait.com\/hu\/wp-json\/wp\/v2\/product"}],"about":[{"href":"https:\/\/boreait.com\/hu\/wp-json\/wp\/v2\/types\/product"}],"wp:featuredmedia":[{"embeddable":true,"href":"https:\/\/boreait.com\/hu\/wp-json\/wp\/v2\/media\/10067"}],"wp:attachment":[{"href":"https:\/\/boreait.com\/hu\/wp-json\/wp\/v2\/media?parent=12270"}],"wp:term":[{"taxonomy":"product_brand","embeddable":true,"href":"https:\/\/boreait.com\/hu\/wp-json\/wp\/v2\/product_brand?post=12270"},{"taxonomy":"product_cat","embeddable":true,"href":"https:\/\/boreait.com\/hu\/wp-json\/wp\/v2\/product_cat?post=12270"},{"taxonomy":"product_tag","embeddable":true,"href":"https:\/\/boreait.com\/hu\/wp-json\/wp\/v2\/product_tag?post=12270"}],"curies":[{"name":"wp","href":"https:\/\/api.w.org\/{rel}","templated":true}]}}