{"id":12268,"date":"2025-09-17T13:40:41","date_gmt":"2025-09-17T11:40:41","guid":{"rendered":"https:\/\/boreait.com\/hu\/?post_type=product&#038;p=12268"},"modified":"2025-10-15T14:12:44","modified_gmt":"2025-10-15T12:12:44","slug":"lenovo-ideapad-gaming-3-15imh05-lcd-156-fhd-ips-matt-30-tus-kepernyo-uj","status":"publish","type":"product","link":"https:\/\/boreait.com\/hu\/termek\/lenovo-ideapad-gaming-3-15imh05-lcd-156-fhd-ips-matt-30-tus-kepernyo-uj\/","title":{"rendered":"Lenovo IdeaPad Gaming 3 15IMH05 LCD 15,6&#8243; FHD IPS matt 30 t\u0171s k\u00e9perny\u0151 \u00daJ"},"content":{"rendered":"<p data-start=\"812\" data-end=\"1119\"><strong>T\u00e9nyleges LCD-k\u00e9perny\u0151s modell: B156HAN02.1 \u2013 teljes m\u00e9rt\u00e9kben kompatibilis a Lenovo IdeaPad Gaming 3 15IMH05, 81Y4013QSC<\/strong><\/p>\n<p data-start=\"812\" data-end=\"1119\">Cser\u00e9lje ki s\u00e9r\u00fclt vagy hib\u00e1s laptopja k\u00e9perny\u0151j\u00e9t erre a <strong data-start=\"867\" data-end=\"910\">kiv\u00e1l\u00f3 min\u0151s\u00e9g\u0171, vadonat\u00faj 15,6&#8243;-es LCD-panellel<\/strong>, amelyet kifejezetten a <strong data-start=\"941\" data-end=\"996Pa5IMLening=\"996Pa5IMLening=\"996Pa11H\" (Modell: 81Y4013QSC)<\/strong> Ak\u00e1r j\u00e1t\u00e9kos, ak\u00e1r tartalomk\u00e9sz\u00edt\u0151, ak\u00e1r h\u00e9tk\u00f6znapi felhaszn\u00e1l\u00f3, ez a kijelz\u0151 leny\u0171g\u00f6z\u0151 tisztas\u00e1got \u00e9s mag\u00e1val ragad\u00f3 l\u00e1tv\u00e1nyt ny\u00fajt:<\/p>\n<ul data-start=\"1121\" data-end=\"1511\">\n<li data-start=\"1121\" data-end=\"1198\">\n<p data-start=\"1123\" data-end=\"1198\"><strong data-start=\"1123\" data-end=\"1157\">Full HD felbont\u00e1s (1920&#215;1080)<\/strong> \u2013 \u00c9lvezze az \u00e9les r\u00e9szleteket \u00e9s az \u00e9les k\u00e9peket.<\/p>\n<\/li>\n<li data-start=\"1199\" data-end=\"1276\">\n<p data-start=\"1201\" data-end=\"1276\"><strong data-start=\"1201\" data-end=\"1219\">IPS technol\u00f3gia<\/strong> \u2013 Sz\u00e9les betekint\u00e9si sz\u00f6gek \u00e9s pontos sz\u00ednvisszaad\u00e1s.<\/p>\n<\/li>\n<li data-start=\"1277\" data-end=\"1373\">\n<p data-start=\"1279\" data-end=\"1373\"><strong data-start=\"1279\" data-end=\"1306\">Matt t\u00fckr\u00f6z\u0151d\u00e9smentes fel\u00fclet<\/strong> \u2013 Cs\u00f6kkenti a t\u00fckr\u00f6z\u0151d\u00e9st a k\u00e9nyelmesebb megtekint\u00e9s \u00e9rdek\u00e9ben.<\/p>\n<\/li>\n<li data-start=\"1374\" data-end=\"1447\">\n<p data-start=\"1376\" data-end=\"1447\"><strong data-start=\"1376\" data-end=\"1400\">30 t\u0171s eDP-csatlakoz\u00f3<\/strong> \u2013 Teljesen kompatibilis az eredeti be\u00e1ll\u00edt\u00e1ssal.<\/p>\n<\/li>\n<li data-start=\"1448\" data-end=\"1511\">\n<p data-start=\"1450\" data-end=\"1511\"><strong data-start=\"1450\" data-end=\"1473\">\u00c1llapot: 100%-ban \u00faj<\/strong> \u2013 Soha nem haszn\u00e1lt, telep\u00edt\u00e9sre k\u00e9sz.<\/p>\n<\/li>\n<\/ul>\n<p data-start=\"1513\" data-end=\"1715\"><strong data-start=\"1513\" data-end=\"1606\">Megrendel\u00e9s el\u0151tt ellen\u0151rizze a megl\u00e9v\u0151 k\u00e9perny\u0151 m\u00e9ret\u00e9t, felbont\u00e1s\u00e1t \u00e9s csatlakoz\u00f3t\u00edpus\u00e1t.<\/strong> Ez a term\u00e9k <strong data-start=\"1625\" data-end=\"1649\">nem tartalmaz kieg\u00e9sz\u00edt\u0151 hardvert. Szakszer\u0171 telep\u00edt\u00e9s javasolt.<\/p>\n<p data-start=\"1717\" data-end=\"1827\">Ide\u00e1lis azoknak a felhaszn\u00e1l\u00f3knak, akik laptopjukat \u00fajszer\u0171 \u00e1llapotba k\u00edv\u00e1nj\u00e1k \u00e1ll\u00edtani an\u00e9lk\u00fcl, hogy a kijelz\u0151 min\u0151s\u00e9g\u00e9t vesz\u00e9lyeztetn\u00e9k.<\/p>\n","protected":false},"excerpt":{"rendered":"<p data-start=\"321\" data-end=\"501\">A vadonat\u00faj 15,6&#8243; Full HD matt LCD-k\u00e9perny\u0151 helyettes\u00edti a Lenovo IdeaPad Gaming 3 15IMH05-\u00f6t (81Y4013QSC modell). \u00c9l\u00e9nk IPS-panellel, 30 t\u0171s eDP-csatlakoz\u00f3val \u00e9s csillog\u00e1sg\u00e1tl\u00f3 krist\u00e1lyfel\u00fclettel, valamint kiv\u00e1l\u00f3 min\u0151s\u00e9g\u0171 j\u00e1t\u00e9kfelhaszn\u00e1l\u00f3k sz\u00e1m\u00e1ra.<\/p>\n","protected":false},"featured_media":11378,"template":"","meta":[],"product_brand":[],"product_cat":[81,71],"product_tag":[],"class_list":{"0":"post-12268","1":"product","2":"type-product","3":"status-publish","4":"has-post-thumbnail","6":"product_cat-15-6-new-laptop-screens-lcd-panels","7":"product_cat-new-laptop-screens-lcd-panels","9":"first","10":"instock","11":"taxable","12":"shipping-taxable","13":"purchasable","14":"product-type-simple"},"_links":{"self":[{"href":"https:\/\/boreait.com\/hu\/wp-json\/wp\/v2\/product\/12268","targetHints":{"allow":["GET"]}}],"collection":[{"href":"https:\/\/boreait.com\/hu\/wp-json\/wp\/v2\/product"}],"about":[{"href":"https:\/\/boreait.com\/hu\/wp-json\/wp\/v2\/types\/product"}],"wp:featuredmedia":[{"embeddable":true,"href":"https:\/\/boreait.com\/hu\/wp-json\/wp\/v2\/media\/11378"}],"wp:attachment":[{"href":"https:\/\/boreait.com\/hu\/wp-json\/wp\/v2\/media?parent=12268"}],"wp:term":[{"taxonomy":"product_brand","embeddable":true,"href":"https:\/\/boreait.com\/hu\/wp-json\/wp\/v2\/product_brand?post=12268"},{"taxonomy":"product_cat","embeddable":true,"href":"https:\/\/boreait.com\/hu\/wp-json\/wp\/v2\/product_cat?post=12268"},{"taxonomy":"product_tag","embeddable":true,"href":"https:\/\/boreait.com\/hu\/wp-json\/wp\/v2\/product_tag?post=12268"}],"curies":[{"name":"wp","href":"https:\/\/api.w.org\/{rel}","templated":true}]}}