{"id":12267,"date":"2025-09-17T13:40:41","date_gmt":"2025-09-17T11:40:41","guid":{"rendered":"https:\/\/boreait.com\/hu\/?post_type=product&#038;p=12267"},"modified":"2025-10-15T14:12:44","modified_gmt":"2025-10-15T12:12:44","slug":"hp-15s-ea1034nm-lcd-kepernyo-156-fhd-ips-matt-30-tus-edp-uj","status":"publish","type":"product","link":"https:\/\/boreait.com\/hu\/termek\/hp-15s-ea1034nm-lcd-kepernyo-156-fhd-ips-matt-30-tus-edp-uj\/","title":{"rendered":"HP 15s-ea1034nm LCD k\u00e9perny\u0151 15,6&#8243; FHD IPS matt 30 t\u0171s EDP \u00daj"},"content":{"rendered":"<p data-start=\"692\" data-end=\"1004\"><strong>T\u00e9nyleges LCD-k\u00e9perny\u0151s modell: B156HAN02.1 \u2013 teljes m\u00e9rt\u00e9kben kompatibilis a hp 15s-ea1034nm<\/strong><\/p>\n<p data-start=\"692\" data-end=\"1004\">Friss\u00edtse vagy cser\u00e9lje ki s\u00e9r\u00fclt laptop kijelz\u0151j\u00e9t erre az <strong data-start=\"749\" data-end=\"811\">\u00faj csereLCD-k\u00e9perny\u0151re, amely kompatibilis a HP 15s-ea1034nm<\/strong>vel. Ez a 15,6 h\u00fcvelykes Full HD IPS-panel \u00e9l\u00e9nk \u00e9s mag\u00e1val ragad\u00f3 \u00e9lm\u00e9nyt ny\u00fajt \u2013 t\u00f6k\u00e9letes a munk\u00e1hoz, tanul\u00e1shoz vagy sz\u00f3rakoz\u00e1shoz.<\/p>\n<p data-start=\"1006\" data-end=\"1023\"><strong data-start=\"1006\" data-end=\"1023\">F\u0151bb jellemz\u0151k:<\/strong><\/p>\n<ul data-start=\"1024\" data-end=\"1333\">\n<li data-start=\"1024\" data-end=\"1067\">\n<p data-start=\"1026\" data-end=\"1067\"><strong data-start=\"1026\" data-end=\"1044\">Kompatibilit\u00e1s:<\/strong> HP 15s-ea1034nm sorozat<\/p>\n<\/li>\n<li data-start=\"1068\" data-end=\"1091\">\n<p data-start=\"1070\" data-end=\"1091\"><strong data-start=\"1070\" data-end=\"1079\">M\u00e9ret:<\/strong> 15,6 h\u00fcvelyk<\/p>\n<\/li>\n<li data-start=\"1092\" data-end=\"1131\">\n<p data-start=\"1094\" data-end=\"1131\"><strong data-start=\"1094\" data-end=\"1109\">Felbont\u00e1s:<\/strong> Full HD (1920 x 1080)<\/p>\n<\/li>\n<li data-start=\"1132\" data-end=\"1198\">\n<p data-start=\"1134\" data-end=\"1198\"><strong data-start=\"1134\" data-end=\"1149\">Panel t\u00edpusa:<\/strong> IPS (s\u00edkon bel\u00fcli v\u00e1lt\u00e1s) a sz\u00e9les l\u00e1t\u00f3sz\u00f6gekhez<\/p>\n<\/li>\n<li data-start=\"1199\" data-end=\"1237\">\n<p data-start=\"1201\" data-end=\"1237\"><strong data-start=\"1201\" data-end=\"1212\">Befejez\u00e9s:<\/strong> Matt t\u00fckr\u00f6z\u0151d\u00e9sg\u00e1tl\u00f3 bevonat<\/p>\n<\/li>\n<li data-start=\"1238\" data-end=\"1280\">\n<p data-start=\"1240\" data-end=\"1280\"><strong data-start=\"1240\" data-end=\"1254\">Csatlakoz\u00f3:<\/strong> 30 t\u0171s EDP (jobbra lent)<\/p>\n<\/li>\n<li data-start=\"1281\" data-end=\"1312\">\n<p data-start=\"1283\" data-end=\"1312\"><strong data-start=\"1283\" data-end=\"1297\">\u00c1llapot:<\/strong> 100%-ban vadonat\u00faj<\/p>\n<\/li>\n<li data-start=\"1313\" data-end=\"1333\">\n<p data-start=\"1315\" data-end=\"1333\"><strong data-start=\"1315\" data-end=\"1329\">H\u00e1tt\u00e9rvil\u00e1g\u00edt\u00e1s:<\/strong> LED<\/p>\n<\/li>\n<\/ul>\n<p data-start=\"1335\" data-end=\"1619\"><strong data-start=\"1335\" data-end=\"1362\">Mi\u00e9rt v\u00e1lassza ezt a k\u00e9perny\u0151t?<\/strong><\/p>\n<p>Ez a k\u00e9perny\u0151 a pontos OEM-szabv\u00e1nyoknak megfelel\u0151en k\u00e9sz\u00fclt a probl\u00e9mamentes telep\u00edt\u00e9s \u00e9s a t\u00f6k\u00e9letes kompatibilit\u00e1s \u00e9rdek\u00e9ben. Legyen sz\u00f3 technikusr\u00f3l vagy bark\u00e1csol\u00e1sra v\u00e1gy\u00f3r\u00f3l, ez egy megb\u00edzhat\u00f3 \u00e9s k\u00f6lts\u00e9ghat\u00e9kony megold\u00e1s laptopja eredeti megjelen\u00edt\u00e9si teljes\u00edtm\u00e9ny\u00e9nek vissza\u00e1ll\u00edt\u00e1s\u00e1ra.<\/p>\n<p data-start=\"1621\" data-end=\"1731\"><strong data-start=\"1621\" data-end=\"1637\">K\u00e9rj\u00fck, vegye figyelembe:<\/strong> nem tartalmaz z\u00e1r\u00f3jeleket. V\u00e1s\u00e1rl\u00e1s el\u0151tt ellen\u0151rizze az aktu\u00e1lis k\u00e9perny\u0151 specifik\u00e1ci\u00f3it \u00e9s a csatlakoz\u00f3 helyzet\u00e9t.<\/p>\n","protected":false},"excerpt":{"rendered":"<p data-start=\"321\" data-end=\"501\">Cser\u00e9lje ki t\u00f6r\u00f6tt vagy elhom\u00e1lyosult k\u00e9perny\u0151j\u00e9t erre a <strong data-start=\"488\" data-end=\"525\">vadonat\u00faj, 15,6&#8243;-os FHD IPS matt LCD-re<\/strong> a HP 15s-ea1034nm k\u00e9sz\u00fcl\u00e9khez. <strong data-start=\"0 kiv\u00e1l\u00f3 min\u0151s\u00e9g\u0171 kijelz\u0151 tisztas\u00e1ga \u00e9s sz\u00e9les betekint\u00e9si sz\u00f6gek.<\/p>\n","protected":false},"featured_media":11378,"template":"","meta":[],"product_brand":[],"product_cat":[81,71],"product_tag":[],"class_list":{"0":"post-12267","1":"product","2":"type-product","3":"status-publish","4":"has-post-thumbnail","6":"product_cat-15-6-new-laptop-screens-lcd-panels","7":"product_cat-new-laptop-screens-lcd-panels","9":"first","10":"instock","11":"taxable","12":"shipping-taxable","13":"purchasable","14":"product-type-simple"},"_links":{"self":[{"href":"https:\/\/boreait.com\/hu\/wp-json\/wp\/v2\/product\/12267","targetHints":{"allow":["GET"]}}],"collection":[{"href":"https:\/\/boreait.com\/hu\/wp-json\/wp\/v2\/product"}],"about":[{"href":"https:\/\/boreait.com\/hu\/wp-json\/wp\/v2\/types\/product"}],"wp:featuredmedia":[{"embeddable":true,"href":"https:\/\/boreait.com\/hu\/wp-json\/wp\/v2\/media\/11378"}],"wp:attachment":[{"href":"https:\/\/boreait.com\/hu\/wp-json\/wp\/v2\/media?parent=12267"}],"wp:term":[{"taxonomy":"product_brand","embeddable":true,"href":"https:\/\/boreait.com\/hu\/wp-json\/wp\/v2\/product_brand?post=12267"},{"taxonomy":"product_cat","embeddable":true,"href":"https:\/\/boreait.com\/hu\/wp-json\/wp\/v2\/product_cat?post=12267"},{"taxonomy":"product_tag","embeddable":true,"href":"https:\/\/boreait.com\/hu\/wp-json\/wp\/v2\/product_tag?post=12267"}],"curies":[{"name":"wp","href":"https:\/\/api.w.org\/{rel}","templated":true}]}}