{"id":12266,"date":"2025-09-17T13:40:41","date_gmt":"2025-09-17T11:40:41","guid":{"rendered":"https:\/\/boreait.com\/hu\/?post_type=product&#038;p=12266"},"modified":"2025-10-15T14:12:44","modified_gmt":"2025-10-15T12:12:44","slug":"156-full-hd-ips-matt-lcd-kepernyo-csere-a-hp-250-g8-hoz-30-tus-edp","status":"publish","type":"product","link":"https:\/\/boreait.com\/hu\/termek\/156-full-hd-ips-matt-lcd-kepernyo-csere-a-hp-250-g8-hoz-30-tus-edp\/","title":{"rendered":"15,6&#8243; Full HD IPS matt LCD-k\u00e9perny\u0151, csere a HP 250 G8-hoz (30 t\u0171s EDP)"},"content":{"rendered":"<p data-start=\"671\" data-end=\"964\"><strong>T\u00e9nyleges LCD-k\u00e9perny\u0151s modell: B156HAN02.1 \u2013 teljes m\u00e9rt\u00e9kben kompatibilis a HP 250 G8-cal<\/strong><\/p>\n<p data-start=\"671\" data-end=\"964\">Kezdje \u00fajra \u00e9letre HP 250 G8 laptopj\u00e1t ezzel a kiv\u00e1l\u00f3 min\u0151s\u00e9g\u0171 <strong data-start=\"735\" data-end=\"783\">15,6 h\u00fcvelykes Full HD IPS csereLCD-k\u00e9perny\u0151vel<\/strong>. Ez a kifejezetten az \u00d6n eszk\u00f6z\u00e9hez tervezett k\u00e9perny\u0151 <strong data-start=\"845\" data-end=\"869\">1920&#215;1080 felbont\u00e1st<\/strong> k\u00edn\u00e1l \u00e9l\u00e9nk sz\u00ednekkel \u00e9s sz\u00e9les betekint\u00e9si sz\u00f6gekkel az <strong data-start=\"924\" data-end=\"952\">s\u00edkon bel\u00fcli v\u00e1lt\u00e1s (IPS)<\/strong> technol\u00f3gi\u00e1nak k\u00f6sz\u00f6nhet\u0151en.<\/p>\n<p data-start=\"966\" data-end=\"1221\">A <strong data-start=\"970\" data-end=\"997\">matt t\u00fckr\u00f6z\u0151d\u00e9smentes fel\u00fclet<\/strong> cs\u00f6kkenti a t\u00fckr\u00f6z\u0151d\u00e9st, \u00edgy ide\u00e1lis a vil\u00e1gos k\u00f6rnyezetben vagy durva megvil\u00e1g\u00edt\u00e1s mellett v\u00e9gzett munk\u00e1hoz. A szabv\u00e1nyos <strong data-start=\"1111\" data-end=\"1135\">30 t\u0171s EDP-csatlakoz\u00f3val<\/strong> ez a k\u00e9perny\u0151 <strong data-start=\"1154\" data-end=\"1169\">t\u00f6k\u00e9letesen illeszkedik<\/strong>, \u00e9s z\u00f6kken\u0151mentes teljes\u00edtm\u00e9nyt \u00e9s \u00e9les l\u00e1tv\u00e1nyt biztos\u00edt.<\/p>\n<p data-start=\"1223\" data-end=\"1460\">Ak\u00e1r az eredeti k\u00e9perny\u0151 megrepedt, ak\u00e1r villog, ak\u00e1r m\u00e1r nem \u00fagy m\u0171k\u00f6dik, ahogy kellene, ez a <strong data-start=\"1324\" data-end=\"1343\">vadonat\u00faj panel<\/strong> megb\u00edzhat\u00f3 \u00e9s k\u00f6lts\u00e9ghat\u00e9kony megold\u00e1st k\u00edn\u00e1l. A telep\u00edt\u00e9s egyszer\u0171 technikusok vagy tapasztalt felhaszn\u00e1l\u00f3k sz\u00e1m\u00e1ra.<\/p>\n<p data-start=\"1462\" data-end=\"1481\"><strong data-start=\"1462\" data-end=\"1481\">M\u0171szaki adatok:<\/strong><\/p>\n<ul data-start=\"1482\" data-end=\"1701\">\n<li data-start=\"1482\" data-end=\"1508\">\n<p data-start=\"1484\" data-end=\"1508\"><strong data-start=\"1484\" data-end=\"1498\">\u00c1llapot:<\/strong> Vadonat\u00faj<\/p>\n<\/li>\n<li data-start=\"1509\" data-end=\"1539\">\n<p data-start=\"1511\" data-end=\"1539\"><strong data-start=\"1511\" data-end=\"1527\">K\u00e9perny\u0151m\u00e9ret:<\/strong> 15,6 h\u00fcvelyk<\/p>\n<\/li>\n<li data-start=\"1540\" data-end=\"1577\">\n<p data-start=\"1542\" data-end=\"1577\"><strong data-start=\"1542\" data-end=\"1557\">Felbont\u00e1s:<\/strong> Full HD (1920&#215;1080)<\/p>\n<\/li>\n<li data-start=\"1578\" data-end=\"1601\">\n<p data-start=\"1580\" data-end=\"1601\"><strong data-start=\"1580\" data-end=\"1597\">Megjelen\u00edt\u00e9s t\u00edpusa:<\/strong> IPS<\/p>\n<\/li>\n<li data-start=\"1602\" data-end=\"1635\">\n<p data-start=\"1604\" data-end=\"1635\"><strong data-start=\"1604\" data-end=\"1616\">Fel\u00fclet:<\/strong> matt (csillant\u00e1sg\u00e1tl\u00f3)<\/p>\n<\/li>\n<li data-start=\"1636\" data-end=\"1663\">\n<p data-start=\"1638\" data-end=\"1663\"><strong data-start=\"1638\" data-end=\"1652\">Csatlakoz\u00f3:<\/strong> 30 t\u0171s EDP<\/p>\n<\/li>\n<li data-start=\"1664\" data-end=\"1701\">\n<p data-start=\"1666\" data-end=\"1701\"><strong data-start=\"1666\" data-end=\"1684\">Kompatibilit\u00e1s:<\/strong> HP 250 G8 sorozat<\/p>\n<\/li>\n<\/ul>\n<p data-start=\"1703\" data-end=\"1774\">\u2705 Min\u0151s\u00e9gi tesztelve<br data-start=\"1723\" data-end=\"1726\" \/>\u2705 Biztons\u00e1gos csomagol\u00e1s sz\u00e1ll\u00edt\u00e1shoz<br data-start=\"1754\" data-end=\"1757\" \/>\u2705 Sz\u00e1ll\u00edt\u00e1sra k\u00e9sz<\/p>\n<p data-start=\"1776\" data-end=\"1830\">Magabiztosan \u00e1ll\u00edtsa vissza laptopja megjelen\u00edt\u00e9si min\u0151s\u00e9g\u00e9t.<\/p>\n","protected":false},"excerpt":{"rendered":"<p data-start=\"321\" data-end=\"501\">Cser\u00e9lje le t\u00f6r\u00f6tt vagy hom\u00e1lyos HP 250 G8 kijelz\u0151j\u00e9t erre a vadonat\u00faj 15,6&#8243; Full HD IPS LCD-k\u00e9perny\u0151re. \u00c9les matt fel\u00fclettel, \u00e9l\u00e9nk sz\u00ednekkel \u00e9s 30 t\u0171s EDP-csatlakoz\u00f3val. Kompatibilis \u00e9s k\u00e9szen \u00e1ll a gyors telep\u00edt\u00e9sre.<\/p>\n","protected":false},"featured_media":11378,"template":"","meta":[],"product_brand":[],"product_cat":[81,71],"product_tag":[],"class_list":{"0":"post-12266","1":"product","2":"type-product","3":"status-publish","4":"has-post-thumbnail","6":"product_cat-15-6-new-laptop-screens-lcd-panels","7":"product_cat-new-laptop-screens-lcd-panels","9":"first","10":"instock","11":"taxable","12":"shipping-taxable","13":"purchasable","14":"product-type-simple"},"_links":{"self":[{"href":"https:\/\/boreait.com\/hu\/wp-json\/wp\/v2\/product\/12266","targetHints":{"allow":["GET"]}}],"collection":[{"href":"https:\/\/boreait.com\/hu\/wp-json\/wp\/v2\/product"}],"about":[{"href":"https:\/\/boreait.com\/hu\/wp-json\/wp\/v2\/types\/product"}],"wp:featuredmedia":[{"embeddable":true,"href":"https:\/\/boreait.com\/hu\/wp-json\/wp\/v2\/media\/11378"}],"wp:attachment":[{"href":"https:\/\/boreait.com\/hu\/wp-json\/wp\/v2\/media?parent=12266"}],"wp:term":[{"taxonomy":"product_brand","embeddable":true,"href":"https:\/\/boreait.com\/hu\/wp-json\/wp\/v2\/product_brand?post=12266"},{"taxonomy":"product_cat","embeddable":true,"href":"https:\/\/boreait.com\/hu\/wp-json\/wp\/v2\/product_cat?post=12266"},{"taxonomy":"product_tag","embeddable":true,"href":"https:\/\/boreait.com\/hu\/wp-json\/wp\/v2\/product_tag?post=12266"}],"curies":[{"name":"wp","href":"https:\/\/api.w.org\/{rel}","templated":true}]}}