{"id":12265,"date":"2025-09-17T13:40:41","date_gmt":"2025-09-17T11:40:41","guid":{"rendered":"https:\/\/boreait.com\/hu\/?post_type=product&#038;p=12265"},"modified":"2025-10-15T14:12:44","modified_gmt":"2025-10-15T12:12:44","slug":"lcd-kepernyo-lenovo-thinkpad-t15-gen-1-hez-156-fhd-ips-matt-uj","status":"publish","type":"product","link":"https:\/\/boreait.com\/hu\/termek\/lcd-kepernyo-lenovo-thinkpad-t15-gen-1-hez-156-fhd-ips-matt-uj\/","title":{"rendered":"LCD-k\u00e9perny\u0151 Lenovo ThinkPad T15 Gen 1-hez \u2013 15,6&#8243; FHD IPS matt (\u00faj)"},"content":{"rendered":"<p><strong><span data-sheets-root=\"1\">T\u00e9nyleges LCD-k\u00e9perny\u0151s modell: B156HAN02.1 \u2013 teljes m\u00e9rt\u00e9kben kompatibilis a Lenovo Thinkpad T15 Gen1-el<\/span><\/strong><\/p>\n<p data-start=\"551\" data-end=\"938\"> \u00c1ll\u00edtsa vissza Lenovo ThinkPad T15 Gen 1 teljes megjelen\u00edt\u00e9si min\u0151s\u00e9g\u00e9t ezzel a kiv\u00e1l\u00f3 min\u0151s\u00e9g\u0171 csereLCD-k\u00e9perny\u0151vel. A z\u00f6kken\u0151mentes illeszked\u00e9sre \u00e9s a kiv\u00e1l\u00f3 teljes\u00edtm\u00e9nyre tervezett 15,6 h\u00fcvelykes k\u00e9perny\u0151 Full HD felbont\u00e1ssal (1920&#215;1080) \u00e9s IPS technol\u00f3gi\u00e1val rendelkezik az \u00e9les k\u00e9pek \u00e9s a sz\u00e9les betekint\u00e9si sz\u00f6gek \u00e9rdek\u00e9ben. A matt fel\u00fclet cs\u00f6kkenti a t\u00fckr\u00f6z\u0151d\u00e9st, \u00edgy ide\u00e1lis hosszabb ideig tart\u00f3 haszn\u00e1latra b\u00e1rmilyen f\u00e9nyviszonyok k\u00f6z\u00f6tt.<\/p>\n<p data-start=\"940\" data-end=\"961\"><strong data-start=\"940\" data-end=\"959\">M\u0171szaki adatok:<\/strong><\/p>\n<ul data-start=\"962\" data-end=\"1195\">\n<li data-start=\"962\" data-end=\"1010\">\n<p data-start=\"964\" data-end=\"1010\"><strong data-start=\"964\" data-end=\"982\">Kompatibilit\u00e1s:<\/strong> Lenovo ThinkPad T15 Gen 1<\/p>\n<\/li>\n<li data-start=\"1011\" data-end=\"1036\">\n<p data-start=\"1013\" data-end=\"1036\"><strong data-start=\"1013\" data-end=\"1022\">M\u00e9ret:<\/strong> 15,6 h\u00fcvelyk<\/p>\n<\/li>\n<li data-start=\"1037\" data-end=\"1076\">\n<p data-start=\"1039\" data-end=\"1076\"><strong data-start=\"1039\" data-end=\"1054\">Felbont\u00e1s:<\/strong> Full HD (1920&#215;1080)<\/p>\n<\/li>\n<li data-start=\"1077\" data-end=\"1106\">\n<p data-start=\"1079\" data-end=\"1106\"><strong data-start=\"1079\" data-end=\"1093\">Csatlakoz\u00f3:<\/strong> 30 t\u0171s eDP<\/p>\n<\/li>\n<li data-start=\"1107\" data-end=\"1130\">\n<p data-start=\"1109\" data-end=\"1130\"><strong data-start=\"1109\" data-end=\"1124\">Panel t\u00edpusa:<\/strong> IPS<\/p>\n<\/li>\n<li data-start=\"1131\" data-end=\"1166\">\n<p data-start=\"1133\" data-end=\"1166\"><strong data-start=\"1133\" data-end=\"1145\">Fel\u00fclet:<\/strong> matt \/ t\u00fckr\u00f6z\u0151d\u00e9smentes<\/p>\n<\/li>\n<li data-start=\"1167\" data-end=\"1195\">\n<p data-start=\"1169\" data-end=\"1195\"><strong data-start=\"1169\" data-end=\"1183\">\u00c1llapot:<\/strong> Vadonat\u00faj<\/p>\n<\/li>\n<\/ul>\n<p data-start=\"1197\" data-end=\"1357\">Ak\u00e1r az eredeti k\u00e9perny\u0151 megrepedt, ak\u00e1r hom\u00e1lyos, ak\u00e1r nem m\u0171k\u00f6dik, ez a csere megb\u00edzhat\u00f3 megold\u00e1st k\u00edn\u00e1l az eredetinek megfelel\u0151 min\u0151s\u00e9ggel \u00e9s tisztas\u00e1ggal.<\/p>\n<p data-start=\"1359\" data-end=\"1497\"><strong data-start=\"1359\" data-end=\"1368\">Megjegyz\u00e9s:<\/strong> K\u00e9rj\u00fck, v\u00e1s\u00e1rl\u00e1s el\u0151tt ellen\u0151rizze a kompatibilit\u00e1st az\u00e1ltal, hogy egyezteti a csatlakoz\u00f3t \u00e9s a k\u00e9perny\u0151 t\u00edpus\u00e1t. Szakszer\u0171 telep\u00edt\u00e9s javasolt.<\/p>\n","protected":false},"excerpt":{"rendered":"<p data-start=\"321\" data-end=\"501\"> Vadonat\u00faj LCD-csere a Lenovo ThinkPad T15 Gen 1-hez. 15,6&#8243; Full HD matt kijelz\u0151 IPS technol\u00f3gi\u00e1val \u00e9s 30 t\u0171s eDP-csatlakoz\u00f3val. T\u00f6k\u00e9letes tisztas\u00e1g \u00e9s sz\u00e9les betekint\u00e9si sz\u00f6gek.<\/p>\n","protected":false},"featured_media":11378,"template":"","meta":[],"product_brand":[],"product_cat":[81,71],"product_tag":[],"class_list":{"0":"post-12265","1":"product","2":"type-product","3":"status-publish","4":"has-post-thumbnail","6":"product_cat-15-6-new-laptop-screens-lcd-panels","7":"product_cat-new-laptop-screens-lcd-panels","9":"first","10":"instock","11":"taxable","12":"shipping-taxable","13":"purchasable","14":"product-type-simple"},"_links":{"self":[{"href":"https:\/\/boreait.com\/hu\/wp-json\/wp\/v2\/product\/12265","targetHints":{"allow":["GET"]}}],"collection":[{"href":"https:\/\/boreait.com\/hu\/wp-json\/wp\/v2\/product"}],"about":[{"href":"https:\/\/boreait.com\/hu\/wp-json\/wp\/v2\/types\/product"}],"wp:featuredmedia":[{"embeddable":true,"href":"https:\/\/boreait.com\/hu\/wp-json\/wp\/v2\/media\/11378"}],"wp:attachment":[{"href":"https:\/\/boreait.com\/hu\/wp-json\/wp\/v2\/media?parent=12265"}],"wp:term":[{"taxonomy":"product_brand","embeddable":true,"href":"https:\/\/boreait.com\/hu\/wp-json\/wp\/v2\/product_brand?post=12265"},{"taxonomy":"product_cat","embeddable":true,"href":"https:\/\/boreait.com\/hu\/wp-json\/wp\/v2\/product_cat?post=12265"},{"taxonomy":"product_tag","embeddable":true,"href":"https:\/\/boreait.com\/hu\/wp-json\/wp\/v2\/product_tag?post=12265"}],"curies":[{"name":"wp","href":"https:\/\/api.w.org\/{rel}","templated":true}]}}