{"id":12255,"date":"2025-09-17T13:40:17","date_gmt":"2025-09-17T11:40:17","guid":{"rendered":"https:\/\/boreait.com\/hu\/?post_type=product&#038;p=12255"},"modified":"2025-09-17T13:42:04","modified_gmt":"2025-09-17T11:42:04","slug":"156-full-hd-matt-lcd-kepernyo-b156htn03-8-30-tus-uj-tartok-mellekelve","status":"publish","type":"product","link":"https:\/\/boreait.com\/hu\/termek\/156-full-hd-matt-lcd-kepernyo-b156htn03-8-30-tus-uj-tartok-mellekelve\/","title":{"rendered":"15,6&#8243; Full HD matt LCD k\u00e9perny\u0151 B156HTN03.8 | 30 t\u0171s | \u00daj | Tart\u00f3k mell\u00e9kelve"},"content":{"rendered":"<p data-start=\"696\" data-end=\"852\"><strong><span data-sheets-root=\"1\">T\u00e9nyleges LCD-k\u00e9perny\u0151s modell: NV156FHM-N46 \/ B156HAN02.1 \/ LP156WF6-SPB1-SPK1-SPA1 \u2013 TELJESEN KOMPATIB\u00c1LHAT\u00d3 SWILENTHET\u0150 B156HTN03.8<\/span><\/strong><\/p>\n<p data-start=\"696\" data-end=\"852\">Kezdje \u00fajra \u00e9letre laptopj\u00e1t az <strong data-start=\"734\" data-end=\"778\">\u00faj 15,6&#8243; B156HTN03.8 Full HD LCD-k\u00e9perny\u0151vel<\/strong>, amely \u00e9les megjelen\u00edt\u00e9si min\u0151s\u00e9get \u00e9s z\u00f6kken\u0151mentes telep\u00edt\u00e9st biztos\u00edt.<\/p>\n<p data-start=\"854\" data-end=\"1148\">Ez a k\u00e9perny\u0151 <strong data-start=\"877\" data-end=\"901\">1920&#215;1080-as felbont\u00e1ssal<\/strong> \u00e9s <strong data-start=\"909\" data-end=\"938\">matt (csillant\u00e1sg\u00e1tl\u00f3) fel\u00fclettel rendelkezik, \u00e9s cs\u00f6kkenti a l\u00e1that\u00f3s\u00e1got. Az <strong data-start=\"1033\" data-end=\"1051\">IPS technol\u00f3gi\u00e1val<\/strong> \u00e9p\u00edtve \u00e9l\u00e9nk sz\u00edneket \u00e9s sz\u00e9les betekint\u00e9si sz\u00f6geket biztos\u00edt, ide\u00e1lis munk\u00e1hoz, multim\u00e9di\u00e1hoz \u00e9s \u00e1ltal\u00e1nos haszn\u00e1latra.<\/p>\n<p data-start=\"1150\" data-end=\"1406\">Az el\u0151re r\u00f6gz\u00edtett <strong data-start=\"1164\" data-end=\"1200\">fels\u0151 \u00e9s als\u00f3 tart\u00f3konzollal<\/strong> \u00e9rkezik, \u00edgy k\u00f6nnyen biztons\u00e1gosan beszerelhet\u0151 a laptop h\u00e1z\u00e1ba. A k\u00e9perny\u0151 <strong data-start=\"1302\" data-end=\"1326\">30 t\u0171s eDP interf\u00e9szen<\/strong> kereszt\u00fcl csatlakozik, \u00e9s <strong data-start=\"1334\" data-end=\"1347\">nem \u00e9rint\u0151k\u00e9perny\u0151s<\/strong>, sok 15,6&#8243;-os laptophoz alkalmas, amelyek ezt a panelt\u00edpust haszn\u00e1lj\u00e1k.<\/p>\n<p data-start=\"1408\" data-end=\"1427\">\u2705 <strong data-start=\"1410\" data-end=\"1427\">F\u0151bb jellemz\u0151k:<\/strong><\/p>\n<ul data-start=\"1428\" data-end=\"1716\">\n<li data-start=\"1428\" data-end=\"1459\">\n<p data-start=\"1430\" data-end=\"1459\">K\u00e9perny\u0151modell: <strong data-start=\"1444\" data-end=\"1459\">B156HTN03.8<\/strong><\/p>\n<\/li>\n<li data-start=\"1460\" data-end=\"1481\">\n<p data-start=\"1462\" data-end=\"1481\">M\u00e9ret: <strong data-start=\"1468\" data-end=\"1481\">15,6 h\u00fcvelyk<\/strong><\/p>\n<\/li>\n<li data-start=\"1482\" data-end=\"1521\">\n<p data-start=\"1484\" data-end=\"1521\">Felbont\u00e1s: <strong data-start=\"1496\" data-end=\"1521\">1920 x 1080 (Full HD)<\/strong><\/p>\n<\/li>\n<li data-start=\"1522\" data-end=\"1555\">\n<p data-start=\"1524\" data-end=\"1555\">Panel t\u00edpusa: <strong data-start=\"1536\" data-end=\"1555\">LED-s h\u00e1tt\u00e9rvil\u00e1g\u00edt\u00e1s\u00fa IPS<\/strong><\/p>\n<\/li>\n<li data-start=\"1556\" data-end=\"1589\">\n<p data-start=\"1558\" data-end=\"1589\">Fel\u00fclet: <strong data-start=\"1567\" data-end=\"1589\">Matt (csillant\u00e1sg\u00e1tl\u00f3)<\/strong><\/p>\n<\/li>\n<li data-start=\"1590\" data-end=\"1617\">\n<p data-start=\"1592\" data-end=\"1617\">Csatlakoz\u00f3: <strong data-start=\"1603\" data-end=\"1617\">30 t\u0171s eDP<\/strong><\/p>\n<\/li>\n<li data-start=\"1618\" data-end=\"1640\">\n<p data-start=\"1620\" data-end=\"1640\">\u00c9rint\u00e9s: <strong data-start=\"1627\" data-end=\"1640\">Nem \u00e9rint\u00e9s<\/strong><\/p>\n<\/li>\n<li data-start=\"1641\" data-end=\"1689\">\n<p data-start=\"1643\" data-end=\"1689\">Z\u00e1r\u00f3jelek: <strong data-start=\"1653\" data-end=\"1689\">Fels\u0151 \u00e9s als\u00f3 z\u00e1r\u00f3jelek mell\u00e9kelve<\/strong><\/p>\n<\/li>\n<li data-start=\"1690\" data-end=\"1716\">\n<p data-start=\"1692\" data-end=\"1716\">\u00c1llapot: <strong data-start=\"1703\" data-end=\"1716\">vadonat\u00faj<\/strong><\/p>\n<\/li>\n<\/ul>\n<p data-start=\"1718\" data-end=\"1918\">\ud83d\udd27 <strong data-start=\"1721\" data-end=\"1743\">Telep\u00edt\u00e9si megjegyz\u00e9s:<\/strong><br data-start=\"1743\" data-end=\"1746\" \/>Professzion\u00e1lis telep\u00edt\u00e9s javasolt. K\u00e9rj\u00fck, ellen\u0151rizze a kompatibilit\u00e1st \u00fagy, hogy a k\u00e9perny\u0151 modellj\u00e9t, m\u00e9ret\u00e9t, felbont\u00e1s\u00e1t, a t\u0171csatlakoz\u00f3t \u00e9s a z\u00e1r\u00f3jeleket az eredeti k\u00e9perny\u0151h\u00f6z igaz\u00edtja.<\/p>\n","protected":false},"excerpt":{"rendered":"<p>Friss\u00edtse laptopja kijelz\u0151j\u00e9t ezzel a <strong data-start=\"347\" data-end=\"397\">vadonat\u00faj 15,6&#8243;-es B156HTN03.8 Full HD LCD-k\u00e9perny\u0151vel<\/strong>. \u00c9les <strong data-start=\"417\" data-end=\"441\">1920&#215;1080 felbont\u00e1s\u00fa<\/strong>, <strong data=\"445\" data befejez\u00e9s<\/strong> \u00e9s <strong data-start=\"465\" data-end=\"490\">fels\u0151 \u00e9s als\u00f3 konzolok<\/strong> a biztons\u00e1gos r\u00f6gz\u00edt\u00e9shez.<\/p>\n","protected":false},"featured_media":9614,"template":"","meta":[],"product_brand":[],"product_cat":[81,71],"product_tag":[],"class_list":{"0":"post-12255","1":"product","2":"type-product","3":"status-publish","4":"has-post-thumbnail","6":"product_cat-15-6-new-laptop-screens-lcd-panels","7":"product_cat-new-laptop-screens-lcd-panels","9":"first","10":"instock","11":"taxable","12":"shipping-taxable","13":"purchasable","14":"product-type-simple"},"_links":{"self":[{"href":"https:\/\/boreait.com\/hu\/wp-json\/wp\/v2\/product\/12255","targetHints":{"allow":["GET"]}}],"collection":[{"href":"https:\/\/boreait.com\/hu\/wp-json\/wp\/v2\/product"}],"about":[{"href":"https:\/\/boreait.com\/hu\/wp-json\/wp\/v2\/types\/product"}],"wp:featuredmedia":[{"embeddable":true,"href":"https:\/\/boreait.com\/hu\/wp-json\/wp\/v2\/media\/9614"}],"wp:attachment":[{"href":"https:\/\/boreait.com\/hu\/wp-json\/wp\/v2\/media?parent=12255"}],"wp:term":[{"taxonomy":"product_brand","embeddable":true,"href":"https:\/\/boreait.com\/hu\/wp-json\/wp\/v2\/product_brand?post=12255"},{"taxonomy":"product_cat","embeddable":true,"href":"https:\/\/boreait.com\/hu\/wp-json\/wp\/v2\/product_cat?post=12255"},{"taxonomy":"product_tag","embeddable":true,"href":"https:\/\/boreait.com\/hu\/wp-json\/wp\/v2\/product_tag?post=12255"}],"curies":[{"name":"wp","href":"https:\/\/api.w.org\/{rel}","templated":true}]}}