{"id":12254,"date":"2025-09-17T13:40:16","date_gmt":"2025-09-17T11:40:16","guid":{"rendered":"https:\/\/boreait.com\/hu\/?post_type=product&#038;p=12254"},"modified":"2025-09-17T13:42:04","modified_gmt":"2025-09-17T11:42:04","slug":"dell-inspiron-7580-lcd-kepernyo-156-fhd-matt-led-edp-30-tus-konzolok","status":"publish","type":"product","link":"https:\/\/boreait.com\/hu\/termek\/dell-inspiron-7580-lcd-kepernyo-156-fhd-matt-led-edp-30-tus-konzolok\/","title":{"rendered":"Dell Inspiron 7580 LCD k\u00e9perny\u0151 15,6&#8243; FHD matt LED eDP 30 t\u0171s konzolok"},"content":{"rendered":"<p data-start=\"642\" data-end=\"917\"><strong><span data-sheets-root=\"1\">T\u00e9nyleges LCD-k\u00e9perny\u0151s modell: NV156FHM-N46 \/ B156HAN02.1 \/ LP156WF6-SPB1-SPK1-SPA1 \u2013 TELJESEN KOMPATIBILIS SWICREEN\/strong. data-start=&#8221;816&#8243; data-end=&#8221;847&#8243;> LAPTO Dell Inspiron 7580<\/strong><\/p>\n<p data-start=\"642\" data-end=\"917\">Friss\u00edtse vagy cser\u00e9lje ki Dell Inspiron 7580 laptopja k\u00e9perny\u0151j\u00e9t ezzel a kiv\u00e1l\u00f3 min\u0151s\u00e9g\u0171 <strong data-start=\"722\" data-end=\"753\">15,6 h\u00fcvelykes Full HD LCD panellel<\/strong>. Kifejezetten a <strong data-start=\"785\" data-end=\"804\">\u00e9rint\u00e9s n\u00e9lk\u00fcli modellhez<\/strong> tervezett k\u00e9perny\u0151 \u00e9les, 1920&#215;1080-as felbont\u00e1st biztos\u00edt sima <strong data-start=\"868\" data-end=\"884\">matt fel\u00fclettel<\/strong> a t\u00fckr\u00f6z\u0151d\u00e9s \u00e9s a t\u00fckr\u00f6z\u0151d\u00e9s cs\u00f6kkent\u00e9se \u00e9rdek\u00e9ben.<\/p>\n<p data-start=\"919\" data-end=\"1164\">Teljes <strong data-start=\"933\" data-end=\"957\">30 t\u0171s eDP-csatlakoz\u00f3val<\/strong>, <strong data-start=\"959\" data-end=\"976\">LED-s h\u00e1tt\u00e9rvil\u00e1g\u00edt\u00e1ssal<\/strong> \u00e9s <strong data-start=\"982\"4 vizu\u00e1lis adat\u00e1tvitelt biztos\u00edt\u00f3\">rezg\u0151s=&#8221;982&#8243;982&#8243;>PS technol\u00f3gi\u00e1val \u00e9s egyenletes f\u00e9nyer\u0151. A k\u00e9perny\u0151n <strong data-start=\"1079\" data-end=\"1106\">fels\u0151 \u00e9s als\u00f3 z\u00e1r\u00f3jelek<\/strong> tal\u00e1lhat\u00f3k el\u0151re r\u00f6gz\u00edtve, \u00edgy a telep\u00edt\u00e9s egyszer\u0171bb \u00e9s biztons\u00e1gosabb.<\/p>\n<p data-start=\"1166\" data-end=\"1286\">Ez a panel <strong data-start=\"1180\" data-end=\"1193\">vadonat\u00faj<\/strong>, min\u0151s\u00e9g\u00e9t \u00e9s kompatibilit\u00e1s\u00e1t tesztelt\u00e9k. Ide\u00e1lis repedt, vill\u00f3dz\u00f3 vagy halott pixeles k\u00e9perny\u0151k eset\u00e9n.<\/p>\n<p data-start=\"1288\" data-end=\"1307\"><strong data-start=\"1288\" data-end=\"1307\">M\u0171szaki adatok:<\/strong><\/p>\n<ul data-start=\"1308\" data-end=\"1629\">\n<li data-start=\"1308\" data-end=\"1382\">\n<p data-start=\"1310\" data-end=\"1382\"><strong data-start=\"1310\" data-end=\"1341\">Laptopmodell-kompatibilit\u00e1s:<\/strong> Dell Inspiron 7580 (\u00e9rint\u00e9s n\u00e9lk\u00fcli verzi\u00f3)<\/p>\n<\/li>\n<li data-start=\"1383\" data-end=\"1408\">\n<p data-start=\"1385\" data-end=\"1408\"><strong data-start=\"1385\" data-end=\"1394\">M\u00e9ret:<\/strong> 15,6 h\u00fcvelyk<\/p>\n<\/li>\n<li data-start=\"1409\" data-end=\"1450\">\n<p data-start=\"1411\" data-end=\"1450\"><strong data-start=\"1411\" data-end=\"1426\">Felbont\u00e1s:<\/strong> 1920 x 1080 (Full HD)<\/p>\n<\/li>\n<li data-start=\"1451\" data-end=\"1480\">\n<p data-start=\"1453\" data-end=\"1480\"><strong data-start=\"1453\" data-end=\"1467\">Csatlakoz\u00f3:<\/strong> 30 t\u0171s eDP<\/p>\n<\/li>\n<li data-start=\"1481\" data-end=\"1516\">\n<p data-start=\"1483\" data-end=\"1516\"><strong data-start=\"1483\" data-end=\"1495\">Fel\u00fclet:<\/strong> matt \/ t\u00fckr\u00f6z\u0151d\u00e9smentes<\/p>\n<\/li>\n<li data-start=\"1517\" data-end=\"1550\">\n<p data-start=\"1519\" data-end=\"1550\"><strong data-start=\"1519\" data-end=\"1534\">Technol\u00f3gia:<\/strong> LED, PS panel<\/p>\n<\/li>\n<li data-start=\"1551\" data-end=\"1603\">\n<p data-start=\"1553\" data-end=\"1603\"><strong data-start=\"1553\" data-end=\"1575\">R\u00f6gz\u00edt\u00e9si konzolok:<\/strong> Mell\u00e9kelve (fels\u0151 \u00e9s als\u00f3)<\/p>\n<\/li>\n<li data-start=\"1604\" data-end=\"1629\">\n<p data-start=\"1606\" data-end=\"1629\"><strong data-start=\"1606\" data-end=\"1620\">\u00c1llapot:<\/strong> 100% \u00faj<\/p>\n<\/li>\n<\/ul>\n<p data-start=\"1631\" data-end=\"1764\"><strong data-start=\"1631\" data-end=\"1640\">Megjegyz\u00e9s:<\/strong> K\u00e9rj\u00fck, v\u00e1s\u00e1rl\u00e1s el\u0151tt ellen\u0151rizze laptopja modellj\u00e9t \u00e9s k\u00e9perny\u0151j\u00e9nek m\u0171szaki adatait. Ez a panel nem kompatibilis az \u00e9rint\u0151k\u00e9perny\u0151s verzi\u00f3kkal.<\/p>\n","protected":false},"excerpt":{"rendered":"<p>Vadonat\u00faj, 15,6&#8243;-os csereLCD-k\u00e9perny\u0151 Dell Inspiron 7580-hoz (nem \u00e9rint\u00e9s). Full HD 1920&#215;1080 matt kijelz\u0151vel, 30 t\u0171s eDP-csatlakoz\u00f3val, valamint fels\u0151 \u00e9s als\u00f3 r\u00f6gz\u00edt\u0151kkel. T\u00f6k\u00e9letesen illeszkedik laptopj\u00e1hoz \u00e9l\u00e9nk LED-kijelz\u0151 min\u0151s\u00e9g\u00e9vel \u00e9s PS panel technol\u00f3gi\u00e1j\u00e1val.<\/p>\n","protected":false},"featured_media":9614,"template":"","meta":[],"product_brand":[],"product_cat":[81,71],"product_tag":[],"class_list":{"0":"post-12254","1":"product","2":"type-product","3":"status-publish","4":"has-post-thumbnail","6":"product_cat-15-6-new-laptop-screens-lcd-panels","7":"product_cat-new-laptop-screens-lcd-panels","9":"first","10":"instock","11":"taxable","12":"shipping-taxable","13":"purchasable","14":"product-type-simple"},"_links":{"self":[{"href":"https:\/\/boreait.com\/hu\/wp-json\/wp\/v2\/product\/12254","targetHints":{"allow":["GET"]}}],"collection":[{"href":"https:\/\/boreait.com\/hu\/wp-json\/wp\/v2\/product"}],"about":[{"href":"https:\/\/boreait.com\/hu\/wp-json\/wp\/v2\/types\/product"}],"wp:featuredmedia":[{"embeddable":true,"href":"https:\/\/boreait.com\/hu\/wp-json\/wp\/v2\/media\/9614"}],"wp:attachment":[{"href":"https:\/\/boreait.com\/hu\/wp-json\/wp\/v2\/media?parent=12254"}],"wp:term":[{"taxonomy":"product_brand","embeddable":true,"href":"https:\/\/boreait.com\/hu\/wp-json\/wp\/v2\/product_brand?post=12254"},{"taxonomy":"product_cat","embeddable":true,"href":"https:\/\/boreait.com\/hu\/wp-json\/wp\/v2\/product_cat?post=12254"},{"taxonomy":"product_tag","embeddable":true,"href":"https:\/\/boreait.com\/hu\/wp-json\/wp\/v2\/product_tag?post=12254"}],"curies":[{"name":"wp","href":"https:\/\/api.w.org\/{rel}","templated":true}]}}