{"id":12253,"date":"2025-09-17T13:40:16","date_gmt":"2025-09-17T11:40:16","guid":{"rendered":"https:\/\/boreait.com\/hu\/?post_type=product&#038;p=12253"},"modified":"2025-09-17T13:42:04","modified_gmt":"2025-09-17T11:42:04","slug":"uj-lcd-kepernyo-acer-a315-51-346z-156-fhd-matt-30-tus-konzolokhoz","status":"publish","type":"product","link":"https:\/\/boreait.com\/hu\/termek\/uj-lcd-kepernyo-acer-a315-51-346z-156-fhd-matt-30-tus-konzolokhoz\/","title":{"rendered":"\u00daj LCD k\u00e9perny\u0151 Acer A315-51-346Z 15,6&#8243; FHD matt 30 t\u0171s konzolokhoz"},"content":{"rendered":"<p data-start=\"680\" data-end=\"850\"><strong><span data-sheets-root=\"1\">T\u00e9nyleges LCD-k\u00e9perny\u0151s modell: NV156FHM-N46 \/ B156HAN02.1 \/ LP156WF6-SPB1-SPK1-SPA1 \u2013 TELJESEN KOMPATIBILIS SWIEENTH A SWIEENTH APTOP\u00c1TORHOZ A315-51-346Z<\/span><\/strong><\/p>\n<p data-start=\"680\" data-end=\"850\">Friss\u00edtse vagy cser\u00e9lje ki laptopja k\u00e9perny\u0151j\u00e9t erre a kiv\u00e1l\u00f3 min\u0151s\u00e9g\u0171 <strong data-start=\"741\" data-end=\"785\">15,6&#8243; Full HD (1920&#215;1080) LED LCD-k\u00e9perny\u0151re<\/strong>, amelyet kifejezetten a <strong data-start=\"816\" data-end=\"816\"\">Acer data-end-hez terveztek. A315-51-346Z<\/strong>.<\/p>\n<p data-start=\"852\" data-end=\"1111\">Ez a <strong data-start=\"857\" data-end=\"870\">\u00e9rint\u00e9smentes<\/strong> matt panel \u00e9les, t\u00fckr\u00f6z\u0151d\u00e9smentes megjelen\u00edt\u00e9si \u00e9lm\u00e9nyt k\u00edn\u00e1l \u00e9l\u00e9nk k\u00e9ppel \u00e9s megb\u00edzhat\u00f3 teljes\u00edtm\u00e9nnyel. A <strong data-start=\"985\" data-end=\"1017\">PS (Plane to Line Switching)<\/strong> technol\u00f3gi\u00e1val \u00e9s egy <strong data-start=\"1036\" data-end=\"1050\">eDP 30 t\u0171s<\/strong> csatlakoz\u00f3val kompatibilis \u00e9s egyszer\u0171 telep\u00edt\u00e9st biztos\u00edt.<\/p>\n<p data-start=\"1113\" data-end=\"1208\">A k\u00e9perny\u0151n <strong data-start=\"1133\" data-end=\"1160\">fels\u0151 \u00e9s als\u00f3 z\u00e1r\u00f3jelek<\/strong> tal\u00e1lhat\u00f3k, \u00edgy t\u00f6k\u00e9letesen illeszkedik az \u00d6n Acer modellj\u00e9hez.<\/p>\n<h3 data-start=\"1210\" data-end=\"1238\">\ud83d\udd27 <strong data-start=\"1217\" data-end=\"1236\">M\u0171szaki adatok:<\/strong><\/h3>\n<ul data-start=\"1239\" data-end=\"1557\">\n<li data-start=\"1239\" data-end=\"1285\">\n<p data-start=\"1241\" data-end=\"1285\"><strong data-start=\"1241\" data-end=\"1265\">Modell kompatibilit\u00e1s:<\/strong> Acer A315-51-346Z<\/p>\n<\/li>\n<li data-start=\"1286\" data-end=\"1318\">\n<p data-start=\"1288\" data-end=\"1318\"><strong data-start=\"1288\" data-end=\"1304\">K\u00e9perny\u0151m\u00e9ret:<\/strong> 15,6 h\u00fcvelyk<\/p>\n<\/li>\n<li data-start=\"1319\" data-end=\"1358\">\n<p data-start=\"1321\" data-end=\"1358\"><strong data-start=\"1321\" data-end=\"1336\">Felbont\u00e1s:<\/strong> Full HD 1920 x 1080<\/p>\n<\/li>\n<li data-start=\"1359\" data-end=\"1394\">\n<p data-start=\"1361\" data-end=\"1394\"><strong data-start=\"1361\" data-end=\"1373\">Fel\u00fclet:<\/strong> matt \/ t\u00fckr\u00f6z\u0151d\u00e9smentes<\/p>\n<\/li>\n<li data-start=\"1395\" data-end=\"1424\">\n<p data-start=\"1397\" data-end=\"1424\"><strong data-start=\"1397\" data-end=\"1411\">Csatlakoz\u00f3:<\/strong> 30 t\u0171s eDP<\/p>\n<\/li>\n<li data-start=\"1425\" data-end=\"1456\">\n<p data-start=\"1427\" data-end=\"1456\"><strong data-start=\"1427\" data-end=\"1436\">T\u00edpus:<\/strong> LED LCD, PS panel<\/p>\n<\/li>\n<li data-start=\"1457\" data-end=\"1486\">\n<p data-start=\"1459\" data-end=\"1486\"><strong data-start=\"1459\" data-end=\"1469\">\u00c9rint\u00e9s:<\/strong> Nem (nem \u00e9rint\u00e9s)<\/p>\n<\/li>\n<li data-start=\"1487\" data-end=\"1528\">\n<p data-start=\"1489\" data-end=\"1528\"><strong data-start=\"1489\" data-end=\"1502\">Z\u00e1r\u00f3jelek:<\/strong> Tartalmazza (fent \u00e9s lent)<\/p>\n<\/li>\n<li data-start=\"1529\" data-end=\"1557\">\n<p data-start=\"1531\" data-end=\"1557\"><strong data-start=\"1531\" data-end=\"1545\">\u00c1llapot:<\/strong> Vadonat\u00faj<\/p>\n<\/li>\n<\/ul>\n<p data-start=\"1559\" data-end=\"1718\"> \u00c1ll\u00edtsa vissza kijelz\u0151j\u00e9t \u00fajszer\u0171 \u00e1llapotba ezzel a pr\u00e9mium cserepanellel, amely ide\u00e1lis szakemberek, di\u00e1kok \u00e9s b\u00e1rki sz\u00e1m\u00e1ra, akinek megb\u00edzhat\u00f3 laptopk\u00e9perny\u0151re van sz\u00fcks\u00e9ge.<\/p>\n","protected":false},"excerpt":{"rendered":"<p>Vadonat\u00faj, 15,6 h\u00fcvelykes Full HD matt LED-k\u00e9perny\u0151 Acer A315-51-346Z laptopokhoz. 30 t\u0171s eDP-csatlakoz\u00f3val, valamint fels\u0151 \u00e9s als\u00f3 r\u00f6gz\u00edt\u0151kkel. \u00c9rint\u00e9smentes kijelz\u0151.<\/p>\n","protected":false},"featured_media":9614,"template":"","meta":[],"product_brand":[],"product_cat":[81,71],"product_tag":[],"class_list":{"0":"post-12253","1":"product","2":"type-product","3":"status-publish","4":"has-post-thumbnail","6":"product_cat-15-6-new-laptop-screens-lcd-panels","7":"product_cat-new-laptop-screens-lcd-panels","9":"first","10":"instock","11":"taxable","12":"shipping-taxable","13":"purchasable","14":"product-type-simple"},"_links":{"self":[{"href":"https:\/\/boreait.com\/hu\/wp-json\/wp\/v2\/product\/12253","targetHints":{"allow":["GET"]}}],"collection":[{"href":"https:\/\/boreait.com\/hu\/wp-json\/wp\/v2\/product"}],"about":[{"href":"https:\/\/boreait.com\/hu\/wp-json\/wp\/v2\/types\/product"}],"wp:featuredmedia":[{"embeddable":true,"href":"https:\/\/boreait.com\/hu\/wp-json\/wp\/v2\/media\/9614"}],"wp:attachment":[{"href":"https:\/\/boreait.com\/hu\/wp-json\/wp\/v2\/media?parent=12253"}],"wp:term":[{"taxonomy":"product_brand","embeddable":true,"href":"https:\/\/boreait.com\/hu\/wp-json\/wp\/v2\/product_brand?post=12253"},{"taxonomy":"product_cat","embeddable":true,"href":"https:\/\/boreait.com\/hu\/wp-json\/wp\/v2\/product_cat?post=12253"},{"taxonomy":"product_tag","embeddable":true,"href":"https:\/\/boreait.com\/hu\/wp-json\/wp\/v2\/product_tag?post=12253"}],"curies":[{"name":"wp","href":"https:\/\/api.w.org\/{rel}","templated":true}]}}