{"id":12251,"date":"2025-09-17T13:40:15","date_gmt":"2025-09-17T11:40:15","guid":{"rendered":"https:\/\/boreait.com\/hu\/?post_type=product&#038;p=12251"},"modified":"2026-02-09T11:59:35","modified_gmt":"2026-02-09T10:59:35","slug":"lenovo-thinkpad-390x-ethernet-port-eredeti-laptop-alkatresz-halozati-javitashoz","status":"publish","type":"product","link":"https:\/\/boreait.com\/hu\/termek\/lenovo-thinkpad-390x-ethernet-port-eredeti-laptop-alkatresz-halozati-javitashoz\/","title":{"rendered":"Lenovo ThinkPad 390X Ethernet port \u2013 Eredeti laptop alkatr\u00e9sz h\u00e1l\u00f3zati jav\u00edt\u00e1shoz"},"content":{"rendered":"<p data-start=\"655\" data-end=\"848\">Megb\u00edzhat\u00f3 csere Ethernet portot keres Lenovo ThinkPad 390X k\u00e9sz\u00fcl\u00e9k\u00e9hez? Ez az eredeti laptop alkatr\u00e9sz pontosan az, amire sz\u00fcks\u00e9ge van, hogy \u00fajra \u00e9letre keltse laptopja vezet\u00e9kes h\u00e1l\u00f3zati kapcsolat\u00e1t.<\/p>\n<p data-start=\"850\" data-end=\"1170\">\u2705 <strong data-start=\"852\" data-end=\"873\">Term\u00e9k \u00e1ttekint\u00e9se:<\/strong><br data-start=\"873\" data-end=\"876\" \/>Ez egy teljesen tesztelt \u00e9s m\u0171k\u00f6d\u0151 <strong data-start=\"911\" data-E a Lenovo h\u00e1l\u00f3r\u00f3l elt\u00e1vol\u00edtott Thhovo 921-as port<\/strong>adat 390X. T\u00f6k\u00e9letes a s\u00e9r\u00fclt vagy hib\u00e1s LAN-port okozta csatlakoz\u00e1si probl\u00e9m\u00e1k megold\u00e1s\u00e1ra. F\u00fcggetlen\u00fcl att\u00f3l, hogy instabil a vezet\u00e9kes internetkapcsolat, vagy egy\u00e1ltal\u00e1n nincs kapcsolat, ennek a r\u00e9sznek a cser\u00e9je megoldhatja a probl\u00e9m\u00e1t.<\/p>\n<p data-start=\"1172\" data-end=\"1191\">\u2705 <strong data-start=\"1174\" data-end=\"1191\">F\u0151bb jellemz\u0151k:<\/strong><\/p>\n<ul data-start=\"1192\" data-end=\"1453\">\n<li data-start=\"1192\" data-end=\"1236\">\n<p data-start=\"1194\" data-end=\"1236\">Kompatibilis a <strong data-start=\"1210\" data-end=\"1234\">Lenovo ThinkPad 390X<\/strong><\/p>\n<\/li>\n<li data-start=\"1237\" data-end=\"1295\">\n<p data-start=\"1239\" data-end=\"1295\">Eredeti, leh\u00fazott alkatr\u00e9sz \u2013 nem ut\u00e1ngy\u00e1rtott vagy harmadik f\u00e9l<\/p>\n<\/li>\n<li data-start=\"1296\" data-end=\"1341\">\n<p data-start=\"1298\" data-end=\"1341\">Teljesen tesztelt \u00e9s <strong data-start=\"1318\" data-end=\"1339\">m\u0171k\u00f6d\u0151 \u00e1llapotban<\/strong><\/p>\n<\/li>\n<li data-start=\"1342\" data-end=\"1396\">\n<p data-start=\"1344\" data-end=\"1396\">Ide\u00e1lis a vezet\u00e9kes <strong data-start=\"1370\" data-end=\"1394\">h\u00e1l\u00f3zati kapcsolat helyre\u00e1ll\u00edt\u00e1s\u00e1hoz<\/strong><\/p>\n<\/li>\n<li data-start=\"1397\" data-end=\"1453\">\n<p data-start=\"1399\" data-end=\"1453\">Kiv\u00e1l\u00f3 a jav\u00edt\u00f3technikusok vagy a bark\u00e1csol\u00f3 laptopok szerelmesei sz\u00e1m\u00e1ra<\/p>\n<\/li>\n<\/ul>\n<p data-start=\"1455\" data-end=\"1600\">Ez egy <strong data-start=\"1466\" data-end=\"1491\">hiteles laptop-alkatr\u00e9sz<\/strong>, nem egy \u00e1ltal\u00e1nos replika. A list\u00e1ban szerepl\u0151 fot\u00f3k a t\u00e9nyleges alkatr\u00e9szt mutatj\u00e1k, amelyet \u00d6n kap \u2013 nincsenek stock k\u00e9pek.<\/p>\n<p data-start=\"1602\" data-end=\"1753\">\ud83d\udcec A cser\u00e9re vonatkoz\u00f3 utas\u00edt\u00e1sokat nem adjuk meg, de ha k\u00e9rd\u00e9se van a v\u00e1s\u00e1rl\u00e1s el\u0151tt vagy ut\u00e1n, k\u00fcldj\u00f6n nek\u00fcnk \u00fczenetet \u2013 sz\u00edvesen seg\u00edt\u00fcnk.<\/p>\n<hr data-start=\"1755\" data-end=\"1758\" \/>\n<p data-start=\"1760\" data-end=\"1940\"><strong data-start=\"1760\" data-end=\"1784\">Mi\u00e9rt \u00e9rdemes a Siggm\u00f3t\u00f3l v\u00e1s\u00e1rolni?<\/strong><br data-start=\"1784\" data-end=\"1787\" \/>A <strong data-start=\"1784\" data-end=\"1787\" \/>A <strong data-start=\"1784\" data-end=\"1787\" \/>A <strong data-start=\"1784\" data-end=\"1787\" \/>A <strong data-start=\"1784\" data-end=\"1787\" \/>A <strong data-start=\"1808\" parts2-end=\"1808\" parts2-end4\">adat4> ThinkPads, HP, Dell \u00e9s m\u00e9g sok m\u00e1s. Alkatr\u00e9szeinket tesztelj\u00fck, professzion\u00e1lisan kezelj\u00fck \u00e9s k\u00f6r\u00fcltekint\u0151en sz\u00e1ll\u00edtjuk vil\u00e1gszerte.<\/p>\n<p data-start=\"1942\" data-end=\"2055\"> \u00c1ll\u00edtsa vissza ThinkPad 390X k\u00e9sz\u00fcl\u00e9k\u00e9t bizalommal \u2013 rendelje meg m\u00e9g ma, \u00e9s kapcsol\u00f3djon \u00fajra az internethez megb\u00edzhat\u00f3 Ethernet-kapcsolattal.<\/p>\n","protected":false},"excerpt":{"rendered":"<p data-start=\"484\" data-end=\"604\">Eredeti Ethernet-port a Lenovo ThinkPad 390X-hez. Tesztelt, teljesen m\u0171k\u00f6d\u0151k\u00e9pes, \u00e9s ide\u00e1lis a h\u00e1l\u00f3zati kapcsolat helyre\u00e1ll\u00edt\u00e1s\u00e1hoz.<\/p>\n","protected":false},"featured_media":12312,"template":"","meta":[],"product_brand":[],"product_cat":[27],"product_tag":[],"class_list":{"0":"post-12251","1":"product","2":"type-product","3":"status-publish","4":"has-post-thumbnail","6":"product_cat-motherboards-board-parts","8":"first","9":"instock","10":"taxable","11":"shipping-taxable","12":"purchasable","13":"product-type-simple"},"_links":{"self":[{"href":"https:\/\/boreait.com\/hu\/wp-json\/wp\/v2\/product\/12251","targetHints":{"allow":["GET"]}}],"collection":[{"href":"https:\/\/boreait.com\/hu\/wp-json\/wp\/v2\/product"}],"about":[{"href":"https:\/\/boreait.com\/hu\/wp-json\/wp\/v2\/types\/product"}],"wp:featuredmedia":[{"embeddable":true,"href":"https:\/\/boreait.com\/hu\/wp-json\/wp\/v2\/media\/12312"}],"wp:attachment":[{"href":"https:\/\/boreait.com\/hu\/wp-json\/wp\/v2\/media?parent=12251"}],"wp:term":[{"taxonomy":"product_brand","embeddable":true,"href":"https:\/\/boreait.com\/hu\/wp-json\/wp\/v2\/product_brand?post=12251"},{"taxonomy":"product_cat","embeddable":true,"href":"https:\/\/boreait.com\/hu\/wp-json\/wp\/v2\/product_cat?post=12251"},{"taxonomy":"product_tag","embeddable":true,"href":"https:\/\/boreait.com\/hu\/wp-json\/wp\/v2\/product_tag?post=12251"}],"curies":[{"name":"wp","href":"https:\/\/api.w.org\/{rel}","templated":true}]}}