{"id":1225,"date":"2025-09-17T09:56:47","date_gmt":"2025-09-17T07:56:47","guid":{"rendered":"https:\/\/boreait.com\/hu\/?post_type=product&#038;p=1225"},"modified":"2025-09-17T09:58:27","modified_gmt":"2025-09-17T07:58:27","slug":"cn-0jx8mw-dell-latitude14-5000-e5450-series-a-shell-kepernyo-tengelyhejhoz","status":"publish","type":"product","link":"https:\/\/boreait.com\/hu\/termek\/cn-0jx8mw-dell-latitude14-5000-e5450-series-a-shell-kepernyo-tengelyhejhoz\/","title":{"rendered":"CN-0JX8MW Dell Latitude14 5000 E5450 Series A Shell k\u00e9perny\u0151 tengelyh\u00e9jhoz"},"content":{"rendered":"<p>A CN-0JX8MW egy Dell Latitude 14 5000 E5450 Series A Shell Screen Axis Shell. Ez egy eredeti Dell cserealkatr\u00e9sz, amelyet apr\u00f3l\u00e9kosan kidolgoztak, hogy illeszkedjen a Dell Latitude E5450 sorozat\u00fa laptopokhoz. Ez a k\u00e9perny\u0151 tengelyh\u00e9ja l\u00e9nyeges elem, amely szerkezeti integrit\u00e1st \u00e9s v\u00e9delmet ny\u00fajt a laptop k\u00e9perny\u0151tengely-mechanizmus\u00e1nak.<\/p>\n<p>A Dell szak\u00e9rt\u0151 m\u00e9rn\u00f6kei \u00e1ltal tervezett CN-0JX8MW pontos illeszked\u00e9st \u00e9s z\u00f6kken\u0151mentes integr\u00e1ci\u00f3t biztos\u00edt a Dell Latitude E5450 laptopok t\u00f6bbi \u00f6sszetev\u0151j\u00e9vel. OEM-alkatr\u00e9szk\u00e9nt megfelel a Dell szigor\u00fa min\u0151s\u00e9gi, teljes\u00edtm\u00e9ny- \u00e9s tart\u00f3ss\u00e1gi szabv\u00e1nyainak.<\/p>\n<p>A k\u00e9perny\u0151tengely burkolat\u00e1nak cser\u00e9jekor kulcsfontoss\u00e1g\u00fa, hogy k\u00f6vesse a Dell \u00e1ltal javasolt ir\u00e1nyelveket, vagy forduljon szakemberhez, hogy elker\u00fclje a laptop vagy annak bels\u0151 alkatr\u00e9szeinek k\u00e1rosod\u00e1s\u00e1t. Eredeti OEM alkatr\u00e9szek, p\u00e9ld\u00e1ul a CN-0JX8MW haszn\u00e1lata er\u0151sen aj\u00e1nlott a laptop eredeti kialak\u00edt\u00e1s\u00e1nak meg\u0151rz\u00e9se \u00e9s az optim\u00e1lis teljes\u00edtm\u00e9ny biztos\u00edt\u00e1sa \u00e9rdek\u00e9ben.<\/p>\n<p>A s\u00e9r\u00fclt vagy elhaszn\u00e1l\u00f3dott k\u00e9perny\u0151tengely burkolat\u00e1nak cser\u00e9je elengedhetetlen a laptop k\u00e9perny\u0151tengely-mechanizmus\u00e1nak v\u00e9delme \u00e9s a k\u00e9perny\u0151 z\u00f6kken\u0151mentes mozg\u00e1sa \u00e9rdek\u00e9ben. A CN-0JX8MW ide\u00e1lis v\u00e1laszt\u00e1s a Dell Latitude E5450 laptop k\u00e9perny\u0151tengely\u00e9nek eredeti \u00e1llapot\u00e1nak vissza\u00e1ll\u00edt\u00e1s\u00e1hoz.<\/p>\n<p>\u00d6sszefoglalva, a CN-0JX8MW egy eredeti Dell cserealkatr\u00e9sz, amelyet kifejezetten a Dell Latitude 14 5000 E5450 sorozat\u00fa laptopokhoz terveztek. Szerkezeti t\u00e1mogat\u00e1st \u00e9s v\u00e9delmet ny\u00fajt a k\u00e9perny\u0151tengely-mechanizmus sz\u00e1m\u00e1ra, biztos\u00edtva a laptop teljes\u00edtm\u00e9ny\u00e9t \u00e9s hossz\u00fa \u00e9lettartam\u00e1t. Ezzel az OEM k\u00e9perny\u0151tengely-h\u00e9jjal meg\u0151rizheti Dell Latitude E5450 laptopja integrit\u00e1s\u00e1t, \u00e9s \u00e9lvezheti a k\u00e9perny\u0151 egyenletes mozg\u00e1s\u00e1t.<\/p>\n","protected":false},"excerpt":{"rendered":"<p>A CN-0JX8MW egy Dell Latitude 14 5000 E5450 Series A Shell Screen Axis Shell. Ez egy eredeti Dell cserealkatr\u00e9sz, amelyet a Dell Latitude E5450 sorozat\u00fa laptopok k\u00e9perny\u0151tengely\u00e9nek szerkezeti t\u00e1mogat\u00e1s\u00e1ra \u00e9s v\u00e9delm\u00e9re terveztek.<\/p>\n","protected":false},"featured_media":1304,"template":"","meta":[],"product_brand":[],"product_cat":[16],"product_tag":[17],"class_list":{"0":"post-1225","1":"product","2":"type-product","3":"status-publish","4":"has-post-thumbnail","6":"product_cat-laptop-housing","7":"product_tag-dell","9":"first","10":"instock","11":"taxable","12":"shipping-taxable","13":"purchasable","14":"product-type-simple"},"_links":{"self":[{"href":"https:\/\/boreait.com\/hu\/wp-json\/wp\/v2\/product\/1225","targetHints":{"allow":["GET"]}}],"collection":[{"href":"https:\/\/boreait.com\/hu\/wp-json\/wp\/v2\/product"}],"about":[{"href":"https:\/\/boreait.com\/hu\/wp-json\/wp\/v2\/types\/product"}],"wp:featuredmedia":[{"embeddable":true,"href":"https:\/\/boreait.com\/hu\/wp-json\/wp\/v2\/media\/1304"}],"wp:attachment":[{"href":"https:\/\/boreait.com\/hu\/wp-json\/wp\/v2\/media?parent=1225"}],"wp:term":[{"taxonomy":"product_brand","embeddable":true,"href":"https:\/\/boreait.com\/hu\/wp-json\/wp\/v2\/product_brand?post=1225"},{"taxonomy":"product_cat","embeddable":true,"href":"https:\/\/boreait.com\/hu\/wp-json\/wp\/v2\/product_cat?post=1225"},{"taxonomy":"product_tag","embeddable":true,"href":"https:\/\/boreait.com\/hu\/wp-json\/wp\/v2\/product_tag?post=1225"}],"curies":[{"name":"wp","href":"https:\/\/api.w.org\/{rel}","templated":true}]}}