{"id":12241,"date":"2025-09-17T13:39:47","date_gmt":"2025-09-17T11:39:47","guid":{"rendered":"https:\/\/boreait.com\/hu\/?post_type=product&#038;p=12241"},"modified":"2026-02-09T11:59:16","modified_gmt":"2026-02-09T10:59:16","slug":"717222-252-lenovo-laptop-alaplap-eredeti-tesztelt-laptop-alkatresz-eu-elado","status":"publish","type":"product","link":"https:\/\/boreait.com\/hu\/termek\/717222-252-lenovo-laptop-alaplap-eredeti-tesztelt-laptop-alkatresz-eu-elado\/","title":{"rendered":"717222-252 Lenovo laptop alaplap | Eredeti tesztelt laptop alkatr\u00e9sz EU elad\u00f3"},"content":{"rendered":"<p data-start=\"621\" data-end=\"843\">Eredeti cserealaplapot keres Lenovo laptopj\u00e1hoz? Ez a <strong data-start=\"696\" data-end=\"729\">717222-252 Lenovo alaplap<\/strong> egy eredeti, kiv\u00e1l\u00f3 min\u0151s\u00e9g\u0171 laptop alkatr\u00e9sz, amelyet teljes k\u00f6r\u0171en teszteltek \u00e9s ellen\u0151riztek a teljes\u00edtm\u00e9ny \u00e9s a megb\u00edzhat\u00f3s\u00e1g szempontj\u00e1b\u00f3l.<\/p>\n<p data-start=\"845\" data-end=\"1117\">Ide\u00e1lis a Lenovo rendszer m\u0171k\u00f6d\u00e9s\u00e9nek vissza\u00e1ll\u00edt\u00e1s\u00e1hoz, ez az alaplap t\u00f6k\u00e9letes a rendszerind\u00edt\u00e1si probl\u00e9m\u00e1k, az \u00e1ramkimarad\u00e1sok vagy az alaplappal kapcsolatos egy\u00e9b hib\u00e1k jav\u00edt\u00e1s\u00e1ra. Legyen sz\u00f3 jav\u00edt\u00f3m\u0171helyr\u0151l, viszontelad\u00f3r\u00f3l vagy bark\u00e1csol\u00e1stechnikai rajong\u00f3r\u00f3l, ez egy megb\u00edzhat\u00f3 lehet\u0151s\u00e9g jav\u00edt\u00e1si projektje sz\u00e1m\u00e1ra.<\/p>\n<h3 data-start=\"1119\" data-end=\"1138\">\ud83d\udd27 F\u0151bb r\u00e9szletek:<\/h3>\n<ul data-start=\"1139\" data-end=\"1474\">\n<li data-start=\"1139\" data-end=\"1170\">\n<p data-start=\"1141\" data-end=\"1170\"><strong data-start=\"1141\" data-end=\"1157\">Alkatr\u00e9szsz\u00e1m:<\/strong> 717222-252<\/p>\n<\/li>\n<li data-start=\"1171\" data-end=\"1252\">\n<p data-start=\"1173\" data-end=\"1252\"><strong data-start=\"1173\" data-end=\"1197\">M\u00e1rkakompatibilit\u00e1s:<\/strong> Lenovo laptopok (v\u00e1s\u00e1rl\u00e1s el\u0151tt ellen\u0151rizze a kompatibilit\u00e1st)<\/p>\n<\/li>\n<li data-start=\"1253\" data-end=\"1302\">\n<p data-start=\"1255\" data-end=\"1302\"><strong data-start=\"1255\" data-end=\"1269\">\u00c1llapot:<\/strong> Haszn\u00e1lt, teljesen m\u0171k\u00f6d\u0151k\u00e9pes, tesztelt<\/p>\n<\/li>\n<li data-start=\"1303\" data-end=\"1366\">\n<p data-start=\"1305\" data-end=\"1366\"><strong data-start=\"1305\" data-end=\"1316\">Fot\u00f3k:<\/strong> A kapott alaplap val\u00f3di k\u00e9pei<\/p>\n<\/li>\n<li data-start=\"1367\" data-end=\"1474\">\n<p data-start=\"1369\" data-end=\"1474\"><strong data-start=\"1369\" data-end=\"1386\">Telep\u00edt\u00e9s:<\/strong> Nincsenek utas\u00edt\u00e1sok, de sz\u00edvesen seg\u00edt\u00fcnk az alapvet\u0151 k\u00e9rd\u00e9sekben \u2013 csak \u00edrjon nek\u00fcnk!<\/p>\n<\/li>\n<\/ul>\n<p data-start=\"1476\" data-end=\"1721\">A <strong data-start=\"1493\" data-end=\"1509\">laptop alkatr\u00e9szekre<\/strong> szakosodunk, \u00e9s meg\u00e9rtj\u00fck, mennyire fontos, hogy pontosan a keresett alkatr\u00e9szt kapja meg. Ez\u00e9rt minden \u00e1ltalunk felsorolt \u200b\u200bterm\u00e9khez, bele\u00e9rtve ezt az alaplapot is, val\u00f3di f\u00e9nyk\u00e9peket mell\u00e9kel\u00fcnk \u2013 pontosan azt kapod, amit l\u00e1tsz.<\/p>\n<p data-start=\"1723\" data-end=\"1795\">\ud83d\udce6 <strong data-start=\"1726\" data-end=\"1755\">Gyors sz\u00e1ll\u00edt\u00e1s Eur\u00f3p\u00e1b\u00f3l<\/strong><br data-start=\"1755\" data-end=\"1758\" \/>\ud83d\udcac <strong data-start=\"1761\"7tions?5-end=\"1761\"7tions? \u00cdrjon nek\u00fcnk b\u00e1rmikor!<\/strong><\/p>\n","protected":false},"excerpt":{"rendered":"<p>Eredeti Lenovo laptop alaplap 717222-252 cikksz\u00e1mmal. Eredeti, tesztelt \u00e9s telep\u00edt\u00e9sre k\u00e9sz. EU-b\u00f3l sz\u00e1ll\u00edtj\u00e1k.<\/p>\n","protected":false},"featured_media":12304,"template":"","meta":[],"product_brand":[],"product_cat":[27],"product_tag":[26],"class_list":{"0":"post-12241","1":"product","2":"type-product","3":"status-publish","4":"has-post-thumbnail","6":"product_cat-motherboards-board-parts","7":"product_tag-lenovo","9":"first","10":"instock","11":"taxable","12":"shipping-taxable","13":"purchasable","14":"product-type-simple"},"_links":{"self":[{"href":"https:\/\/boreait.com\/hu\/wp-json\/wp\/v2\/product\/12241","targetHints":{"allow":["GET"]}}],"collection":[{"href":"https:\/\/boreait.com\/hu\/wp-json\/wp\/v2\/product"}],"about":[{"href":"https:\/\/boreait.com\/hu\/wp-json\/wp\/v2\/types\/product"}],"wp:featuredmedia":[{"embeddable":true,"href":"https:\/\/boreait.com\/hu\/wp-json\/wp\/v2\/media\/12304"}],"wp:attachment":[{"href":"https:\/\/boreait.com\/hu\/wp-json\/wp\/v2\/media?parent=12241"}],"wp:term":[{"taxonomy":"product_brand","embeddable":true,"href":"https:\/\/boreait.com\/hu\/wp-json\/wp\/v2\/product_brand?post=12241"},{"taxonomy":"product_cat","embeddable":true,"href":"https:\/\/boreait.com\/hu\/wp-json\/wp\/v2\/product_cat?post=12241"},{"taxonomy":"product_tag","embeddable":true,"href":"https:\/\/boreait.com\/hu\/wp-json\/wp\/v2\/product_tag?post=12241"}],"curies":[{"name":"wp","href":"https:\/\/api.w.org\/{rel}","templated":true}]}}