{"id":12240,"date":"2025-09-17T13:39:47","date_gmt":"2025-09-17T11:39:47","guid":{"rendered":"https:\/\/boreait.com\/hu\/?post_type=product&#038;p=12240"},"modified":"2025-09-17T13:41:52","modified_gmt":"2025-09-17T11:41:52","slug":"uj-lenovo-thinkpad-t470-14-felso-lcd-hatlap-00ny673-eredeti-laptop-alkatresz","status":"publish","type":"product","link":"https:\/\/boreait.com\/hu\/termek\/uj-lenovo-thinkpad-t470-14-felso-lcd-hatlap-00ny673-eredeti-laptop-alkatresz\/","title":{"rendered":"\u00daJ Lenovo ThinkPad T470 14&#8243; fels\u0151 LCD h\u00e1tlap 00NY673 | Eredeti laptop alkatr\u00e9sz"},"content":{"rendered":"<p data-start=\"580\" data-end=\"804\">Helyezze vissza Lenovo ThinkPad T470 k\u00e9sz\u00fcl\u00e9k\u00e9t ezzel az <strong data-start=\"624\" data-end=\"660\">eredeti 14.0&#8243;-es fels\u0151 LCD h\u00e1tlappal<\/strong>, cikksz\u00e1m: <strong data-start=\"674\" data-end=\"685\" van cracked. vagy t\u00f6r\u00f6tt, ez a p\u00f3talkatr\u00e9sz t\u00f6k\u00e9letes illeszked\u00e9st \u00e9s kidolgoz\u00e1st k\u00edn\u00e1l.<\/p>\n<p data-start=\"806\" data-end=\"1039\">Ez a <strong data-start=\"811\" data-end=\"843\">hiteles Lenovo laptop alkatr\u00e9sz<\/strong> kifejezetten a ThinkPad T470 sorozathoz k\u00e9sz\u00fclt, \u00e9s biztos\u00edtja a hossz\u00fa t\u00e1v\u00fa tart\u00f3ss\u00e1got \u00e9s az OEM-szint\u0171 kompatibilit\u00e1st. Ide\u00e1lis technikusok, bark\u00e1csol\u00f3k vagy b\u00e1rki sz\u00e1m\u00e1ra, aki saj\u00e1t k\u00e9sz\u00fcl\u00e9k\u00e9t karbantartja.<\/p>\n<p data-start=\"1041\" data-end=\"1369\">\ud83d\udd39 <strong data-start=\"1044\" data-end=\"1060\">Alkatr\u00e9szsz\u00e1m:<\/strong> 00NY673<br data-start=\"1068\" data-end=\"1071\" \/>\ud83d\udd39 <strong data-4\"=\"10 data-start adatok data-end=\"1205\" \/>\ud83d\udd39 <strong data-start=\"1208\" data-end=\"1218\">Haszn\u00e1lat:<\/strong> Csere fels\u0151 burkolat az LCD-szerelv\u00e9nyhez<br data-start=\"1261\" data-end=\"1264\" \/>\ud83d\udd39 <strong data-start=\"1267\" data-end=\"1218\">A csomag nem tartalmazza a s\u00fag\u00f3t, de a s\u00fag\u00f3t nem tartalmazza=&#8221;128&#8243; b\u00e1rmilyen k\u00e9rd\u00e9s\u00e9vel forduljon hozz\u00e1nk bizalommal<\/p>\n<p data-start=\"1371\" data-end=\"1608\">Ez az adatlap a gondosan \u00f6ssze\u00e1ll\u00edtott <strong data-start=\"1430\" data-end=\"1446\">laptop-alkatr\u00e9szeink<\/strong> k\u00e9szlet\u00fcnk r\u00e9sze, amelyben az \u00fcgyfelek Eur\u00f3p\u00e1ban \u00e9s vil\u00e1gszerte megb\u00edznak. Ak\u00e1r jav\u00edt, ak\u00e1r fel\u00faj\u00edt, csak tesztelt, kiv\u00e1l\u00f3 min\u0151s\u00e9g\u0171 alkatr\u00e9szeket biztos\u00edtunk a megb\u00edzhat\u00f3 teljes\u00edtm\u00e9ny \u00e9rdek\u00e9ben.<\/p>\n<p data-start=\"1610\" data-end=\"1681\">\ud83d\udce6 <strong data-start=\"1613\" data-end=\"1640\">Gyors sz\u00e1ll\u00edt\u00e1s vil\u00e1gszerte<\/strong><br data-start=\"1640\" data-end=\"1643\" \/>\ud83d\udcac <strong data-start=\"1646\"8-end\">S\u00fag\u00f3ra van sz\u00fcks\u00e9ge? \u00cdrjon nek\u00fcnk b\u00e1rmikor!<\/strong><\/p>\n","protected":false},"excerpt":{"rendered":"<p>Eredeti Lenovo ThinkPad T470 14&#8243; fels\u0151 LCD h\u00e1tlap (FRU: 00NY673). Ez az eredeti laptop alkatr\u00e9sz kiv\u00e1l\u00f3 \u00e1llapotban van, \u00e9s k\u00e9szen \u00e1ll a t\u00f6r\u00f6tt vagy s\u00e9r\u00fclt burkolat cser\u00e9j\u00e9re.<\/p>\n","protected":false},"featured_media":12302,"template":"","meta":[],"product_brand":[],"product_cat":[16],"product_tag":[26],"class_list":{"0":"post-12240","1":"product","2":"type-product","3":"status-publish","4":"has-post-thumbnail","6":"product_cat-laptop-housing","7":"product_tag-lenovo","9":"first","10":"instock","11":"taxable","12":"shipping-taxable","13":"purchasable","14":"product-type-simple"},"_links":{"self":[{"href":"https:\/\/boreait.com\/hu\/wp-json\/wp\/v2\/product\/12240","targetHints":{"allow":["GET"]}}],"collection":[{"href":"https:\/\/boreait.com\/hu\/wp-json\/wp\/v2\/product"}],"about":[{"href":"https:\/\/boreait.com\/hu\/wp-json\/wp\/v2\/types\/product"}],"wp:featuredmedia":[{"embeddable":true,"href":"https:\/\/boreait.com\/hu\/wp-json\/wp\/v2\/media\/12302"}],"wp:attachment":[{"href":"https:\/\/boreait.com\/hu\/wp-json\/wp\/v2\/media?parent=12240"}],"wp:term":[{"taxonomy":"product_brand","embeddable":true,"href":"https:\/\/boreait.com\/hu\/wp-json\/wp\/v2\/product_brand?post=12240"},{"taxonomy":"product_cat","embeddable":true,"href":"https:\/\/boreait.com\/hu\/wp-json\/wp\/v2\/product_cat?post=12240"},{"taxonomy":"product_tag","embeddable":true,"href":"https:\/\/boreait.com\/hu\/wp-json\/wp\/v2\/product_tag?post=12240"}],"curies":[{"name":"wp","href":"https:\/\/api.w.org\/{rel}","templated":true}]}}